{"id":122,"date":"2025-06-24T17:09:27","date_gmt":"2025-06-24T14:09:27","guid":{"rendered":"http:\/\/suomenreformijuutalaiset.org\/new\/?page_id=122"},"modified":"2025-10-28T01:57:35","modified_gmt":"2025-10-27T23:57:35","slug":"antisemitismi","status":"publish","type":"page","link":"https:\/\/suomenreformijuutalaiset.org\/new\/uskonto\/antisemitismi\/","title":{"rendered":"Antisemitismi"},"content":{"rendered":"\n<p class=\"has-medium-font-size\">Antisemitismin historia on k\u00e4yt\u00e4nn\u00f6ss\u00e4 yht\u00e4 pitk\u00e4 kuin juutalaisuudenkin. Eri aikoina sit\u00e4 on pyritty oikeuttamaan eri tekij\u00f6in, mutta valtav\u00e4est\u00f6st\u00e4 sinnikk\u00e4\u00e4sti kiinnipit\u00e4m\u00e4ll\u00e4\u00e4n uskonnolla, kulttuurillaan ja kielell\u00e4\u00e4n erottuneet juutalaiset ovat olleet kautta aikojen toiseutta edustava silm\u00e4tikku, joka kiristi vallanpit\u00e4jien hermoja jo ennen ajanlaskun alkua. T\u00e4st\u00e4 seuranneita tapahtumia kuvaillaan tarkemmin historiaosuudessa.<\/p>\n\n\n\n<p class=\"has-medium-font-size\">Yh\u00e4 t\u00e4n\u00e4\u00e4nkin k\u00e4yd\u00e4\u00e4n v\u00e4ittelyit\u00e4 siit\u00e4, mik\u00e4 on antisemitismi\u00e4 ja mik\u00e4 ei. Sille on laadittu kaksi \u201dvirallista\u201d m\u00e4\u00e4ritelm\u00e4\u00e4, joista kumpikaan ei ole t\u00e4ysin ongelmattomia, huolimatta siit\u00e4, ett\u00e4 n\u00e4ist\u00e4 j\u00e4lkimm\u00e4inen syntyi nimenomaan vastalauseena IHRAn m\u00e4\u00e4ritelm\u00e4n puutteille. Kumpikaan m\u00e4\u00e4ritelmist\u00e4 ei ole oikeudellisesti sitovia, mutta IHRAn m\u00e4\u00e4ritelm\u00e4 on n\u00e4ist\u00e4 vakiintuneempi. EU:n j\u00e4senvaltioista t\u00e4h\u00e4n menness\u00e4 25 on hyv\u00e4ksynyt sen. Suomi liittyi n\u00e4ihin maihin vuonna 2022.<\/p>\n\n\n\n<p class=\"has-medium-font-size\"><a href=\"https:\/\/holocaustremembrance.com\/resources\/kansainvalisen-holokaustin-muistoa-kunnioittavan-liiton-mallimaaritelma-antisemitismille\">Kansainv\u00e4lisen holokaustin muistoa kunnioittavan liiton (<em>International&nbsp;&nbsp;<\/em><\/a><em><a href=\"https:\/\/holocaustremembrance.com\/resources\/kansainvalisen-holokaustin-muistoa-kunnioittavan-liiton-mallimaaritelma-antisemitismille\">Holocaust Rememberance Alliance, IHRA) m\u00e4\u00e4ritelm\u00e4<\/a><\/em><\/p>\n\n\n\n<p class=\"has-medium-font-size\"><a href=\"https:\/\/jerusalemdeclaration.org\/\">Jerusalemin julistuksen m\u00e4\u00e4ritelm\u00e4<\/a><\/p>\n\n\n\n<figure class=\"wp-block-image size-full\"><img loading=\"lazy\" decoding=\"async\" width=\"600\" height=\"10\" src=\"http:\/\/suomenreformijuutalaiset.org\/new\/wp-content\/uploads\/2025\/10\/valirivi.jpg\" alt=\"\" class=\"wp-image-272\" srcset=\"https:\/\/suomenreformijuutalaiset.org\/new\/wp-content\/uploads\/2025\/10\/valirivi.jpg 600w, https:\/\/suomenreformijuutalaiset.org\/new\/wp-content\/uploads\/2025\/10\/valirivi-300x5.jpg 300w\" sizes=\"auto, (max-width: 600px) 100vw, 600px\" \/><\/figure>\n\n\n\n<h4 class=\"wp-block-heading\"><strong>Antisemitismin historiaa<\/strong><\/h4>\n\n\n\n<p class=\"has-medium-font-size\">Meid\u00e4n ajanlaskumme aikana antisemitismi on vain pahentunut ja saanut uusia muotoja. Alkuun se pohjautui uskonnollisiin syihin. Kristinuskon kasvaessa ja erkaantuessa juutalaisuudesta omaksi, l\u00e4hetysty\u00f6missionsa vuoksi laajalle levinneeksi uskonnokseen, eiv\u00e4t n\u00e4m\u00e4 voineet ymm\u00e4rt\u00e4\u00e4, miksi juutalaisuus kielt\u00e4ytyi pit\u00e4m\u00e4st\u00e4 Jeesusta Messiaana. Uskonnollisper\u00e4inen antisemitismi vahvistui kristinuskon noustessa v\u00e4hitellen Rooman valtakunnan viralliseksi uskonnoksi ja paheni my\u00f6s ristiretkien aikaan.<\/p>\n\n\n\n<p class=\"has-medium-font-size\">My\u00f6hemmin juutalaisten siirtyess\u00e4 eneneviss\u00e4 m\u00e4\u00e4rin diasporaan, kohdistui heihin ep\u00e4luuloa vallanpit\u00e4jien taholta. T\u00e4m\u00e4n antisemitismin taustalla vaikuttavat syyt olivat poliittisia, taloudellisia ja sosiaalisia. Juutalaisten uskonnolliset ja kansalaisoikeudet olivat rajalliset: heid\u00e4n ei annettu rakentaa synagogia, heid\u00e4n sallittiin toimia vain tietyiss\u00e4 ammateissa, he eiv\u00e4t saaneet omistaa maata heid\u00e4n annettiin asua vain tietyiss\u00e4 paikoissa. Ensimm\u00e4inen ghetto-nimityksen saanut, vain juutalaisille tarkoitettu suljettu asuinalue, perustettiin Venetsiaan 1500-luvulla. Juutalaisten tuli my\u00f6s k\u00e4ytt\u00e4\u00e4 erityisi\u00e4 ulkoisia merkkej\u00e4, joista heid\u00e4n tunnistettiin juutalaisiksi: Venetsiassa se oli keltainen lakki, muualla Italiassa keltainen O-kirjain. Ensimm\u00e4ist\u00e4 kertaa t\u00e4llaiset oli otettu k\u00e4ytt\u00f6\u00f6n muslimihallitsijoiden toimesta jo 800-luvulla, Euroopassa sit\u00e4 tavattiin ensimm\u00e4ist\u00e4 kertaa 1200-luvun ensimm\u00e4isin\u00e4 vuosikymmenin\u00e4.<\/p>\n\n\n\n<p class=\"has-medium-font-size\">Vaikka juutalaisia oppineita ja ammattilaisia &#8211; etenkin muslimihallitsijoiden alla &#8211; saatettiin joinain aikoina arvostaakin, eiv\u00e4t he olleet tasa-arvoisia n\u00e4ill\u00e4k\u00e4\u00e4n alueilla. Heid\u00e4t luokiteltiin <em>dhimmeiksi<\/em>, eli tietynlaiseksi suojelluksi, mutta yht\u00e4 kaikki alempiarvoiseksi ihmisryhm\u00e4ksi. Juutalaisten tuli maksaa erityist\u00e4 veroa, he eiv\u00e4t saaneet kantaa aseita ja, jotta he eiv\u00e4t olisi edes fyysisesti olleet hallitsevaa kansanosaa ylemp\u00e4n\u00e4, eiv\u00e4t he saaneet ratsastaa hevosella eiv\u00e4tk\u00e4 heid\u00e4n synagogansa saaneet olla moskeijoita korkeampia.<\/p>\n\n\n\n<p class=\"has-medium-font-size\">Muusta yhteiskunnasta erist\u00e4minen ei suinkaan v\u00e4hent\u00e4nyt juutalaisiin kohdistuneita ennakkoluuloja, p\u00e4invastoin. Mit\u00e4 v\u00e4hemm\u00e4n juutalaisia n\u00e4kyi yhteiskunnassa ja ihmisten p\u00e4ivitt\u00e4isess\u00e4 el\u00e4m\u00e4ss\u00e4 ja mit\u00e4 huonommin heid\u00e4n uskontoaan ja kulttuuriaan tunnettiin, sit\u00e4 helpompi oli levitt\u00e4\u00e4 valheellista propagandaa. Yksi yleisimmist\u00e4 oli v\u00e4itteet juutalaisten veriuhreista: ett\u00e4 n\u00e4m\u00e4 uhrasivat kristittyj\u00e4 ja k\u00e4yttiv\u00e4t n\u00e4iden verta palvontamenoissaan tai, joidenkin mukaan, nauttivat t\u00e4t\u00e4 verta. N\u00e4m\u00e4 yleistyiv\u00e4t keskiajalla ja niiden varjolla mobilisoitiin paikoin hyvinkin mittaviksi yltyneit\u00e4 vainoja ja massamurhia.<\/p>\n\n\n\n<p class=\"has-medium-font-size\">Juutalaisten itsens\u00e4 sis\u00e4ist\u00e4m\u00e4 antisemitismi on johtanut my\u00f6s juutalaisuudesta luopumiseen sek\u00e4 sen piilotteluun. 1800-luvulla yli 200&nbsp;000 Euroopan juutalaista p\u00e4\u00e4tyi k\u00e4\u00e4ntym\u00e4\u00e4n kristinuskoon, koska se n\u00e4htiin ainoaksi keinoksi tulla hyv\u00e4ksytyksi yhteiskunnassa tasavertaisena ihmisen\u00e4. Ratkaisuun vaikuttivat my\u00f6s k\u00e4yt\u00e4nn\u00f6n syyt: juutalaisten ei ollut mahdollista opiskella tai harjoittaa tiettyj\u00e4 ammatteja; p\u00e4\u00e4st\u00e4 esimerkiksi professoriksi tai toimia virkamiehen\u00e4. J\u00e4lkimm\u00e4isest\u00e4 esimerkki on siin\u00e4, kuinka juutalaiset ovat vaihtaneet sukunimens\u00e4 v\u00e4hemm\u00e4n juutalaiselta kuulostaviin. T\u00e4t\u00e4 tapahtui etenkin It\u00e4-Euroopan juutalaisten muuttaessa paremman el\u00e4m\u00e4n per\u00e4ss\u00e4 Yhdysvaltoihin 1800- ja 1900-lukujen vaihteessa. Hyvin pian hekin saivat huomata, ett\u00e4 mik\u00e4li heit\u00e4 pidett\u00e4isiin ei-juutalaisina, olivat ovet heille ihan eri lailla auki.<\/p>\n\n\n\n<p class=\"has-medium-font-size\">Antisemitismi\u00e4 harjoittavat tahot my\u00f6s sivuuttivat t\u00e4ysin oman roolinsa ilke\u00e4mielisiss\u00e4 juutalaisissa stereotypioissa, joita n\u00e4kyi niin julisteissa kuin pilapiirroksissa. Yksi harvoista ammateista, miss\u00e4 juutalaisten annettiin toimia, oli rahanlainaus, mink\u00e4 seurauksena juutalaiset leimattiin rahanahneiksi kiskureiksi. Juutalaisiin kohdistuva syrjint\u00e4 ja mustamaalaus mahdollisti my\u00f6s heid\u00e4n syytt\u00e4misens\u00e4 ilmi\u00f6ist\u00e4, joille muuten ei l\u00f6ytynyt mieluisaa selityst\u00e4. Niinp\u00e4 juutalaisista tuli syntipukki niin 1300-luvun puoliv\u00e4liss\u00e4 Euroopan v\u00e4est\u00f6st\u00e4 30 -50 % tappaneelle ruttoepidemialle kuin my\u00f6hemmin 1930-luvulla Saksan ensimm\u00e4isen maailmansodan h\u00e4vi\u00f6st\u00e4 johtuvalle taloudelliselle ahdingolle.<\/p>\n\n\n\n<p class=\"has-medium-font-size\">Natsi-Saksan my\u00f6t\u00e4 antisemitismi sai 1900-luvulla uuden, rodullisen ulottuvuuden. Nyt juutalaisiin kohdistettua vihaa perusteltiin sill\u00e4, ett\u00e4 juutalaiset \u2013 muutaman muun v\u00e4est\u00f6nosan ohella \u2013 katsottiin Saksan johtoon nousseen Adolf Hitlerin rotupuhtausideologiassa alempiarvoiseksi ja siten elinkelvottomaksi roduksi. Seuraukset olivat tuhoisat. T\u00e4st\u00e4 lis\u00e4\u00e4 holokausti-osiossa.<\/p>\n\n\n\n<figure class=\"wp-block-image size-full\"><img loading=\"lazy\" decoding=\"async\" width=\"600\" height=\"10\" src=\"http:\/\/suomenreformijuutalaiset.org\/new\/wp-content\/uploads\/2025\/10\/valirivi.jpg\" alt=\"\" class=\"wp-image-272\" srcset=\"https:\/\/suomenreformijuutalaiset.org\/new\/wp-content\/uploads\/2025\/10\/valirivi.jpg 600w, https:\/\/suomenreformijuutalaiset.org\/new\/wp-content\/uploads\/2025\/10\/valirivi-300x5.jpg 300w\" sizes=\"auto, (max-width: 600px) 100vw, 600px\" \/><\/figure>\n\n\n<div class=\"wp-block-image\">\n<figure class=\"aligncenter size-full\"><img loading=\"lazy\" decoding=\"async\" width=\"800\" height=\"514\" src=\"http:\/\/suomenreformijuutalaiset.org\/new\/wp-content\/uploads\/2025\/10\/Magen-David_closeup_vaaka_pexels-cottonbro-4040841.jpg\" alt=\"\" class=\"wp-image-530\" srcset=\"https:\/\/suomenreformijuutalaiset.org\/new\/wp-content\/uploads\/2025\/10\/Magen-David_closeup_vaaka_pexels-cottonbro-4040841.jpg 800w, https:\/\/suomenreformijuutalaiset.org\/new\/wp-content\/uploads\/2025\/10\/Magen-David_closeup_vaaka_pexels-cottonbro-4040841-300x193.jpg 300w, https:\/\/suomenreformijuutalaiset.org\/new\/wp-content\/uploads\/2025\/10\/Magen-David_closeup_vaaka_pexels-cottonbro-4040841-768x493.jpg 768w, https:\/\/suomenreformijuutalaiset.org\/new\/wp-content\/uploads\/2025\/10\/Magen-David_closeup_vaaka_pexels-cottonbro-4040841-700x450.jpg 700w\" sizes=\"auto, (max-width: 800px) 100vw, 800px\" \/><figcaption class=\"wp-element-caption\"><em>EU:n perusoikeusviraston tekem\u00e4t tutkimukset kertovat, etteiv\u00e4t juutalaiset Euroopassa voi el\u00e4\u00e4 avoimesti ilman pelkoa turvallisuutensa puolesta.<\/em><\/figcaption><\/figure>\n<\/div>\n\n\n<figure class=\"wp-block-image size-full\"><img loading=\"lazy\" decoding=\"async\" width=\"600\" height=\"10\" src=\"http:\/\/suomenreformijuutalaiset.org\/new\/wp-content\/uploads\/2025\/10\/valirivi.jpg\" alt=\"\" class=\"wp-image-272\" srcset=\"https:\/\/suomenreformijuutalaiset.org\/new\/wp-content\/uploads\/2025\/10\/valirivi.jpg 600w, https:\/\/suomenreformijuutalaiset.org\/new\/wp-content\/uploads\/2025\/10\/valirivi-300x5.jpg 300w\" sizes=\"auto, (max-width: 600px) 100vw, 600px\" \/><\/figure>\n\n\n\n<p><strong>Antisemitismi t\u00e4n\u00e4\u00e4n<\/strong><\/p>\n\n\n\n<p class=\"has-medium-font-size\">Sittemmin antisemitismi on saanut viel\u00e4 uuden motivaation: Israelin valtion syntymisen, olemassaolon ja harjoittaman politiikan. Antisemitistiset kokemukset ovat lis\u00e4\u00e4ntyneet ymp\u00e4ri maailman lokakuussa terroristij\u00e4rjest\u00f6 Hamasin hy\u00f6kk\u00e4yksest\u00e4 Israelissa lokakuussa 2023 alkaneen sodan j\u00e4lkeen.<\/p>\n\n\n\n<p class=\"has-medium-font-size\">Moni v\u00e4itt\u00e4\u00e4, ettei ole antisemitistinen, vaan antiosionisti, mutta antisionismi on antisemitismi\u00e4 selkeimmill\u00e4\u00e4n: antisionismi tarkoittaa sit\u00e4, ett\u00e4 toisin kuin muilla maailman kansoilla, ei yhdell\u00e4 kansalla olisi oikeutta vapauteen, itsem\u00e4\u00e4r\u00e4\u00e4misoikeuteen ja omaan valtioon, joka heit\u00e4 suojelee. N\u00e4m\u00e4 perustavaa laatua olevat oikeudet kiist\u00e4m\u00e4ll\u00e4 ajattelu siis asettaa tuon yhden kansan eli juutalaiset eri- ja v\u00e4hempiarvoiseen asemaan, eli k\u00e4ytt\u00e4\u00e4 nimenomaan juutalaisuutta syrjinn\u00e4n perusteena.<\/p>\n\n\n\n<p class=\"has-medium-font-size\">Niin retoriikassa kuin k\u00e4yt\u00e4nn\u00f6n toimissa, mm. vandalismissa n\u00e4kyv\u00e4ll\u00e4 antisemitismill\u00e4 on tapana lis\u00e4\u00e4nty\u00e4 L\u00e4hi-id\u00e4n poliittisen tilanteen kiristyess\u00e4, kuten sotien aikaan. Toinen n\u00e4kyv\u00e4 antisemitismin muoto on tiettyjen \u00e4\u00e4rioikeistolaisten pyrkimys kiist\u00e4\u00e4 holokaustin todenper\u00e4isyys.<\/p>\n\n\n\n<p class=\"has-medium-font-size\">Vajassa 40 maassa viharikokset raportoidaan ja tilastoidaan vuosittain. Yhdysvalloissa on t\u00e4st\u00e4 pisin historia ja <a href=\"https:\/\/www.fbi.gov\/how-we-can-help-you\/more-fbi-services-and-information\/ucr\/publications#Hate-Crime%20Statistics\">tuoreimmat tilastot<\/a> ovat vuodelta 2019. Rikoksista n. 20 prosentissa motivaationa oli uskontoon perustuva viha, n\u00e4ist\u00e4 yli 60 prosenttia kohdistui juutalaisiin. Euroopan turvallisuus- ja yhteisty\u00f6j\u00e4rjest\u00f6 Etyjin <a href=\"https:\/\/hatecrime.osce.org\/infocus\/2022-hate-crime-data-now-available\">tuoreimmat viharikostilastot<\/a> ovat vuodelta 2022. Heille raportoiduista 4429 tapauksesta yli nelj\u00e4sosa oli antisemitismin motivoima, tehden siit\u00e4 toiseksi yleisimm\u00e4n syyn.<\/p>\n\n\n\n<p class=\"has-medium-font-size\">Ei ole liioiteltua v\u00e4itt\u00e4\u00e4 jokaisen juutalaisen kohdanneen jossain el\u00e4m\u00e4ns\u00e4 vaiheessa antisemitismi\u00e4. Tapaukset vaihtelevat nimittelyst\u00e4 suoraan tai ep\u00e4suoraan syrjint\u00e4\u00e4n, v\u00e4kivaltaan tai sill\u00e4 uhkailuun. Erityisen vahvana se n\u00e4kyy internetiss\u00e4 ja sosiaalisessa mediassa.<\/p>\n\n\n\n<figure class=\"wp-block-image size-full\"><img loading=\"lazy\" decoding=\"async\" width=\"600\" height=\"10\" src=\"http:\/\/suomenreformijuutalaiset.org\/new\/wp-content\/uploads\/2025\/10\/valirivi.jpg\" alt=\"\" class=\"wp-image-272\" srcset=\"https:\/\/suomenreformijuutalaiset.org\/new\/wp-content\/uploads\/2025\/10\/valirivi.jpg 600w, https:\/\/suomenreformijuutalaiset.org\/new\/wp-content\/uploads\/2025\/10\/valirivi-300x5.jpg 300w\" sizes=\"auto, (max-width: 600px) 100vw, 600px\" \/><\/figure>\n\n\n\n<h4 class=\"wp-block-heading\"><strong>Antisemitismi Suomessa<\/strong><\/h4>\n\n\n\n<p class=\"has-medium-font-size\">Yht\u00e4l\u00e4iset kansalaisoikeudet eiv\u00e4t ole Suomessakaan taanneet juutalaisille turvaa antisemitismilt\u00e4, joka on kasvanut etenkin viime vuosina. <a>EU:n perusoikeusviraston marraskuulta 2021 per\u00e4isin oleva <\/a><a href=\"https:\/\/fra.europa.eu\/en\/news\/2021\/antisemitism-data-gaps-continue-hide-true-picture\">raportti<\/a> kertoo antisemitismin kasvaneen maailmanlaajuisen koronapandemian aikana. Raportti my\u00f6s kertoo antisemitismin olevan niin arkip\u00e4iv\u00e4ist\u00e4, ett\u00e4 suurin osa juutalaisvihamielisyyden motivoimista teoista ja viharikoksista j\u00e4\u00e4 raportoimatta.<\/p>\n\n\n\n<p class=\"has-medium-font-size\">My\u00f6s <a>Sis\u00e4ministeri\u00f6n julkaisema Kansallisen v\u00e4kivaltaisen radikalisoitumisen ja ekstremismin ennalta ehk<\/a>\u00e4isyn <a href=\"https:\/\/julkaisut.valtioneuvosto.fi\/bitstream\/handle\/10024\/162073\/SM_2020_1.pdf\">toimenpideohjelma<\/a> 2019\u20132023 toteaa suomalaisiin juutalaisyhteis\u00f6ihin kohdistuvien uhkien kasvaneen. Samaa kertoo my\u00f6s Suomessa <a>Ihmisoikeuskeskuksen ja Valtioneuvoston alkuvuodesta 2024 teett\u00e4m\u00e4 <\/a><a href=\"https:\/\/bin.yhdistysavain.fi\/1586428\/RWMi5qFyISAkQRjVPSEY0aINBa\/Antisemitismiselvitys%202024.pdf\">selvitys<\/a>. Yli 80 prosenttia siihen haastatelluista kokee antisemitismin kasvaneen viimeisen viiden vuoden aikana. My\u00f6s Suomessa suurimmaksi ongelmaksi koettiin verkossa ilmenev\u00e4 viha, mink\u00e4 lis\u00e4ksi esiin nostettiin sen rooli mediassa ja politiikassa.<\/p>\n\n\n\n<p class=\"has-medium-font-size\">Lis\u00e4ksi selvitys huomauttaa eri hallitusten rasisminvastaisten ohjelmien toimenpiteiden olevan antisemitismin kohdalla riitt\u00e4m\u00e4tt\u00f6mi\u00e4: vaikka sek\u00e4 antisemitismiss\u00e4 ja rasismissa on yhteisi\u00e4 piirteit\u00e4, ei rasismi ei yleens\u00e4 ilmene salaliittoajatteluna, kun taas antisemitismille se on tyypillist\u00e4. T\u00e4h\u00e4n kuuluvat niin v\u00e4itteet siit\u00e4, kuinka juutalaiset joko hallitsevat maailmaa tai pyrkiv\u00e4t siihen, samoin kuin holokaustin kiist\u00e4minen. Juutalaisten on v\u00e4itetty olleen mm. WTC-iskujen taustalla, samoin koronapandemiaa tai erityisesti silt\u00e4 suojautumista vastaan kehitettyj\u00e4 rokotusohjelmaa v\u00e4itettiin rokotekriittisiss\u00e4 piireiss\u00e4 \u201dsionistisen globalistielitistisen salaliiton\u201d tekeleeksi. N\u00e4ill\u00e4 on tapana saada sijaa etenkin internetiss\u00e4. Haastatellut nostivat esiin my\u00f6s pettymyksens\u00e4 siihen, ett\u00e4 antisemitismi\u00e4 esiintyy my\u00f6s rasismin vastustajien puheenvuoroissa.<\/p>\n\n\n\n<p class=\"has-medium-font-size\">Antisemitismi ja sen pelko vaikuttaa ihmisten arkeen niin, ett\u00e4 melkein puolet v\u00e4ltti juutalaisissa tapahtumissa k\u00e4ymist\u00e4. Liki 40 prosenttia kertoi olevansa k\u00e4ytt\u00e4m\u00e4tt\u00e4 koruja tai muuta esineist\u00f6\u00e4, jonka perusteella heid\u00e4t voitaisiin tunnistaa juutalaisiksi. Perinteisesti uhka on tullut \u00e4\u00e4rioikeiston suunnalta, mutta Israelin ja Palestiinan v\u00e4linen konflikti &#8211; etenkin lokakuussa 2023 alkanut sota &#8211; on tuonut vihamiehi\u00e4 my\u00f6s muista leireist\u00e4.<\/p>\n\n\n\n<p class=\"has-medium-font-size\">Helsingin synagoga saa osakseen uhkailuviestej\u00e4 ja ilkivaltaa kuukausittain, mink\u00e4 vuoksi sen vartioinnin vaatimat turvallisuuskulut ovat nousseet merkitt\u00e4v\u00e4sti. Kuluja on pyritty kattamaan mm. erin\u00e4isin ker\u00e4yksin, mutta niiden kasvettua ja uhan muututtua entist\u00e4 todenn\u00e4k\u00f6isemm\u00e4ksi on niit\u00e4 varten my\u00f6nnetty avustus liitetty osaksi valtion tulo- ja menoarviota.<\/p>\n\n\n\n<p class=\"has-medium-font-size\">Kristalliy\u00f6n vuosip\u00e4iv\u00e4n\u00e4 marraskuussa 2021 seurakunnan aidalle tuotiin nimet\u00f6n kukkal\u00e4hetys, jonka mukana tullut viesti toisti Auschwitzin pahamaineisen tuhoamisleirin portista kaikkien tuntemaksi nousseet sanat \u201dArbeit macht frei\u201d. T\u00e4m\u00e4n lis\u00e4ksi niin synagogaan kuin Israelin suurl\u00e4hetyst\u00f6\u00f6n on viime vuosina kiinnitetty Hitlerin kuvia, natsien juutalaisvainoille kunniaa tekevi\u00e4 tarroja ja seurakunnan kiinteist\u00f6\u00e4 on t\u00f6hritty. H\u00e4p\u00e4isylt\u00e4 ei ole s\u00e4\u00e4stynyt my\u00f6sk\u00e4\u00e4n Haminan muuten varsin huonosti tunnettu hautausmaa, jossa huhtikuussa 2020 kaadettiin yksi hautakivi ja toiseen maalattiin iso valkoinen hakaristi.<\/p>\n\n\n\n<p class=\"has-medium-font-size\">Turvallisuuskysymyksi\u00e4 joudutaan jatkuvasti miettim\u00e4\u00e4n my\u00f6s Or HaTzafonin kokoontumisia j\u00e4rjestett\u00e4ess\u00e4 ja niist\u00e4 ulkopuolisille tietoa annettaessa, mik\u00e4 on pienin resurssein toimivan, mutta samalla avoimuuteen pyrkiv\u00e4n yhteis\u00f6n kohdalla hyvin haastavaa.<\/p>\n\n\n\n<figure class=\"wp-block-image size-full\"><img loading=\"lazy\" decoding=\"async\" width=\"600\" height=\"10\" src=\"http:\/\/suomenreformijuutalaiset.org\/new\/wp-content\/uploads\/2025\/10\/valirivi.jpg\" alt=\"\" class=\"wp-image-272\" srcset=\"https:\/\/suomenreformijuutalaiset.org\/new\/wp-content\/uploads\/2025\/10\/valirivi.jpg 600w, https:\/\/suomenreformijuutalaiset.org\/new\/wp-content\/uploads\/2025\/10\/valirivi-300x5.jpg 300w\" sizes=\"auto, (max-width: 600px) 100vw, 600px\" \/><\/figure>\n\n\n<div class=\"wp-block-image\">\n<figure class=\"aligncenter size-full\"><img loading=\"lazy\" decoding=\"async\" width=\"800\" height=\"533\" src=\"http:\/\/suomenreformijuutalaiset.org\/new\/wp-content\/uploads\/2025\/10\/antisemitismi.jpg\" alt=\"\" class=\"wp-image-531\" srcset=\"https:\/\/suomenreformijuutalaiset.org\/new\/wp-content\/uploads\/2025\/10\/antisemitismi.jpg 800w, https:\/\/suomenreformijuutalaiset.org\/new\/wp-content\/uploads\/2025\/10\/antisemitismi-300x200.jpg 300w, https:\/\/suomenreformijuutalaiset.org\/new\/wp-content\/uploads\/2025\/10\/antisemitismi-768x512.jpg 768w, https:\/\/suomenreformijuutalaiset.org\/new\/wp-content\/uploads\/2025\/10\/antisemitismi-700x466.jpg 700w\" sizes=\"auto, (max-width: 800px) 100vw, 800px\" \/><figcaption class=\"wp-element-caption\"><em>Antisemitismin pelossa niin Euroopan kuin Suomen juutalaiset joutuvat peittelem\u00e4\u00e4n juutalaisuuttaan eik\u00e4 katukuvassa juurikaan n\u00e4y esimerkiksi kipoja tai juutalaisia koruja.<\/em><\/figcaption><\/figure>\n<\/div>","protected":false},"excerpt":{"rendered":"<p>Antisemitismin historia on k\u00e4yt\u00e4nn\u00f6ss\u00e4 yht\u00e4 pitk\u00e4 kuin juutalaisuudenkin. Eri aikoina sit\u00e4 on pyritty oikeuttamaan eri tekij\u00f6in, mutta valtav\u00e4est\u00f6st\u00e4 sinnikk\u00e4\u00e4sti kiinnipit\u00e4m\u00e4ll\u00e4\u00e4n uskonnolla, kulttuurillaan ja kielell\u00e4\u00e4n erottuneet juutalaiset ovat olleet kautta aikojen toiseutta edustava silm\u00e4tikku, joka kiristi vallanpit\u00e4jien hermoja jo ennen ajanlaskun alkua. T\u00e4st\u00e4 seuranneita tapahtumia kuvaillaan tarkemmin historiaosuudessa. Yh\u00e4 t\u00e4n\u00e4\u00e4nkin k\u00e4yd\u00e4\u00e4n v\u00e4ittelyit\u00e4 siit\u00e4, mik\u00e4 on antisemitismi\u00e4 [&hellip;]<\/p>\n","protected":false},"author":1,"featured_media":0,"parent":50,"menu_order":6,"comment_status":"closed","ping_status":"closed","template":"","meta":{"footnotes":""},"class_list":["post-122","page","type-page","status-publish","hentry"],"_links":{"self":[{"href":"https:\/\/suomenreformijuutalaiset.org\/new\/wp-json\/wp\/v2\/pages\/122","targetHints":{"allow":["GET"]}}],"collection":[{"href":"https:\/\/suomenreformijuutalaiset.org\/new\/wp-json\/wp\/v2\/pages"}],"about":[{"href":"https:\/\/suomenreformijuutalaiset.org\/new\/wp-json\/wp\/v2\/types\/page"}],"author":[{"embeddable":true,"href":"https:\/\/suomenreformijuutalaiset.org\/new\/wp-json\/wp\/v2\/users\/1"}],"replies":[{"embeddable":true,"href":"https:\/\/suomenreformijuutalaiset.org\/new\/wp-json\/wp\/v2\/comments?post=122"}],"version-history":[{"count":5,"href":"https:\/\/suomenreformijuutalaiset.org\/new\/wp-json\/wp\/v2\/pages\/122\/revisions"}],"predecessor-version":[{"id":554,"href":"https:\/\/suomenreformijuutalaiset.org\/new\/wp-json\/wp\/v2\/pages\/122\/revisions\/554"}],"up":[{"embeddable":true,"href":"https:\/\/suomenreformijuutalaiset.org\/new\/wp-json\/wp\/v2\/pages\/50"}],"wp:attachment":[{"href":"https:\/\/suomenreformijuutalaiset.org\/new\/wp-json\/wp\/v2\/media?parent=122"}],"curies":[{"name":"wp","href":"https:\/\/api.w.org\/{rel}","templated":true}]}}