{"id":127,"date":"2025-06-24T17:13:01","date_gmt":"2025-06-24T14:13:01","guid":{"rendered":"http:\/\/suomenreformijuutalaiset.org\/new\/?page_id=127"},"modified":"2025-10-28T01:21:53","modified_gmt":"2025-10-27T23:21:53","slug":"holokausti","status":"publish","type":"page","link":"https:\/\/suomenreformijuutalaiset.org\/new\/uskonto\/holokausti\/","title":{"rendered":"Holokausti"},"content":{"rendered":"\n<p class=\"has-medium-font-size\">Holokausti on ihmiskunnan suurin, yhden tai useamman ihmisryhm\u00e4n h\u00e4vitt\u00e4miseen t\u00e4ht\u00e4\u00e4v\u00e4 kansanmurha, jonka laajuutta ja pahantahtoisuutta on vaikea ymm\u00e4rt\u00e4\u00e4 t\u00e4n\u00e4k\u00e4\u00e4n p\u00e4iv\u00e4n\u00e4.<\/p>\n\n\n\n<p class=\"has-medium-font-size\">Juutalaisten lis\u00e4ksi siin\u00e4 murhattiin niin romaneja, seksuaaliv\u00e4hemmist\u00f6j\u00e4 kuin vammaisia. Natsi-Saksan vuosina 1941\u20131945 toteuttamassa holokaustissa tapettiin yhteens\u00e4 noin 10 miljoonaa ihmist\u00e4. Uhreista ainakin kuusi miljoonaa oli juutalaisia ja siin\u00e4 menehtyi kaikkiaan 2\/3 Euroopan juutalaisista.<\/p>\n\n\n\n<figure class=\"wp-block-image size-full\"><img loading=\"lazy\" decoding=\"async\" width=\"600\" height=\"10\" src=\"http:\/\/suomenreformijuutalaiset.org\/new\/wp-content\/uploads\/2025\/10\/valirivi.jpg\" alt=\"\" class=\"wp-image-272\" srcset=\"https:\/\/suomenreformijuutalaiset.org\/new\/wp-content\/uploads\/2025\/10\/valirivi.jpg 600w, https:\/\/suomenreformijuutalaiset.org\/new\/wp-content\/uploads\/2025\/10\/valirivi-300x5.jpg 300w\" sizes=\"auto, (max-width: 600px) 100vw, 600px\" \/><\/figure>\n\n\n\n<h4 class=\"wp-block-heading\"><strong>Taustaa<\/strong><\/h4>\n\n\n\n<p class=\"has-medium-font-size\">1930-luvulle tultaessa juutalaiset olivat asuneet Euroopassa jo kahden tuhannen vuoden ajan. Saksassa juutalaisia asui puoli miljoonaa ja siltikin he muodostivat alle prosentin koko maan v\u00e4est\u00f6st\u00e4. Se ei kuitenkaan est\u00e4nyt 1934 Saksan johtoon noussutta Adolf Hitleri\u00e4 valitsemasta heit\u00e4 syntipukiksi kaikkiin Saksan silloisiin ongelmiin.<\/p>\n\n\n\n<p class=\"has-medium-font-size\">Ongelmia Saksalla toki oli, etenkin taloudellisia, mutta niiden syyt olivat ihan muualla. 1918 p\u00e4\u00e4ttyneen ensimm\u00e4isen maailmansodan h\u00e4vi\u00f6 oli ollut Saksalle n\u00f6yryytt\u00e4v\u00e4 kokemus, jossa he menettiv\u00e4t eniten sotilaitaan, suurvalta-asemansa sek\u00e4 lopulta my\u00f6s kasvonsa: Versailles\u2019n rauhassa Saksa nimettiin koko sodan syyp\u00e4\u00e4ksi ja tuomittiin maksamaan sotakorvauksia, jotka romahduttivat maan talouden. Hitlerin kansallissosialistinen ideologia onnistui myym\u00e4\u00e4n saksalaisille ajatuksen siit\u00e4, ett\u00e4 avain suurvallaksi ja taloudellisen hyvinvointiin paluuseen oli hankkiutua eroon maan juutalaisista. Vaikka h\u00e4nell\u00e4 ei aluksi<br>ollut juurikaan kannatusta, maailmantalouden romahdettua ja aiheutettua<br>Saksassa suurty\u00f6tt\u00f6myyden sek\u00e4 hyperinflaation onnistuivat kansallissosialistit<br>p\u00e4\u00e4sem\u00e4\u00e4n valta-asemaan.<\/p>\n\n\n\n<p class=\"has-medium-font-size\">Valtaan p\u00e4\u00e4sty\u00e4\u00e4n Hitler aloitti maan juutalaisv\u00e4hemmist\u00f6\u00f6n kohdistuvat sortotoimensa ns. N\u00fcrnbergin lakien muodossa. He eiv\u00e4t en\u00e4\u00e4 saaneet palvella armeijassa, toimia virkamiehin\u00e4 tai harjoittaa useaa muutakaan ammattia. N\u00e4ihin kuuluivat mm. koulutus ja l\u00e4\u00e4ketiede. Juutalaisten kirjailijoiden teokset kiellettiin, juutalaisten omistamia liikkeit\u00e4 k\u00e4skettiin boikotoimaan, niit\u00e4 vastaan hy\u00f6k\u00e4ttiin ja lopulta juutalaiset joutuivat luovuttamaan ne \u201darjalaisk\u00e4siin\u201d. Juutalaiset lapset heitettiin ulos kouluista, eiv\u00e4tk\u00e4 juutalaiset lopulta saaneet edes tilata sanomalehti\u00e4. Rajoitukset ulottuvat my\u00f6s yksityisel\u00e4m\u00e4n puolelle: juutalaiset eiv\u00e4t en\u00e4\u00e4 saaneet avioitua kenenk\u00e4\u00e4n muun kuin juutalaisen kanssa, mink\u00e4 lis\u00e4ksi my\u00f6s muut suhteet oli ankarasti kielletty. T\u00e4ysivaltaiset kansalaisoikeudet omatakseen oli ihmisen Natsi-Saksassa oltava arjalaisverta. Kaikki muut katsottiin valtion alamaisiksi ilman oikeuksia, sill\u00e4 heid\u00e4t luokiteltiin rotupuhtaan valtion vihollisiksi.<\/p>\n\n\n\n<p class=\"has-medium-font-size\">El\u00e4m\u00e4st\u00e4 Saksassa tuli mahdotonta, mik\u00e4 sai monet juutalaiset tekem\u00e4\u00e4n raskaan p\u00e4\u00e4t\u00f6ksen kotimaansa j\u00e4tt\u00e4misest\u00e4. Viel\u00e4 t\u00e4ss\u00e4 vaiheessa se oli mahdollista, mutta hintalappu oli kova: juutalaiset joutuivat l\u00e4htiess\u00e4\u00e4n luovuttamaan jopa 90 prosenttia omaisuudestaan \u201dveroina\u201d. Pian ongelmaksi nousi my\u00f6s se, ettei maailmassa juurikaan ollut en\u00e4\u00e4 maita, jotka olisivat suostuneet ottamaan vastaan juutalaispakolaisia. 1938 Sveitsi jopa pyysi Saksaa merkitsem\u00e4\u00e4n juutalaisten passit J-kirjaimella, jotta n\u00e4m\u00e4 osaisivat k\u00e4\u00e4nnytt\u00e4\u00e4 heid\u00e4t jo rajalla.<\/p>\n\n\n\n<p class=\"has-medium-font-size\">Natsit harkitsivat my\u00f6s erin\u00e4isi\u00e4 pakkosiirtokeinoja, jolla kaikki saksanjuutalaiset olisi saatu karkotettua, mutta t\u00e4m\u00e4n osoittauduttua mahdottomaksi, p\u00e4\u00e4dyttiin toisenlaiseen, lopulliseen ratkaisuun. T\u00e4m\u00e4, eli juutalaisten eliminointi heid\u00e4t murhaamalla, alkoi vuonna 1941 ja ulottui lopulta koko Euroopan juutalaisiin.<\/p>\n\n\n\n<figure class=\"wp-block-image size-full\"><img loading=\"lazy\" decoding=\"async\" width=\"600\" height=\"10\" src=\"http:\/\/suomenreformijuutalaiset.org\/new\/wp-content\/uploads\/2025\/10\/valirivi.jpg\" alt=\"\" class=\"wp-image-272\" srcset=\"https:\/\/suomenreformijuutalaiset.org\/new\/wp-content\/uploads\/2025\/10\/valirivi.jpg 600w, https:\/\/suomenreformijuutalaiset.org\/new\/wp-content\/uploads\/2025\/10\/valirivi-300x5.jpg 300w\" sizes=\"auto, (max-width: 600px) 100vw, 600px\" \/><\/figure>\n\n\n\n<h4 class=\"wp-block-heading\"><strong>Miljoonia murhattuja<\/strong><\/h4>\n\n\n\n<p class=\"has-medium-font-size\">Hitlerin tavoitteiden megalomaanisuudesta saatiin vihi\u00e4 jo tammikuussa 1939, jolloin h\u00e4nvaltiop\u00e4ivill\u00e4 pit\u00e4m\u00e4ss\u00e4\u00e4n puheessa ennakoi toista maailmansotaa ja sanoi mahdollisen sodan merkitsev\u00e4n koko Euroopan juutalaisten h\u00e4vitt\u00e4mist\u00e4.<\/p>\n\n\n\n<p class=\"has-medium-font-size\">Hitlerin liittolaisten kautta antisemitistinen lains\u00e4\u00e4d\u00e4nt\u00f6 otettiin k\u00e4ytt\u00f6\u00f6n my\u00f6s muissa Euroopan maissa. Syyskuun lopulla 1939 Saksa hy\u00f6kk\u00e4si Puolaan, aloittaen toisen maailmansodan, ja alkoi karkottaa sinne juutalaisia my\u00f6s It\u00e4vallasta ja Tsekkoslovakiasta. Ensimm\u00e4inen ghetto Puolaan perustettiin jo enne lokakuun loppua.<\/p>\n\n\n\n<p class=\"has-medium-font-size\">V\u00e4h\u00e4n my\u00f6hemmin juutalaisten t\u00e4ytyi alkaa k\u00e4ytt\u00e4\u00e4 keltaista t\u00e4hte\u00e4 tai hihanauhaa. Syyskuunalussa 1941 t\u00e4h\u00e4n pakotettiin my\u00f6s saksanjuutalaiset ja saman kuun lopussa suoritettiin ensimm\u00e4inen varsinainen joukkomurha Ukrainan Bab Yarissa. Tapettuja oli 33&nbsp;000. Viel\u00e4 tuolloin juutalaiset ammuttiin, mutta samaan aikaan suunnitteilla olleen Wannseen &nbsp; kokouksessa, jossa paitsi allekirjoitettiin Euroopan juutalaisten kuolemantuomio, my\u00f6s lanseerattiin liikkuvia teloitusjoukkoja tehokkaampi keino: tuhoamisleirit.<\/p>\n\n\n\n<p class=\"has-medium-font-size\">Ensimm\u00e4iset keskitysleirit (Dachau 1933, Sachsenhausen 1936, Buchenwald 1937) oli perustettu jo vuosia aiemmin, mutta viel\u00e4 tuolloin niit\u00e4 k\u00e4ytettiin Hitlerin poliittisten vastustajien rankaisemiseksi. Puolassa sijainnut Auschwitz oli perustettu 1940 ja my\u00f6s Birkenauna tunnettu Auschwitz II vuonna 1941. N\u00e4ihin kuljetetut siviilit olivat l\u00e4hinn\u00e4 puolalaisia, kunnes juutalaisten pakkokuljetukset alkoivat vuoden 1942 alkupuolella. Osa juutalaisista tapettiin saman tien Auschwitziin saapumisen j\u00e4lkeen kaasukammioissa, osa joutui pakkoty\u00f6h\u00f6n. Joukkotuhontaa mm. kaasua k\u00e4ytt\u00e4m\u00e4ll\u00e4 oli k\u00e4ytetty jo aiemmin puhtaasti tuhoamistarkoitukseen rakennetuilla paljon pienemmill\u00e4 Belzec:in, Sobibor:in<br>ja Treblinkan leireill\u00e4.<\/p>\n\n\n\n<p class=\"has-medium-font-size\">Keskitysleirien asukkaat n\u00e4kiv\u00e4t n\u00e4lk\u00e4\u00e4, mik\u00e4 alkeellisiin oloihin yhdistettyn\u00e4 johti tappavien kulkutautien levi\u00e4miseen. Lis\u00e4ksi keskitysleireille tuotuihin kohdistettiin muuta sadistista v\u00e4kivaltaa ja heit\u00e4 k\u00e4ytettiin ep\u00e4inhimillisiss\u00e4 l\u00e4\u00e4ketieteellisiss\u00e4 kokeissa. Kaikkiaan holokaustissa tapettiin noin kuusi miljoona juutalaista, eli kolmasosa kaikista maailman juutalaisista. Heist\u00e4 yli miljoona kohtasi loppunsa Auschwitz-Birkenaussa. Heist\u00e4 joka viides oli lapsi tai nuori. Auschwitz vapautettiin 27.1.1945. Vapauttajien eli puna-armeijan sotilaiden kerrotaan l\u00f6yt\u00e4neen paikalle leirialueen ymp\u00e4rill\u00e4 jatkuvasti leijuneen, krematorioissa y\u00f6t\u00e4 p\u00e4iv\u00e4\u00e4 poltettujen ruumiiden hajun perusteella. Sit\u00e4 seuraavina kuukausina vapautettiin muitakin leirej\u00e4. Keskitysleirien painajainen ei kuitenkaan p\u00e4\u00e4ttynyt siihen: Stutthofin, Ravensbr\u00fcckin ja Auschwitz-Birkenaun leireilt\u00e4 on raportoitu satoja tapauksia, joissa vapauttajat raiskasivat yh\u00e4 hengiss\u00e4 olevia juutalaisnaisia ja -tytt\u00f6j\u00e4. T\u00e4n\u00e4\u00e4n tammikuun 27.p\u00e4iv\u00e4\u00e4 vietet\u00e4\u00e4n maailmanlaajuisena holokaustin uhrien muistop\u00e4iv\u00e4n\u00e4.<\/p>\n\n\n\n<figure class=\"wp-block-image size-full\"><img loading=\"lazy\" decoding=\"async\" width=\"600\" height=\"10\" src=\"http:\/\/suomenreformijuutalaiset.org\/new\/wp-content\/uploads\/2025\/10\/valirivi.jpg\" alt=\"\" class=\"wp-image-272\" srcset=\"https:\/\/suomenreformijuutalaiset.org\/new\/wp-content\/uploads\/2025\/10\/valirivi.jpg 600w, https:\/\/suomenreformijuutalaiset.org\/new\/wp-content\/uploads\/2025\/10\/valirivi-300x5.jpg 300w\" sizes=\"auto, (max-width: 600px) 100vw, 600px\" \/><\/figure>\n\n\n\n<h4 class=\"wp-block-heading\"><strong>Suomenjuutalaiset ja holokausti<\/strong><\/h4>\n\n\n\n<p class=\"has-medium-font-size\">Suomen asema jatkosodassa oli erilainen kuin sit\u00e4 edelt\u00e4neess\u00e4 talvisodassa, koska t\u00e4ll\u00e4 kertaa sille oli aseellista ja materiaalista apua antamassa Saksa. T\u00e4m\u00e4 asetti Suomen armeijan riveiss\u00e4 taistelevat suomenjuutalaiset erikoiseen asemaan (lis\u00e4\u00e4 aiheesta t\u00e4\u00e4ll\u00e4). My\u00f6s Suomelta yritettiin kysell\u00e4 halukkuutta \u201dratkaista juutalaisongelmansa\u201d mutta silloinen p\u00e4\u00e4ministeri oli ilmoittanut, \u201dettei Suomella ole juutalaisongelmaa.\u201d Samoin vastasi h\u00e4nelle osoitettuihin uteluihin armeijan ylip\u00e4\u00e4llikk\u00f6 Mannerheim, joka sanoi ett\u00e4 \u201dh\u00e4nen armeijassaan oli vain suomalaisia sotilaita, eik\u00e4 n\u00e4ist\u00e4 viet\u00e4isi yht\u00e4k\u00e4\u00e4n pois muutoin kuin h\u00e4nen kuolleen ruumiinsa yli.\u201d<\/p>\n\n\n\n<p class=\"has-medium-font-size\">Suomi ei siis luovuttanut juutalaisiaan Natsi-Saksalle. Suomeen oli kuitenkin sodan aikana paennut juutalaispakolaisia muista maista, joita Suomen juutalaisv\u00e4est\u00f6 parhaansa mukaan tuli ja auttoi jatkamaan matkaansa turvallisempaan maahan. N\u00e4ist\u00e4 pakolaisista Suomi luovutti loppuvuodesta 1942 Natsi-Saksalle kahdeksan henkil\u00f6\u00e4, sill\u00e4 my\u00f6s Suomen silloisessa hallituksessa toimi natsimy\u00f6nteisi\u00e4 tahoja. Kaikki viettiin Auschwitziin, miss\u00e4 heid\u00e4t murhattiin. Nuorin heist\u00e4 oli vasta vuoden ik\u00e4inen vauva.<\/p>\n\n\n\n<p class=\"has-medium-font-size\"> Heid\u00e4n muistonsa kunniaksi suomalaisvapaaehtoisten vuonna 1971 perustama <em>moshav <\/em>on nimetty Yad Hashmonaksi (\u201dheid\u00e4n kahdeksan muisto\u201d). Jo edellisen\u00e4 vuonna Helsingin juutalainen seurakunta pystytti sis\u00e4pihalleen n\u00e4ille kahdeksalle omistetun muistomerkin. Suomen valtio sen sijaan esitti virallisen anteeksipyynt\u00f6ns\u00e4 asiasta vasta vuonna 2000, jolloin T\u00e4htitorninm\u00e4ell\u00e4 paljastettiin heid\u00e4n muistomerkkins\u00e4.&nbsp; 2019\u20132020 eri puolille Helsinki\u00e4 asennettiin ns. kompastuskivet (saks.<em> Stolperstein<\/em>), joihin heid\u00e4t on my\u00f6s ikuistettu.<\/p>\n\n\n\n<p class=\"has-medium-font-size\">Vaikka suomenjuutalaisia ei holokaustissa tapettukaan, heid\u00e4n sukulaisiaan kyll\u00e4. Suomessa on my\u00f6s asunut keskitysleireilt\u00e4 selviytyneit\u00e4, sill\u00e4 sodan j\u00e4lkeen heit\u00e4 muutti Suomeenkin. Heist\u00e4 viimeinen, Nena Kafka, menehtyi 2023.<\/p>\n\n\n\n<figure class=\"wp-block-image size-full\"><img loading=\"lazy\" decoding=\"async\" width=\"600\" height=\"10\" src=\"http:\/\/suomenreformijuutalaiset.org\/new\/wp-content\/uploads\/2025\/10\/valirivi.jpg\" alt=\"\" class=\"wp-image-272\" srcset=\"https:\/\/suomenreformijuutalaiset.org\/new\/wp-content\/uploads\/2025\/10\/valirivi.jpg 600w, https:\/\/suomenreformijuutalaiset.org\/new\/wp-content\/uploads\/2025\/10\/valirivi-300x5.jpg 300w\" sizes=\"auto, (max-width: 600px) 100vw, 600px\" \/><\/figure>\n\n\n\n<h4 class=\"wp-block-heading\"><strong>Miten holokausti oli mahdollista?<\/strong><\/h4>\n\n\n\n<p class=\"has-medium-font-size\">J\u00e4lkeenp\u00e4in tulleet sukupolvet ovat yksi toisensa j\u00e4lkeen kysyneet, miten oli mahdollista, ett\u00e4 holokaustin kaltainen hirmuteko on mahdollista toteuttaa sivistyneess\u00e4 Euroopassa, jossain Saksan kaltaisessa maassa, ja viel\u00e4p\u00e4 vain joitain vuosikymmeni\u00e4 sitten. Ei se mahdollista olisi ollutkaan, ellei ajatuksen taakse olisi saatu my\u00f6s huomattava osa ihan tavallisista saksalaisista. Siin\u00e4 vaiheessa, kun heid\u00e4n kollegansa menettiv\u00e4t ty\u00f6ns\u00e4, elantonsa ja oikeutensa, eiv\u00e4t he nousseet vastarintaan. Kun heid\u00e4n naapureitaan alkoi kadota, jatkoivat he el\u00e4m\u00e4\u00e4ns\u00e4 niin kuin mit\u00e4\u00e4n ei olisi tapahtunutkaan. Vaikka he eiv\u00e4t aktiivisesti olisi olleet kaasuttamassa tai ampumassa kanssakansalaisiaan, olivat he passiivisuudellaan ja v\u00e4linpit\u00e4m\u00e4tt\u00f6myydell\u00e4\u00e4n edesauttamassa sit\u00e4.<\/p>\n\n\n\n<p class=\"has-medium-font-size\">Miten on mahdollista, ettei ket\u00e4\u00e4n kiinnostanut? Koska pohjaty\u00f6 oli alkanut jo paljon ennen kuin karjavaunut kohti keskitysleirej\u00e4 l\u00e4htiv\u00e4t liikkeelle tai ensimm\u00e4inen er\u00e4 juutalaisia lukittiin kaasukammioon. Se oli alkanut valheilla ja propagandalla, jota vastaan juutalaisten kaltainen pieni v\u00e4hemmist\u00f6 ei pystynyt puolustautumaan. Heit\u00e4 syytettiin asioista, joihin heill\u00e4 ei ollut mit\u00e4\u00e4n valtaa. Ihmiskunnan historiassa aivan liian pitk\u00e4\u00e4n el\u00e4neet antisemitistiset stereotypiat valjastettiin k\u00e4ytt\u00f6\u00f6n ja niiden avulla uskoteltiin kansalle juutalaisten olevan sek\u00e4 heit\u00e4 alempiarvoisia ett\u00e4 vaarallisia. Juutalaisista levitetyill\u00e4 valheilla lietsottiin pelkoa, huolta ja vihaa. Kansa oli turhautunut tilanteeseensa ja tarvitsi tyytym\u00e4tt\u00f6myydelleen ja vihalleen kohteen. Hitler osoitti sen heille ja loppu on historiaa. Siin\u00e4 vaiheessa, kun ihmisi\u00e4 alkoi kadota j\u00e4ljett\u00f6miin ei ket\u00e4\u00e4n en\u00e4\u00e4 kiinnostanut koska eih\u00e4n juutalaisia en\u00e4\u00e4 n\u00e4hty edes ihmisin\u00e4.<\/p>\n\n\n\n<p class=\"has-medium-font-size\">Samalla lailla j\u00e4lkeenp\u00e4in tulleet sukupolvet ovat vakuuttaneet, kuinka he olisivat toimineet toisin ja tuudittautuneet uskoon siit\u00e4, ettei mit\u00e4\u00e4n tuollaista voisi en\u00e4\u00e4 tapahtua. Kyll\u00e4 voisi. Ja on tapahtunutkin. Ainoa keino todella est\u00e4\u00e4 holokaustin kaltaisia tragedioita koskaan tapahtumasta on tunnistaa niit\u00e4 edelt\u00e4v\u00e4t askelmerkit. Se ei koskaan l\u00e4hde massamurhista. Se l\u00e4htee jonkun tietyn v\u00e4hemmist\u00f6ihmisryhm\u00e4n demonisoinnista; siit\u00e4, ett\u00e4 vallanpit\u00e4j\u00e4t ottavat heid\u00e4t silm\u00e4tikukseen, antavat esimerkill\u00e4\u00e4n siunauksen vihamieliselle retoriikalle ja tekev\u00e4t heist\u00e4 maalitauluja. Se l\u00e4htee siit\u00e4, ett\u00e4 vallanpit\u00e4j\u00e4t suuntaavat seuraajiensa huomion t\u00e4h\u00e4n ihmisryhm\u00e4\u00e4n ja saavat kansan uskomaan, ett\u00e4 juuri he ovat syyn\u00e4 sille, ett\u00e4 muilla\/ yhteiskunnalla menee huonosti. Ja mit\u00e4 pidemp\u00e4\u00e4n ja vapaammin t\u00e4t\u00e4 vihapuhetta k\u00e4ytett\u00e4\u00e4n, sit\u00e4 enemm\u00e4n kansa siihen turtuu.<\/p>\n\n\n\n<p class=\"has-medium-font-size\">N\u00e4in toimimalla vallanpit\u00e4j\u00e4t tietoisesti venytt\u00e4v\u00e4t hyv\u00e4ksytt\u00e4vyyden rajoja koko ajan kauemmas siit\u00e4, miss\u00e4 varoituskellomme olisivat alkaneet aikaisemmin soida. Osa t\u00e4t\u00e4 taktiikkaa on my\u00f6s vihapuheen ja siihen sek\u00e4 kuukuvat ett\u00e4 sen mobilisoiman viharikollisuuden v\u00e4h\u00e4ttely ja delegitimointi: jos tarkoituksena on rapauttaa jonkun v\u00e4hemmist\u00f6n ihmisarvoa, niin eih\u00e4n heille silloin voi suoda ihmisarvoista kohteluakaan, kuten oikeutta.<\/p>\n\n\n\n<p class=\"has-medium-font-size\">Siksi antisemitismiin ja muuhun v\u00e4hemmist\u00f6j\u00e4 vastaan suunnattuun vihaan t\u00e4ytyy reagoida hyviss\u00e4 ajoin. Emme voi j\u00e4\u00e4d\u00e4 odottamaan, mihin vihapuhe t\u00e4ll\u00e4 kerta vie ja kuinka nopeasti. Sille on pistett\u00e4v\u00e4 stoppi heti alkuunsa.<\/p>\n\n\n\n<figure class=\"wp-block-image size-full\"><img loading=\"lazy\" decoding=\"async\" width=\"600\" height=\"10\" src=\"http:\/\/suomenreformijuutalaiset.org\/new\/wp-content\/uploads\/2025\/10\/valirivi.jpg\" alt=\"\" class=\"wp-image-272\" srcset=\"https:\/\/suomenreformijuutalaiset.org\/new\/wp-content\/uploads\/2025\/10\/valirivi.jpg 600w, https:\/\/suomenreformijuutalaiset.org\/new\/wp-content\/uploads\/2025\/10\/valirivi-300x5.jpg 300w\" sizes=\"auto, (max-width: 600px) 100vw, 600px\" \/><\/figure>\n\n\n<div class=\"wp-block-image\">\n<figure class=\"aligncenter size-full\"><img loading=\"lazy\" decoding=\"async\" width=\"800\" height=\"307\" src=\"http:\/\/suomenreformijuutalaiset.org\/new\/wp-content\/uploads\/2025\/10\/Keskitysleirien-nimet.jpg\" alt=\"\" class=\"wp-image-536\" srcset=\"https:\/\/suomenreformijuutalaiset.org\/new\/wp-content\/uploads\/2025\/10\/Keskitysleirien-nimet.jpg 800w, https:\/\/suomenreformijuutalaiset.org\/new\/wp-content\/uploads\/2025\/10\/Keskitysleirien-nimet-300x115.jpg 300w, https:\/\/suomenreformijuutalaiset.org\/new\/wp-content\/uploads\/2025\/10\/Keskitysleirien-nimet-768x295.jpg 768w, https:\/\/suomenreformijuutalaiset.org\/new\/wp-content\/uploads\/2025\/10\/Keskitysleirien-nimet-700x269.jpg 700w\" sizes=\"auto, (max-width: 800px) 100vw, 800px\" \/><figcaption class=\"wp-element-caption\"><em>Natsi-Saksan keskitysleireill\u00e4 murhattiin n. kuusi miljoonaa juutalaista. Kuvassa Tukholman suuren synagogan yhteydess\u00e4 olevia muistolaattoja.<\/em><\/figcaption><\/figure>\n<\/div>\n\n\n<p><\/p>\n\n\n\n<p><\/p>\n","protected":false},"excerpt":{"rendered":"<p>Holokausti on ihmiskunnan suurin, yhden tai useamman ihmisryhm\u00e4n h\u00e4vitt\u00e4miseen t\u00e4ht\u00e4\u00e4v\u00e4 kansanmurha, jonka laajuutta ja pahantahtoisuutta on vaikea ymm\u00e4rt\u00e4\u00e4 t\u00e4n\u00e4k\u00e4\u00e4n p\u00e4iv\u00e4n\u00e4. Juutalaisten lis\u00e4ksi siin\u00e4 murhattiin niin romaneja, seksuaaliv\u00e4hemmist\u00f6j\u00e4 kuin vammaisia. Natsi-Saksan vuosina 1941\u20131945 toteuttamassa holokaustissa tapettiin yhteens\u00e4 noin 10 miljoonaa ihmist\u00e4. Uhreista ainakin kuusi miljoonaa oli juutalaisia ja siin\u00e4 menehtyi kaikkiaan 2\/3 Euroopan juutalaisista. Taustaa 1930-luvulle [&hellip;]<\/p>\n","protected":false},"author":1,"featured_media":0,"parent":50,"menu_order":7,"comment_status":"closed","ping_status":"closed","template":"","meta":{"footnotes":""},"class_list":["post-127","page","type-page","status-publish","hentry"],"_links":{"self":[{"href":"https:\/\/suomenreformijuutalaiset.org\/new\/wp-json\/wp\/v2\/pages\/127","targetHints":{"allow":["GET"]}}],"collection":[{"href":"https:\/\/suomenreformijuutalaiset.org\/new\/wp-json\/wp\/v2\/pages"}],"about":[{"href":"https:\/\/suomenreformijuutalaiset.org\/new\/wp-json\/wp\/v2\/types\/page"}],"author":[{"embeddable":true,"href":"https:\/\/suomenreformijuutalaiset.org\/new\/wp-json\/wp\/v2\/users\/1"}],"replies":[{"embeddable":true,"href":"https:\/\/suomenreformijuutalaiset.org\/new\/wp-json\/wp\/v2\/comments?post=127"}],"version-history":[{"count":8,"href":"https:\/\/suomenreformijuutalaiset.org\/new\/wp-json\/wp\/v2\/pages\/127\/revisions"}],"predecessor-version":[{"id":538,"href":"https:\/\/suomenreformijuutalaiset.org\/new\/wp-json\/wp\/v2\/pages\/127\/revisions\/538"}],"up":[{"embeddable":true,"href":"https:\/\/suomenreformijuutalaiset.org\/new\/wp-json\/wp\/v2\/pages\/50"}],"wp:attachment":[{"href":"https:\/\/suomenreformijuutalaiset.org\/new\/wp-json\/wp\/v2\/media?parent=127"}],"curies":[{"name":"wp","href":"https:\/\/api.w.org\/{rel}","templated":true}]}}