{"id":163,"date":"2025-06-24T19:30:14","date_gmt":"2025-06-24T16:30:14","guid":{"rendered":"http:\/\/suomenreformijuutalaiset.org\/new\/?page_id=163"},"modified":"2025-10-27T21:52:23","modified_gmt":"2025-10-27T19:52:23","slug":"juutalainen-keittio","status":"publish","type":"page","link":"https:\/\/suomenreformijuutalaiset.org\/new\/kulttuuri\/juutalainen-keittio\/","title":{"rendered":"Juutalainen keitti\u00f6"},"content":{"rendered":"\n<p class=\"has-medium-font-size\">Ruoka on olennainen osa juutalaista kulttuuria \u2013 oli kyse sitten kosher-s\u00e4\u00e4d\u00f6sten mukaan koko el\u00e4m\u00e4ns\u00e4 rytmitt\u00e4vist\u00e4 ortodokseista tai vapaampien suuntausten juhlapyhien vietosta. Monelle sekulaarillekin juutalaiselle, joiden el\u00e4m\u00e4ss\u00e4 uskonto ei v\u00e4ltt\u00e4m\u00e4tt\u00e4 muuten n\u00e4y, on t\u00e4m\u00e4 kulttuurinen aspekti niin t\u00e4rke\u00e4, ett\u00e4 viikonloppua on mahdotonta kuvitella ilman perjantaina p\u00f6yt\u00e4\u00e4n yst\u00e4vien tai perheen iloksi katettavaa illallista.<\/p>\n\n\n\n<p class=\"has-medium-font-size\">Ruoankaan suhteen ei juutalaisuudessa voida puhua mist\u00e4\u00e4n monoliittisesta, yhten\u00e4isest\u00e4 kulttuurista. Siihen, millaisia muotoja se on saanut, on vaikuttanut niin aika kuin asuinpaikka ja sen kulttuuri \u2013 josta juutalaiset sovelsivat ruokia kosher-ruokavalioonsa sopivaksi. Oman lis\u00e4ns\u00e4 ovat tuoneet asuinpaikan sanelemat saatavilla olevat raaka-aineet, samoin kuin ilmasto, joka on m\u00e4\u00e4ritt\u00e4nyt, kuinka v\u00e4h\u00e4n vuodesta on mahdollista k\u00e4ytt\u00e4\u00e4 tuoreita aineksia ja synnytt\u00e4nyt tarpeen eri s\u00e4il\u00f6nt\u00e4muotojen kehitt\u00e4miselle. Ja luonnollisesti taustalla on aina vaikuttanut <em>kashrut<\/em>, juutalaista ruokavaliota s\u00e4\u00e4telev\u00e4t s\u00e4\u00e4nn\u00f6t ja rajoitukset, joka m\u00e4\u00e4ritt\u00e4\u00e4, mit\u00e4 juutalaisen on milloinkin sallittua sy\u00f6d\u00e4 ja mink\u00e4 kanssa sit\u00e4 on mahdollista valmistaa ja tarjoilla (aiheesta tarkemmin <a href=\"https:\/\/suomenreformijuutalaiset.org\/new\/kulttuuri\/juutalaisuus-arjessa-2\/\">t\u00e4\u00e4ll\u00e4<\/a>).<\/p>\n\n\n\n<figure class=\"wp-block-image size-full\"><img loading=\"lazy\" decoding=\"async\" width=\"600\" height=\"10\" src=\"http:\/\/suomenreformijuutalaiset.org\/new\/wp-content\/uploads\/2025\/10\/valirivi.jpg\" alt=\"\" class=\"wp-image-272\" srcset=\"https:\/\/suomenreformijuutalaiset.org\/new\/wp-content\/uploads\/2025\/10\/valirivi.jpg 600w, https:\/\/suomenreformijuutalaiset.org\/new\/wp-content\/uploads\/2025\/10\/valirivi-300x5.jpg 300w\" sizes=\"auto, (max-width: 600px) 100vw, 600px\" \/><\/figure>\n\n\n<div class=\"wp-block-image\">\n<figure class=\"aligncenter size-full\"><img loading=\"lazy\" decoding=\"async\" width=\"800\" height=\"533\" src=\"http:\/\/suomenreformijuutalaiset.org\/new\/wp-content\/uploads\/2025\/10\/leipia_Mahane-Yehuda_2_vaaka-2-1536x1024-1.png\" alt=\"\" class=\"wp-image-282\" srcset=\"https:\/\/suomenreformijuutalaiset.org\/new\/wp-content\/uploads\/2025\/10\/leipia_Mahane-Yehuda_2_vaaka-2-1536x1024-1.png 800w, https:\/\/suomenreformijuutalaiset.org\/new\/wp-content\/uploads\/2025\/10\/leipia_Mahane-Yehuda_2_vaaka-2-1536x1024-1-300x200.png 300w, https:\/\/suomenreformijuutalaiset.org\/new\/wp-content\/uploads\/2025\/10\/leipia_Mahane-Yehuda_2_vaaka-2-1536x1024-1-768x512.png 768w, https:\/\/suomenreformijuutalaiset.org\/new\/wp-content\/uploads\/2025\/10\/leipia_Mahane-Yehuda_2_vaaka-2-1536x1024-1-700x466.png 700w\" sizes=\"auto, (max-width: 800px) 100vw, 800px\" \/><figcaption class=\"wp-element-caption\"><em>Eri juutalaiskeitti\u00f6ille ominaisten leipien kirjo n\u00e4kyy jerusalemilaisen torin valikoimissa.<\/em><\/figcaption><\/figure>\n<\/div>\n\n\n<figure class=\"wp-block-image size-full\"><img loading=\"lazy\" decoding=\"async\" width=\"600\" height=\"10\" src=\"http:\/\/suomenreformijuutalaiset.org\/new\/wp-content\/uploads\/2025\/10\/valirivi.jpg\" alt=\"\" class=\"wp-image-272\" srcset=\"https:\/\/suomenreformijuutalaiset.org\/new\/wp-content\/uploads\/2025\/10\/valirivi.jpg 600w, https:\/\/suomenreformijuutalaiset.org\/new\/wp-content\/uploads\/2025\/10\/valirivi-300x5.jpg 300w\" sizes=\"auto, (max-width: 600px) 100vw, 600px\" \/><\/figure>\n\n\n\n<h4 class=\"wp-block-heading\"><strong>Ashenaasikeitti\u00f6<\/strong><\/h4>\n\n\n\n<p class=\"has-medium-font-size\">Niinp\u00e4 juutalainen keitti\u00f6 n\u00e4ytt\u00e4ytyy ymp\u00e4ri maailmaa hyvin erilaisena. Monet elokuvista ja televisiosta tutuksi tulleet herkut kuten bagelit ja pastramileiv\u00e4t ovat leimallisesti amerikanjuutalaisia, joskin heid\u00e4n juurensa ovat perinteisesti it\u00e4isess\u00e4 Euroopassa. Sielt\u00e4 per\u00e4isin olevista yhteis\u00f6ist\u00e4 ovat kotoisin mm. <em>kugelin<\/em>, kanakeiton ja <em>gefilte fishin<\/em> kaltaiset klassikot, joskin viimeksi mainitusta on niin unkarilaisilla, liettualaisilla kuin galitzialaisilla (nyk. Ukrainan alueella) &nbsp;omat makeudeltaan vaihtelevat versionsa. &nbsp;<\/p>\n\n\n\n<p class=\"has-medium-font-size\">Juutalaista historiaa on luonnehtinut sorto ja syrjint\u00e4 sek\u00e4 n\u00e4ist\u00e4 seurannut k\u00f6yhyys. Perheet olivat my\u00f6s tyypillisesti isoja, jotka t\u00e4ytyi kyet\u00e4 ruokkimaan mahdollisimman edullisesti. T\u00e4m\u00e4 n\u00e4kyy v\u00e4ist\u00e4m\u00e4tt\u00e4 my\u00f6s eri alueiden perinneruoissa. Esimerkiksi kylm\u00e4ss\u00e4 ja lyhyen kasvukauden omaavassa it\u00e4-Euroopassa ashkenaasikeitti\u00f6n perustan muodostivat kaali, peruna ja muut juurekset kuten punajuuret, joita oli mahdollista kasvattaa itsekin. Niin ik\u00e4\u00e4n kalaa oli mahdollista pyydyst\u00e4\u00e4 itsekin ja sit\u00e4 my\u00f6s s\u00e4il\u00f6ttiin.<\/p>\n\n\n\n<p class=\"has-medium-font-size\">Lihaa oli mahdollista nauttia l\u00e4hinn\u00e4 sapattina ja juhlapyhin\u00e4 ja silloinkin se t\u00e4ytyi hankkia kosher-teurastajalta\/ lihakauppiaalta. Perinteisiss\u00e4 resepteiss\u00e4 k\u00e4ytett\u00e4v\u00e4t ruhonosat ovatkin tyypillisesti niit\u00e4 halvempia ja siksi (ihan viime aikoihin saakka) ylenkatsottuja. N\u00e4ihin kuuluu pitk\u00e4\u00e4 kypsennyst\u00e4 vaativat, sitke\u00e4mm\u00e4t lihat kuten tuntikausia haudutettuun <em>brisketiin<\/em> k\u00e4ytetty naudan eturinta sek\u00e4 sis\u00e4elimet, kuten kananmaksa, joka eri muodoissaan (<em>chopped liver<\/em> eli hienoksi hakattu seos tai sile\u00e4ksi jauhettu kananmaksapatee, -pasteija- tai mousse.) on etenkin vanhempien sukupolvien suurta herkkua. My\u00f6s maitotuotteita k\u00e4ytettiin runsaasti, koska niit\u00e4 oli mahdollisuus hankkia ja valmistaa omista l\u00e4hteist\u00e4.<\/p>\n\n\n\n<figure class=\"wp-block-image size-full\"><img loading=\"lazy\" decoding=\"async\" width=\"600\" height=\"10\" src=\"http:\/\/suomenreformijuutalaiset.org\/new\/wp-content\/uploads\/2025\/10\/valirivi.jpg\" alt=\"\" class=\"wp-image-272\" srcset=\"https:\/\/suomenreformijuutalaiset.org\/new\/wp-content\/uploads\/2025\/10\/valirivi.jpg 600w, https:\/\/suomenreformijuutalaiset.org\/new\/wp-content\/uploads\/2025\/10\/valirivi-300x5.jpg 300w\" sizes=\"auto, (max-width: 600px) 100vw, 600px\" \/><\/figure>\n\n\n\n<h4 class=\"wp-block-heading\"><strong>Sefardikeitti\u00f6<\/strong><\/h4>\n\n\n\n<p class=\"has-medium-font-size\">Sefardijuutalaisten perinneruoat heijastelevat puolestaan etel\u00e4isen Euroopan ja V\u00e4limeren alueiden ruokaperinteit\u00e4 ja mahdollisuuksia. Niinp\u00e4 ruokatarjonta raaka-aineineen on tuttua muista alueen kulttuureista: munakoisoa eri muodoissaan k\u00e4ytet\u00e4\u00e4n paljon, samoin tuttu n\u00e4ky ovat filotaikinakuoreen leivotut piiraat kuten <em>burekat <\/em>ja<em> baklavan<\/em> kaltaiset makeiset, sek\u00e4 halkaistut ja esimerkiksi lihalla t\u00e4ytetyt ja sen j\u00e4lkeen tomaattipohjaisessa kastikkeessa kypsennetyt vihannekset. Juutalaisten sosioekonominen asema ei sefardienkaan keskuudessa ollut kummoinen, mutta ilmanalan ansiosta tuoreita raaka-aineita oli paremmin saatavilla, samoin kuin mausteita ja yrttej\u00e4 \u2013 ashenaaseilla oli k\u00e4yt\u00f6ss\u00e4\u00e4n l\u00e4hinn\u00e4 suola (ja pippuri).<\/p>\n\n\n\n<p class=\"has-medium-font-size\">Oman vivahteensa eri alakulttuurien kulinaristiseen kehitykseen tuovat my\u00f6s sapatin s\u00e4\u00e4d\u00f6kset. Sapattina ei ollut sallittua valmistaa ruokaa, mutta sit\u00e4 oli kuitenkin sy\u00f6t\u00e4v\u00e4. Niinp\u00e4 sapattina tarjoiltavan ruoan tuli olla etuk\u00e4teen valmistettavissa olevaa (erilaiset kylm\u00e4t ruokalajit kuten salaatit ja tahnat) tai itsest\u00e4\u00e4n valmistuvaa. N\u00e4in syntyns\u00e4 saivat erilaiset padat, jotka esim. ashkenaasijuutalaisten asuttamissa kyl\u00e4yhteis\u00f6iss\u00e4 laitettiin hautumaan yhteiseen isoon uuniin, joka oli kuumennettu ennen sapattia ja miss\u00e4 ne sitten tuntien saatossa hautuivat valmiiksi. Ashkenaasikeitti\u00f6ss\u00e4 pata sai nimekseen <em>cholent<\/em>, sefardien parissa vastaava ruokalajia kutsuttiin<em> adafinaksi<\/em> (tai, kuten Marokossa, <em>dafinaksi<\/em>).<\/p>\n\n\n\n<p class=\"has-medium-font-size\">Marokonsefardien keskuudessa tietyt erikoisruoat kuuluivat erottamattomasti tiettyihin omaleimaisiin juhlapyhiin, joita vietettiin vain heid\u00e4n keskuudessaan. Tunnetuin n\u00e4ist\u00e4 on <em>mimouna<\/em>, v\u00e4litt\u00f6m\u00e4sti pesachin j\u00e4lkeen vietett\u00e4v\u00e4 juhla, jonka p\u00e4\u00e4t\u00e4hti on <em>mufleta<\/em>-letut.<\/p>\n\n\n\n<figure class=\"wp-block-image size-full\"><img loading=\"lazy\" decoding=\"async\" width=\"600\" height=\"10\" src=\"http:\/\/suomenreformijuutalaiset.org\/new\/wp-content\/uploads\/2025\/10\/valirivi.jpg\" alt=\"\" class=\"wp-image-272\" srcset=\"https:\/\/suomenreformijuutalaiset.org\/new\/wp-content\/uploads\/2025\/10\/valirivi.jpg 600w, https:\/\/suomenreformijuutalaiset.org\/new\/wp-content\/uploads\/2025\/10\/valirivi-300x5.jpg 300w\" sizes=\"auto, (max-width: 600px) 100vw, 600px\" \/><\/figure>\n\n\n<div class=\"wp-block-image\">\n<figure class=\"aligncenter size-full\"><img loading=\"lazy\" decoding=\"async\" width=\"800\" height=\"533\" src=\"http:\/\/suomenreformijuutalaiset.org\/new\/wp-content\/uploads\/2025\/10\/Mizrahikeittio-mausteita-1536x1024-1.png\" alt=\"\" class=\"wp-image-277\" srcset=\"https:\/\/suomenreformijuutalaiset.org\/new\/wp-content\/uploads\/2025\/10\/Mizrahikeittio-mausteita-1536x1024-1.png 800w, https:\/\/suomenreformijuutalaiset.org\/new\/wp-content\/uploads\/2025\/10\/Mizrahikeittio-mausteita-1536x1024-1-300x200.png 300w, https:\/\/suomenreformijuutalaiset.org\/new\/wp-content\/uploads\/2025\/10\/Mizrahikeittio-mausteita-1536x1024-1-768x512.png 768w, https:\/\/suomenreformijuutalaiset.org\/new\/wp-content\/uploads\/2025\/10\/Mizrahikeittio-mausteita-1536x1024-1-700x466.png 700w\" sizes=\"auto, (max-width: 800px) 100vw, 800px\" \/><figcaption class=\"wp-element-caption\"><em>Mizrahijuutalaisessa keitti\u00f6ss\u00e4 osataan mausteiden k\u00e4ytt\u00f6.<\/em><\/figcaption><\/figure>\n<\/div>\n\n\n<figure class=\"wp-block-image size-full\"><img loading=\"lazy\" decoding=\"async\" width=\"600\" height=\"10\" src=\"http:\/\/suomenreformijuutalaiset.org\/new\/wp-content\/uploads\/2025\/10\/valirivi.jpg\" alt=\"\" class=\"wp-image-272\" srcset=\"https:\/\/suomenreformijuutalaiset.org\/new\/wp-content\/uploads\/2025\/10\/valirivi.jpg 600w, https:\/\/suomenreformijuutalaiset.org\/new\/wp-content\/uploads\/2025\/10\/valirivi-300x5.jpg 300w\" sizes=\"auto, (max-width: 600px) 100vw, 600px\" \/><\/figure>\n\n\n\n<h4 class=\"wp-block-heading\"><strong>Mizrahikeitti\u00f6<\/strong><\/h4>\n\n\n\n<p class=\"has-medium-font-size\">Mizrahi tarkoittaa kirjaimellisesti it\u00e4ist\u00e4, joten heid\u00e4n kulinaristiset perinteens\u00e4 heijastelevat mizrahijuutalaisten asuinseutuja Pohjois-Afrikassa, L\u00e4hi-id\u00e4ss\u00e4 sek\u00e4 Keski-Aasiassa. N\u00e4ill\u00e4 alueilla on rikkaat ja historian saatossa paljon vaikutteita saaneet ruokaperinteens\u00e4, joten mizrahikeitti\u00f6 on tunnettu etenkin mausteistaan. Tuoreet yrtit eiv\u00e4t ole vain koriste, vain runsaissa m\u00e4\u00e4rin k\u00e4ytetty raaka-aine. Sitruunan lis\u00e4ksi granaattiomenaa (niin sen siemeni\u00e4, mehua kuin siit\u00e4 tehty\u00e4 siirappia) k\u00e4ytet\u00e4\u00e4n paljon, joten makumaailma on my\u00f6s muita vivahteikkaampi. Ruokavalio on my\u00f6s yleisvaikutelmaan keve\u00e4mpi.<\/p>\n\n\n\n<p class=\"has-medium-font-size\">Vaikka niin hedelmi\u00e4 kuin kasviksia on saatavana tuoreina, niit\u00e4 my\u00f6s pikkel\u00f6id\u00e4\u00e4n paljon ja tarjotaan aterian osana. Pohjois-Afrikassa ruoanlaitossa (esim. erilaisissa padoissa ja kanaruoissa) k\u00e4ytet\u00e4\u00e4n my\u00f6s paljon s\u00e4il\u00f6tty\u00e4 sitruunaa.&nbsp;<\/p>\n\n\n\n<p class=\"has-medium-font-size\">Riisi\u00e4 ja palkokasveja, kuten erilaisia papuja k\u00e4ytet\u00e4\u00e4n paljon, mutta my\u00f6s etenkin lammasta ja kanaa sis\u00e4lt\u00e4v\u00e4t liharuoat ovat herkullisia. Koska tuoreita raaka-aineita kuten vihanneksia ja hedelmi\u00e4 oli l\u00e4mpimiss\u00e4 maissa mahdollista saada k\u00e4yt\u00e4nn\u00f6ss\u00e4 vuoden ymp\u00e4ri, on p\u00f6yd\u00e4ss\u00e4 usein lajitelma erilaisia salaatteja ja palkokasviper\u00e4isi\u00e4 tahnoja. Eri keitot (kuten <em>kubbe<\/em>) ovat suosittuja.<\/p>\n\n\n\n<p class=\"has-medium-font-size\">Yksi mizrahikeitti\u00f6n erikoispiirteist\u00e4 on my\u00f6s se, ett\u00e4 leiv\u00e4t ovat yleens\u00e4 koostumukseltaan kevyempi\u00e4 kuin <em>challan<\/em> kaltaiset limput: Suomessakin tunnettuja ovat ainakin <em>pita<\/em>-leiv\u00e4t sek\u00e4 <em>laffan<\/em> kaltaiset, isot, ohuet l\u00e4ttyset, joita molempia my\u00f6s t\u00e4ytet\u00e4\u00e4n kokonaisiksi aterioiksi.<\/p>\n\n\n\n<figure class=\"wp-block-image size-full\"><img loading=\"lazy\" decoding=\"async\" width=\"600\" height=\"10\" src=\"http:\/\/suomenreformijuutalaiset.org\/new\/wp-content\/uploads\/2025\/10\/valirivi.jpg\" alt=\"\" class=\"wp-image-272\" srcset=\"https:\/\/suomenreformijuutalaiset.org\/new\/wp-content\/uploads\/2025\/10\/valirivi.jpg 600w, https:\/\/suomenreformijuutalaiset.org\/new\/wp-content\/uploads\/2025\/10\/valirivi-300x5.jpg 300w\" sizes=\"auto, (max-width: 600px) 100vw, 600px\" \/><\/figure>\n\n\n<div class=\"wp-block-image\">\n<figure class=\"aligncenter size-full\"><img loading=\"lazy\" decoding=\"async\" width=\"800\" height=\"450\" src=\"http:\/\/suomenreformijuutalaiset.org\/new\/wp-content\/uploads\/2025\/10\/Lahi-idan-ruokaa_vaaka.jpg\" alt=\"\" class=\"wp-image-280\" srcset=\"https:\/\/suomenreformijuutalaiset.org\/new\/wp-content\/uploads\/2025\/10\/Lahi-idan-ruokaa_vaaka.jpg 800w, https:\/\/suomenreformijuutalaiset.org\/new\/wp-content\/uploads\/2025\/10\/Lahi-idan-ruokaa_vaaka-300x169.jpg 300w, https:\/\/suomenreformijuutalaiset.org\/new\/wp-content\/uploads\/2025\/10\/Lahi-idan-ruokaa_vaaka-768x432.jpg 768w, https:\/\/suomenreformijuutalaiset.org\/new\/wp-content\/uploads\/2025\/10\/Lahi-idan-ruokaa_vaaka-700x394.jpg 700w\" sizes=\"auto, (max-width: 800px) 100vw, 800px\" \/><figcaption class=\"wp-element-caption\"><em>L\u00e4hi-id\u00e4n &#8211; ja siten my\u00f6s Israelin &#8211; ruokavalio on hyvinkin kasvispainotteinen.<\/em><\/figcaption><\/figure>\n<\/div>\n\n\n<figure class=\"wp-block-image size-full\"><img loading=\"lazy\" decoding=\"async\" width=\"600\" height=\"10\" src=\"http:\/\/suomenreformijuutalaiset.org\/new\/wp-content\/uploads\/2025\/10\/valirivi.jpg\" alt=\"\" class=\"wp-image-272\" srcset=\"https:\/\/suomenreformijuutalaiset.org\/new\/wp-content\/uploads\/2025\/10\/valirivi.jpg 600w, https:\/\/suomenreformijuutalaiset.org\/new\/wp-content\/uploads\/2025\/10\/valirivi-300x5.jpg 300w\" sizes=\"auto, (max-width: 600px) 100vw, 600px\" \/><\/figure>\n\n\n\n<h4 class=\"wp-block-heading\"><strong>Israelin keitti\u00f6<\/strong><\/h4>\n\n\n\n<p class=\"has-medium-font-size\">Koska israelilaiset ovat etniselt\u00e4 taustaltaan mit\u00e4 kirjavin kansa, on itsest\u00e4\u00e4n selv\u00e4\u00e4, ett\u00e4 se n\u00e4kyy my\u00f6s maan ruokatarjonnassa. T\u00e4st\u00e4kin syyst\u00e4 se on mit\u00e4 hukuttelevin kohde ruokamatkailijalle.<\/p>\n\n\n\n<p class=\"has-medium-font-size\">Kaikki hotellit tai ravintolat eiv\u00e4t suinkaan ole kosher, mutta suuri osa (etenin isommista hotelleista) on. Tiivistettyn\u00e4 t\u00e4m\u00e4 tarkoittaa sit\u00e4, ett\u00e4 niiss\u00e4 tarjoillaan vain liha- tai maitopohjaisia ruokia. Hotellien ja t\u00e4ysihoitoa tarjoavien paikkojen kohdalla aamiaisella tarjotaan yleens\u00e4 maitotuotteita (ja kalaa). Lounas voi olla maitoa tai lihaa, mutta illallinen on yleens\u00e4 lihapohjainen. Joka aterialla on tarjolla runsaasi kasviksia eri salaattien ja tahnojen (kuten kikherneist\u00e4 tehty <em>hummus<\/em>, munakoisoista tehty <em>baba ganoush, <\/em>mausteinen tomaattipohjainen<em> matboucha<\/em>), mink\u00e4 vuoksi kasvissy\u00f6j\u00e4tk\u00e4\u00e4n eiv\u00e4t joudu k\u00e4rvistelem\u00e4\u00e4n.<\/p>\n\n\n\n<p class=\"has-medium-font-size\">Israelilaisten ruokavalio on siis varsin kevyt, kasvispainotteinen ja terveellinen. Melkeinp\u00e4 joka kadukulmasta l\u00f6ytyy p\u00e4hkin\u00f6it\u00e4 ja siemeni\u00e4 (etenkin auringonkukka) myyvi\u00e4 pikkukauppoja, sill\u00e4 israelilaiset rakastavat niiden napostelua. Kadut ovat my\u00f6skin t\u00e4ynn\u00e4 mit\u00e4 eksoottisemmista tuorepuristettua mehua myyvi\u00e4 kojuja \u2013 granaattiomenan mehu on kotikeitti\u00f6ss\u00e4 k\u00e4yt\u00e4nn\u00f6ss\u00e4 mahdotonta tehd\u00e4, mutta n\u00e4in tuoreena sit\u00e4kin herkullisempaa.<\/p>\n\n\n\n<p class=\"has-medium-font-size\">Torit ovat k\u00e4ymisen arvoisia paikkoja jo loputtoman tarjontansa vuoksi, mutta vilkkaudessaan ja v\u00e4rikkyydess\u00e4\u00e4n ne ovat kiehtova paikka seurata paikallista el\u00e4m\u00e4\u00e4. Niiden yhteydess\u00e4 ja l\u00e4hiymp\u00e4rist\u00f6ss\u00e4 l\u00f6ytyy my\u00f6s aina kokeilemisen arvoisia ravintoloita. Tunnetuimmat ruoat tuppaavat olemaan katuruokaklassikoita, joiden ehdoton ykk\u00f6nen on t\u00e4ytetyt pitaleiv\u00e4t. Niit\u00e4 saa niin <em>falafelilla<\/em>, <em>shawarmalla<\/em> (lihaa) kuin (kana)<em>schnitzelill\u00e4<\/em> t\u00e4ytettyin\u00e4. Kokeilemisen arvoinen on kuitenkin my\u00f6s paikallinen erikoisuus <em>sabich<\/em>: munakoisolla, hummuksella (tai <em>tahinilla<\/em>), keitetyll\u00e4 kananmunalla t\u00e4ytetty ja pikkel\u00f6idyst\u00e4 mangosta tehdyll\u00e4 <em>amba<\/em>-kastikkeella kruunattu leip\u00e4.<\/p>\n\n\n\n<p class=\"has-medium-font-size\">Kuten arvata saattaa, my\u00f6s ravintolatarjonta on laaja. Israelista l\u00f6ytyy paljon mm. jemenil\u00e4isi\u00e4, etiopialaisia, kurdijuutalaisia ja armenialaisia ravintoloita \u2013 jopa yksi suoraan Raamatusta ruokalajeihinsa innoituksen saava ravintola.<\/p>\n\n\n\n<figure class=\"wp-block-image size-full\"><img loading=\"lazy\" decoding=\"async\" width=\"600\" height=\"10\" src=\"http:\/\/suomenreformijuutalaiset.org\/new\/wp-content\/uploads\/2025\/10\/valirivi.jpg\" alt=\"\" class=\"wp-image-272\" srcset=\"https:\/\/suomenreformijuutalaiset.org\/new\/wp-content\/uploads\/2025\/10\/valirivi.jpg 600w, https:\/\/suomenreformijuutalaiset.org\/new\/wp-content\/uploads\/2025\/10\/valirivi-300x5.jpg 300w\" sizes=\"auto, (max-width: 600px) 100vw, 600px\" \/><\/figure>\n\n\n<div class=\"wp-block-image\">\n<figure class=\"aligncenter size-full\"><img loading=\"lazy\" decoding=\"async\" width=\"800\" height=\"541\" src=\"http:\/\/suomenreformijuutalaiset.org\/new\/wp-content\/uploads\/2025\/10\/Jerusalem-vanha-kaupunki-tori-1536x1038-1.png\" alt=\"\" class=\"wp-image-270\" srcset=\"https:\/\/suomenreformijuutalaiset.org\/new\/wp-content\/uploads\/2025\/10\/Jerusalem-vanha-kaupunki-tori-1536x1038-1.png 800w, https:\/\/suomenreformijuutalaiset.org\/new\/wp-content\/uploads\/2025\/10\/Jerusalem-vanha-kaupunki-tori-1536x1038-1-300x203.png 300w, https:\/\/suomenreformijuutalaiset.org\/new\/wp-content\/uploads\/2025\/10\/Jerusalem-vanha-kaupunki-tori-1536x1038-1-768x519.png 768w, https:\/\/suomenreformijuutalaiset.org\/new\/wp-content\/uploads\/2025\/10\/Jerusalem-vanha-kaupunki-tori-1536x1038-1-700x473.png 700w\" sizes=\"auto, (max-width: 800px) 100vw, 800px\" \/><figcaption class=\"wp-element-caption\"><em>Israelin torit tarjoavat ruokaa kaikille aisteille.<\/em><\/figcaption><\/figure>\n<\/div>\n\n\n<figure class=\"wp-block-image size-full\"><img loading=\"lazy\" decoding=\"async\" width=\"600\" height=\"10\" src=\"http:\/\/suomenreformijuutalaiset.org\/new\/wp-content\/uploads\/2025\/10\/valirivi.jpg\" alt=\"\" class=\"wp-image-272\" srcset=\"https:\/\/suomenreformijuutalaiset.org\/new\/wp-content\/uploads\/2025\/10\/valirivi.jpg 600w, https:\/\/suomenreformijuutalaiset.org\/new\/wp-content\/uploads\/2025\/10\/valirivi-300x5.jpg 300w\" sizes=\"auto, (max-width: 600px) 100vw, 600px\" \/><\/figure>\n\n\n\n<p class=\"has-medium-font-size\">Her\u00e4sik\u00f6 sinussa into p\u00e4\u00e4st\u00e4 kokeilemaan juutalaisen keitti\u00f6n antimia ihan k\u00e4yt\u00e4nn\u00f6ss\u00e4? Pian avaamme osion, josta l\u00f6yd\u00e4t valikoiman eri puolilta maailmaa olevia reseptej\u00e4 kotikeitti\u00f6ss\u00e4si kokeiltavaksesi!<\/p>\n\n\n\n<p><\/p>\n","protected":false},"excerpt":{"rendered":"<p>Ruoka on olennainen osa juutalaista kulttuuria \u2013 oli kyse sitten kosher-s\u00e4\u00e4d\u00f6sten mukaan koko el\u00e4m\u00e4ns\u00e4 rytmitt\u00e4vist\u00e4 ortodokseista tai vapaampien suuntausten juhlapyhien vietosta. Monelle sekulaarillekin juutalaiselle, joiden el\u00e4m\u00e4ss\u00e4 uskonto ei v\u00e4ltt\u00e4m\u00e4tt\u00e4 muuten n\u00e4y, on t\u00e4m\u00e4 kulttuurinen aspekti niin t\u00e4rke\u00e4, ett\u00e4 viikonloppua on mahdotonta kuvitella ilman perjantaina p\u00f6yt\u00e4\u00e4n yst\u00e4vien tai perheen iloksi katettavaa illallista. Ruoankaan suhteen ei juutalaisuudessa [&hellip;]<\/p>\n","protected":false},"author":1,"featured_media":0,"parent":52,"menu_order":0,"comment_status":"closed","ping_status":"closed","template":"","meta":{"footnotes":""},"class_list":["post-163","page","type-page","status-publish","hentry"],"_links":{"self":[{"href":"https:\/\/suomenreformijuutalaiset.org\/new\/wp-json\/wp\/v2\/pages\/163","targetHints":{"allow":["GET"]}}],"collection":[{"href":"https:\/\/suomenreformijuutalaiset.org\/new\/wp-json\/wp\/v2\/pages"}],"about":[{"href":"https:\/\/suomenreformijuutalaiset.org\/new\/wp-json\/wp\/v2\/types\/page"}],"author":[{"embeddable":true,"href":"https:\/\/suomenreformijuutalaiset.org\/new\/wp-json\/wp\/v2\/users\/1"}],"replies":[{"embeddable":true,"href":"https:\/\/suomenreformijuutalaiset.org\/new\/wp-json\/wp\/v2\/comments?post=163"}],"version-history":[{"count":21,"href":"https:\/\/suomenreformijuutalaiset.org\/new\/wp-json\/wp\/v2\/pages\/163\/revisions"}],"predecessor-version":[{"id":322,"href":"https:\/\/suomenreformijuutalaiset.org\/new\/wp-json\/wp\/v2\/pages\/163\/revisions\/322"}],"up":[{"embeddable":true,"href":"https:\/\/suomenreformijuutalaiset.org\/new\/wp-json\/wp\/v2\/pages\/52"}],"wp:attachment":[{"href":"https:\/\/suomenreformijuutalaiset.org\/new\/wp-json\/wp\/v2\/media?parent=163"}],"curies":[{"name":"wp","href":"https:\/\/api.w.org\/{rel}","templated":true}]}}