{"id":189,"date":"2025-06-24T19:48:25","date_gmt":"2025-06-24T16:48:25","guid":{"rendered":"http:\/\/suomenreformijuutalaiset.org\/new\/?page_id=189"},"modified":"2025-10-27T23:15:17","modified_gmt":"2025-10-27T21:15:17","slug":"kirjallisuutta","status":"publish","type":"page","link":"https:\/\/suomenreformijuutalaiset.org\/new\/resources\/kirjallisuutta\/","title":{"rendered":"Kirjallisuutta"},"content":{"rendered":"\n<p class=\"has-medium-font-size\">Kiinnostaako sinua syvent\u00e4\u00e4 tiet\u00e4myst\u00e4si juutalaisesta el\u00e4m\u00e4st\u00e4, historiasta, uskonnosta, tai jostain sen osa-alueesta? T\u00e4nne olemme koonneet aihepiireitt\u00e4in tietokirjallisuutta, josta l\u00f6yd\u00e4t lis\u00e4\u00e4 tietoa.<\/p>\n\n\n\n<p class=\"has-medium-font-size\">PS. \u00c4l\u00e4 unohda my\u00f6sk\u00e4\u00e4n <a href=\"https:\/\/suomenreformijuutalaiset.org\/new\/resources\/usein-kysytyt-kysymykset\/\">Usein kysytyt kysymykset- osiotamme<\/a>!<\/p>\n\n\n\n<figure class=\"wp-block-image size-full\"><img loading=\"lazy\" decoding=\"async\" width=\"600\" height=\"10\" src=\"http:\/\/suomenreformijuutalaiset.org\/new\/wp-content\/uploads\/2025\/10\/valirivi.jpg\" alt=\"\" class=\"wp-image-272\" srcset=\"https:\/\/suomenreformijuutalaiset.org\/new\/wp-content\/uploads\/2025\/10\/valirivi.jpg 600w, https:\/\/suomenreformijuutalaiset.org\/new\/wp-content\/uploads\/2025\/10\/valirivi-300x5.jpg 300w\" sizes=\"auto, (max-width: 600px) 100vw, 600px\" \/><\/figure>\n\n\n\n<h4 class=\"wp-block-heading\"><strong>Juutalainen uskonto<\/strong><\/h4>\n\n\n\n<p class=\"has-medium-font-size\">Diamant, Anita: <em>Choosing a Jewish Life, Revised and Updated. A Handbook for People Converting to Judaism and for Their Family and Friends<\/em><\/p>\n\n\n\n<p class=\"has-medium-font-size\">Olitzky, Kerry M. &amp; Isaacs, Ronald H.: <em>The Complete How to Handbook for Jewish Living.<\/em> 3 Volumes in 1<\/p>\n\n\n\n<p class=\"has-medium-font-size\">Robinson, George: <em>Essential Judaism: A Complete Guide to Beliefs, Customs and Rituals<\/em><\/p>\n\n\n\n<p class=\"has-medium-font-size\">Steinsaltz, Adin:<em> A Guide to Jewish Prayer<\/em><\/p>\n\n\n\n<figure class=\"wp-block-image size-full\"><img loading=\"lazy\" decoding=\"async\" width=\"600\" height=\"10\" src=\"http:\/\/suomenreformijuutalaiset.org\/new\/wp-content\/uploads\/2025\/10\/valirivi.jpg\" alt=\"\" class=\"wp-image-272\" srcset=\"https:\/\/suomenreformijuutalaiset.org\/new\/wp-content\/uploads\/2025\/10\/valirivi.jpg 600w, https:\/\/suomenreformijuutalaiset.org\/new\/wp-content\/uploads\/2025\/10\/valirivi-300x5.jpg 300w\" sizes=\"auto, (max-width: 600px) 100vw, 600px\" \/><\/figure>\n\n\n\n<h4 class=\"wp-block-heading\"><strong>Juutalaisuuden historia<\/strong><\/h4>\n\n\n\n<p class=\"has-medium-font-size\">Ben-Sasson, H.H.: A History of the Jewish People<\/p>\n\n\n\n<p class=\"has-medium-font-size\">Illman, Karl-Johan &amp; Harviainen, Tapani<em>: Juutalaisten historia<\/em><\/p>\n\n\n\n<p class=\"has-medium-font-size\">Johnson, Paul:<em> A History of the Jews<\/em><\/p>\n\n\n\n<p class=\"has-medium-font-size\">Myers, David N.: <em>Jewish History: A Very Short Introduction<\/em><\/p>\n\n\n\n<p class=\"has-medium-font-size\">Seltzer,&nbsp;Robert: <em>Jewish People, Jewish Thought. The Jewish Experience in History<\/em><\/p>\n\n\n\n<p class=\"has-medium-font-size\">Schama, Simon: <em>The Story of the Jews: Finding the Words 1000 BC-1492 AD<\/em><\/p>\n\n\n\n<figure class=\"wp-block-image size-full\"><img loading=\"lazy\" decoding=\"async\" width=\"600\" height=\"10\" src=\"http:\/\/suomenreformijuutalaiset.org\/new\/wp-content\/uploads\/2025\/10\/valirivi.jpg\" alt=\"\" class=\"wp-image-272\" srcset=\"https:\/\/suomenreformijuutalaiset.org\/new\/wp-content\/uploads\/2025\/10\/valirivi.jpg 600w, https:\/\/suomenreformijuutalaiset.org\/new\/wp-content\/uploads\/2025\/10\/valirivi-300x5.jpg 300w\" sizes=\"auto, (max-width: 600px) 100vw, 600px\" \/><\/figure>\n\n\n\n<h4 class=\"wp-block-heading\"><strong>Juutalainen kulttuuri<\/strong><\/h4>\n\n\n\n<p class=\"has-medium-font-size\">Green, Arthur: <em>Judaism\u2019s 10 Best Ideas.<\/em><\/p>\n\n\n\n<p class=\"has-medium-font-size\">Harviainen, Tapani &amp; Illman, Karl-Johan<em>: Juutalainen kulttuuri.<\/em><\/p>\n\n\n\n<p class=\"has-medium-font-size\">Kolatch, Alfred J.:<em> The Jewish Book of Why<\/em><\/p>\n\n\n\n<p class=\"has-medium-font-size\">Kushner, Harold:<em> <\/em><em>To Life! A Celebration of Jewish Being and Thinking.<\/em><\/p>\n\n\n\n<p class=\"has-medium-font-size\">Telushkin, Joseph: <em>Jewish Literacy. The Most Important Things to Know about the Jewish Religion, Its People and Its History.<\/em><\/p>\n\n\n\n<figure class=\"wp-block-image size-full\"><img loading=\"lazy\" decoding=\"async\" width=\"600\" height=\"10\" src=\"http:\/\/suomenreformijuutalaiset.org\/new\/wp-content\/uploads\/2025\/10\/valirivi.jpg\" alt=\"\" class=\"wp-image-272\" srcset=\"https:\/\/suomenreformijuutalaiset.org\/new\/wp-content\/uploads\/2025\/10\/valirivi.jpg 600w, https:\/\/suomenreformijuutalaiset.org\/new\/wp-content\/uploads\/2025\/10\/valirivi-300x5.jpg 300w\" sizes=\"auto, (max-width: 600px) 100vw, 600px\" \/><\/figure>\n\n\n\n<h4 class=\"wp-block-heading\"><strong>Juutalainen el\u00e4m\u00e4<\/strong><\/h4>\n\n\n\n<p class=\"has-medium-font-size\">Artson, Bradley Shavit: It\u2019s a Mitzvah: Step-By-Step to Jewish Living<\/p>\n\n\n\n<p class=\"has-medium-font-size\">Diamant, Anita: Living a Jewish Life: <em>Jewish Traditions, Customs and Values for Today\u2019s Families.<\/em><\/p>\n\n\n\n<p class=\"has-medium-font-size\">Gillman, Neil:<em> The Way Into Encountering God In Judaism.<\/em><\/p>\n\n\n\n<p class=\"has-medium-font-size\">Greenberg, Irving: <em>The Jewish Way: Living the Holidays.<\/em><\/p>\n\n\n\n<p class=\"has-medium-font-size\">Strassfeld, Michael: A Book of Life: Embracing Judaism as a Spiritual Practice.<\/p>\n\n\n\n<p class=\"has-medium-font-size\">Telushkin, Joseph:<em> The Book of Jewish Values. A Day-by-Day Guide to Ethical Living<\/em><\/p>\n\n\n\n<figure class=\"wp-block-image size-full\"><img loading=\"lazy\" decoding=\"async\" width=\"600\" height=\"10\" src=\"http:\/\/suomenreformijuutalaiset.org\/new\/wp-content\/uploads\/2025\/10\/valirivi.jpg\" alt=\"\" class=\"wp-image-272\" srcset=\"https:\/\/suomenreformijuutalaiset.org\/new\/wp-content\/uploads\/2025\/10\/valirivi.jpg 600w, https:\/\/suomenreformijuutalaiset.org\/new\/wp-content\/uploads\/2025\/10\/valirivi-300x5.jpg 300w\" sizes=\"auto, (max-width: 600px) 100vw, 600px\" \/><\/figure>\n\n\n\n<h4 class=\"wp-block-heading\"><strong>Juutalainen keitti\u00f6<\/strong><\/h4>\n\n\n\n<p class=\"has-medium-font-size\">Apfelbaum, Chanie: <em>Millennial Kosher: recipes reinvented for the modern palate.<\/em><\/p>\n\n\n\n<p class=\"has-medium-font-size\">Glezer, Maggie: A Blessing of Bread: The Many Rich Traditions of Jewish Bread Baking Around the World.<\/p>\n\n\n\n<p class=\"has-medium-font-size\">Grossinger, Jennie: <em>The Art of Jewish Cooking<\/em><\/p>\n\n\n\n<p class=\"has-medium-font-size\">Nathan, Joan: <em>Jewish Holiday Cookbook<\/em><\/p>\n\n\n\n<p class=\"has-medium-font-size\">Roden, Claudia: <em>The Book of Jewish Food<\/em><\/p>\n\n\n\n<p class=\"has-medium-font-size\">Sternberg, Robert<em>: Yiddish Cuisine: A Gourmet&#8217;s Approach to Jewish Cooking<\/em><\/p>\n\n\n\n<figure class=\"wp-block-image size-full\"><img loading=\"lazy\" decoding=\"async\" width=\"600\" height=\"10\" src=\"http:\/\/suomenreformijuutalaiset.org\/new\/wp-content\/uploads\/2025\/10\/valirivi.jpg\" alt=\"\" class=\"wp-image-272\" srcset=\"https:\/\/suomenreformijuutalaiset.org\/new\/wp-content\/uploads\/2025\/10\/valirivi.jpg 600w, https:\/\/suomenreformijuutalaiset.org\/new\/wp-content\/uploads\/2025\/10\/valirivi-300x5.jpg 300w\" sizes=\"auto, (max-width: 600px) 100vw, 600px\" \/><\/figure>\n\n\n\n<h4 class=\"wp-block-heading\"><strong>Juutalaisena el\u00e4minen nykyajassa<\/strong><\/h4>\n\n\n\n<p class=\"has-medium-font-size\">Bookman, Terry: <em>Beyond Survival. <\/em><em>How Judaism Can Thrive in the 21st Century<\/em><\/p>\n\n\n\n<p class=\"has-medium-font-size\">Czollek, Max: <em>De-Inte\u00adgrate! A&nbsp;Jew\u00adish Sur\u00advival Guide for the&nbsp;21st Century<\/em><\/p>\n\n\n\n<p class=\"has-medium-font-size\">Donim, Hayim H.:<em> To Be a Jew. A Guide to Jewish Observance in Contemporary Life<\/em><\/p>\n\n\n\n<p class=\"has-medium-font-size\">Feldman, Noah: <em>To Be a Jew Today. A New Guide to God, Israel, and the Jewish People<\/em><\/p>\n\n\n\n<p class=\"has-medium-font-size\">Hurwitz, Sarah:<em>Here All Along. Finding Meaning, Spirituality, and a Deeper Connection to Life&#8211;in Judaism (After Finally Choosing to Look There)<\/em><\/p>\n\n\n\n<p class=\"has-medium-font-size\">Ruttenberg, Danya:<em> Sur\u00adprised by God: How I&nbsp;Learned to Stop Wor\u00adry\u00ading and Love Religion<\/em><\/p>\n\n\n\n<p class=\"has-medium-font-size\">Strassfeld, Michael: <em>Judaism Disrupted: A Spiritual Manifesto for the 21st Century<\/em><\/p>\n\n\n\n<figure class=\"wp-block-image size-full\"><img loading=\"lazy\" decoding=\"async\" width=\"600\" height=\"10\" src=\"http:\/\/suomenreformijuutalaiset.org\/new\/wp-content\/uploads\/2025\/10\/valirivi.jpg\" alt=\"\" class=\"wp-image-272\" srcset=\"https:\/\/suomenreformijuutalaiset.org\/new\/wp-content\/uploads\/2025\/10\/valirivi.jpg 600w, https:\/\/suomenreformijuutalaiset.org\/new\/wp-content\/uploads\/2025\/10\/valirivi-300x5.jpg 300w\" sizes=\"auto, (max-width: 600px) 100vw, 600px\" \/><\/figure>\n\n\n\n<h4 class=\"wp-block-heading\"><strong>Juutalaisuus ja feminismi<\/strong><\/h4>\n\n\n\n<p class=\"has-medium-font-size\">Einstein Schorr, Rebecca &amp; Mendelsohn Graf, Alysa:<em> The Sacred Call\u00ading: Four Decades of Women in the Rabbinate<\/em><\/p>\n\n\n\n<p class=\"has-medium-font-size\">Fine, Gila:<em> The Madwoman in the Rabbi&#8217;s Attic: Rereading the Women of the Talmud<\/em><\/p>\n\n\n\n<p class=\"has-medium-font-size\">Goldstein, Elyse:<em> New Jew\u00adish Fem\u00adi\u00adnism. Prob\u00ading the Past, Forg\u00ading the Future<\/em><\/p>\n\n\n\n<p class=\"has-medium-font-size\">Greenberg, Blu:<em> On Women and Judaism. A&nbsp;View from Tradition<\/em><\/p>\n\n\n\n<p class=\"has-medium-font-size\">Greenspahn, Fred\u00ader\u00adick E.: <em>Women and Judaism. New Insights and Scholarship<\/em><\/p>\n\n\n\n<p class=\"has-medium-font-size\">Hartman, Tova: <em>Feminism Encounters Traditional Judaism. Resistance and Accommodation<\/em><\/p>\n\n\n\n<p class=\"has-medium-font-size\">Haberman, Bon\u00adna Devo\u00adra: <em>Israeli Fem\u00adi\u00adnism Lib\u00ader\u00adat\u00ading Judaism: Blood and&nbsp;Ink<\/em><\/p>\n\n\n\n<p class=\"has-medium-font-size\">Lapidus Lerner, Anne:<em> Eter\u00adnal\u00adly Eve. Images of Eve in the Hebrew Bible, Midrash, and Mod\u00adern Jew\u00adish Poetry<\/em><\/p>\n\n\n\n<p class=\"has-medium-font-size\">Levi Elwell, Sue &amp; Fuchs Kreimer, Nancy:<em> Chap\u00adters of the Heart. Jew\u00adish Women Shar\u00ading the Torah of our&nbsp;Lives<\/em><\/p>\n\n\n\n<p class=\"has-medium-font-size\">Pinsky, Dina:<em> Jew\u00adish Fem\u00adi\u00adnists: Com\u00adplex Iden\u00adti\u00adties and Activist Lives<\/em><\/p>\n\n\n\n<p class=\"has-medium-font-size\">Plaskow, Judith:<em> Standing Again at Sinai. Judaism from a Feminist Perspective.<\/em><\/p>\n\n\n\n<p class=\"has-medium-font-size\">Rubin Dranger, Joanna: <em>Judiska hj\u00e4ltinnor.<\/em><\/p>\n\n\n\n<p class=\"has-medium-font-size\">Cohn Eske\u00adnazi, Tamara &amp; Weiss, and Andrea L.: <em>The Torah: A&nbsp;Wom\u00aden\u2019s Commentary<\/em><\/p>\n\n\n\n<figure class=\"wp-block-image size-full\"><img loading=\"lazy\" decoding=\"async\" width=\"600\" height=\"10\" src=\"http:\/\/suomenreformijuutalaiset.org\/new\/wp-content\/uploads\/2025\/10\/valirivi.jpg\" alt=\"\" class=\"wp-image-272\" srcset=\"https:\/\/suomenreformijuutalaiset.org\/new\/wp-content\/uploads\/2025\/10\/valirivi.jpg 600w, https:\/\/suomenreformijuutalaiset.org\/new\/wp-content\/uploads\/2025\/10\/valirivi-300x5.jpg 300w\" sizes=\"auto, (max-width: 600px) 100vw, 600px\" \/><\/figure>\n\n\n\n<h4 class=\"wp-block-heading\"><strong>Juutalaisuus ja LGBTQ<\/strong><\/h4>\n\n\n\n<p class=\"has-medium-font-size\">Address, Richard F. &amp; Kushner, Joel L. Kush\u00adn\u00ader &amp; Mitelman, Geof\u00adfrey:<em> Kulanu (All of Us). A&nbsp;Pro\u00adgram&nbsp;&amp;&nbsp;Resource Guide for Gay, Les\u00adbian, Bisex\u00adu\u00adal&nbsp;&amp;&nbsp;Trans\u00adgen\u00adder Inclusion<\/em><\/p>\n\n\n\n<p class=\"has-medium-font-size\">Avishai, Orit: <em>Queer Judaism<\/em><\/p>\n\n\n\n<p class=\"has-medium-font-size\">Boyarin, Daniel: <em>Unheroic Conduct. The Rise of Heterosexuality and Invention of the Jewish Man.<\/em><\/p>\n\n\n\n<p class=\"has-medium-font-size\">Greenberg, Steven:<em> Wrestling with God and Men. Homosexuality in the Jewish Tradition.<\/em><\/p>\n\n\n\n<p class=\"has-medium-font-size\">Eger, Denise:<em> Mishkan Ga\u2019avah. Where Pride Dwells -A&nbsp;Cel\u00ade\u00adbra\u00adtion of&nbsp;LGBTQ&nbsp;Jew\u00adish Life and Ritual<\/em><\/p>\n\n\n\n<p class=\"has-medium-font-size\">Dzmura, Noach:<em> Bal\u00adanc\u00ading on the Mechitza. Trans\u00adgen\u00adder in Jew\u00adish Community<\/em><\/p>\n\n\n\n<p class=\"has-medium-font-size\">Hope Lefkowitz, Lori<em>: In Scrip\u00adture: The First Sto\u00adries of Jew\u00adish Sex\u00adu\u00adal Identities<\/em><\/p>\n\n\n\n<p class=\"has-medium-font-size\">Michaelson, Jay:<em> God vs. Gay? The Reli\u00adgious Case for Equality<\/em><\/p>\n\n\n\n<p class=\"has-medium-font-size\">Ramer, Andrew: <em>Queer\u00ading the Text. Bib\u00adli\u00adcal, Medieval, and Mod\u00adern Jew\u00adish Stories<\/em><\/p>\n\n\n\n<figure class=\"wp-block-image size-full\"><img loading=\"lazy\" decoding=\"async\" width=\"600\" height=\"10\" src=\"http:\/\/suomenreformijuutalaiset.org\/new\/wp-content\/uploads\/2025\/10\/valirivi.jpg\" alt=\"\" class=\"wp-image-272\" srcset=\"https:\/\/suomenreformijuutalaiset.org\/new\/wp-content\/uploads\/2025\/10\/valirivi.jpg 600w, https:\/\/suomenreformijuutalaiset.org\/new\/wp-content\/uploads\/2025\/10\/valirivi-300x5.jpg 300w\" sizes=\"auto, (max-width: 600px) 100vw, 600px\" \/><\/figure>\n\n\n\n<h4 class=\"wp-block-heading\"><strong>Juutalaisuus Suomessa<\/strong><\/h4>\n\n\n\n<p class=\"has-medium-font-size\">Ekholm, Laura: <em>Lechaim! : kuvia Suomen juutalaisten historiasta. &nbsp;<\/em><em>Images from the history of Jews in Finland<\/em><\/p>\n\n\n\n<p class=\"has-medium-font-size\">Haapanen, Atso:<em> Ennen Auschwitzia &#8211; Suomen juutalaisten tarina<\/em><\/p>\n\n\n\n<p class=\"has-medium-font-size\">Jacobsson, Santeri:<em> Taistelu ihmisoikeuksista<\/em><\/p>\n\n\n\n<p class=\"has-medium-font-size\">Simon, John:<em> Mahdoton sota<\/em><\/p>\n\n\n\n<p class=\"has-medium-font-size\">Smolar, Rony:<em> El\u00e4m\u00e4ni kahdeksas p\u00e4iv\u00e4 &#8211; Mayer Franckin selviytymistarina<\/em><\/p>\n\n\n\n<p class=\"has-medium-font-size\">Smolar, Rony &amp; Hirschowits, Adiel:<em> Makkabi \u2014 Helsingin juutalaisen urheiluseuran historia<\/em><\/p>\n\n\n\n<p class=\"has-medium-font-size\">Torvinen, Taimi: <em>Kadimah \u2013 Suomen juutalaisten historia<\/em><\/p>\n\n\n\n<figure class=\"wp-block-image size-full\"><img loading=\"lazy\" decoding=\"async\" width=\"600\" height=\"10\" src=\"http:\/\/suomenreformijuutalaiset.org\/new\/wp-content\/uploads\/2025\/10\/valirivi.jpg\" alt=\"\" class=\"wp-image-272\" srcset=\"https:\/\/suomenreformijuutalaiset.org\/new\/wp-content\/uploads\/2025\/10\/valirivi.jpg 600w, https:\/\/suomenreformijuutalaiset.org\/new\/wp-content\/uploads\/2025\/10\/valirivi-300x5.jpg 300w\" sizes=\"auto, (max-width: 600px) 100vw, 600px\" \/><\/figure>\n\n\n\n<h4 class=\"wp-block-heading\"><strong>Antisemitismi<\/strong><\/h4>\n\n\n\n<p class=\"has-medium-font-size\">Baddiel, David: <em>Jews Don\u2019t Count<\/em><\/p>\n\n\n\n<p class=\"has-medium-font-size\">Beren\u00adbaum, Michael: <em>Not Your Father\u2019s Anti\u00adsemitism. Hatred of the Jews in the 21st Century<\/em><\/p>\n\n\n\n<p class=\"has-medium-font-size\">Cohn Norman: <em>Warrant for Genocide: The myth of the Jewish World Conspiracy and the Protocols of the Elders of Zion<\/em><\/p>\n\n\n\n<p class=\"has-medium-font-size\">Goldhagen, Daniel Jonah: <em>The Dev\u00adil That Nev\u00ader Dies. The Rise and Threat of Glob\u00adal Antisemitism<\/em><\/p>\n\n\n\n<p class=\"has-medium-font-size\">Goldstein, Phyllis:<em> A Convenient Hatred. The History of Antisemitism<\/em><\/p>\n\n\n\n<p class=\"has-medium-font-size\">Horn, Dara: <em>People Love Dead Jews. Reports From a Haunted Present.<\/em><\/p>\n\n\n\n<p class=\"has-medium-font-size\">Lipstadt, Deborah E.:<em> Antisemitism. Here and Now<\/em><\/p>\n\n\n\n<p class=\"has-medium-font-size\">Nirenberg, David: <em>Anti-Judaism. The History of a Way of Thinking.<\/em><\/p>\n\n\n\n<p class=\"has-medium-font-size\">Perry, Marvin &amp; Schweitzer, Fredrik M.:<em> Anti\u00adsemit\u00adic Myths. A&nbsp;His\u00adtor\u00adi\u00adcal and Con\u00adtem\u00adpo\u00adrary Anthology<\/em><\/p>\n\n\n\n<p class=\"has-medium-font-size\">Rich, Dave:<em> Everyday Hate. How antisemitism is built into our world \u2013 and how you can change it<\/em><\/p>\n\n\n\n<p class=\"has-medium-font-size\">Rothholz, Peter L.: <em>Anti-Zion\u00adism and Anti\u00adsemitism. The Dynam\u00adics of Delegitimization<\/em><\/p>\n\n\n\n<p class=\"has-medium-font-size\">Stern, Kenneth: <em>Anti-Semi\u00adtism Today. How It Is The Same, How It Is Dif\u00adfer\u00adent, and How To Fight&nbsp;It<\/em><\/p>\n\n\n\n<figure class=\"wp-block-image size-full\"><img loading=\"lazy\" decoding=\"async\" width=\"600\" height=\"10\" src=\"http:\/\/suomenreformijuutalaiset.org\/new\/wp-content\/uploads\/2025\/10\/valirivi.jpg\" alt=\"\" class=\"wp-image-272\" srcset=\"https:\/\/suomenreformijuutalaiset.org\/new\/wp-content\/uploads\/2025\/10\/valirivi.jpg 600w, https:\/\/suomenreformijuutalaiset.org\/new\/wp-content\/uploads\/2025\/10\/valirivi-300x5.jpg 300w\" sizes=\"auto, (max-width: 600px) 100vw, 600px\" \/><\/figure>\n\n\n\n<h4 class=\"wp-block-heading\"><strong>Holokausti<\/strong><\/h4>\n\n\n\n<p class=\"has-medium-font-size\">Bruchfeld, St\u00e9phane &amp; Levine, Paul A.: <em>Kertokaa siit\u00e4 lapsillenne\u2026 <\/em><em>Kirja juutalaisten joukkotuhosta Euroopassa 1933-1945<\/em><\/p>\n\n\n\n<p class=\"has-medium-font-size\">Carter Hett, Benjamin:<em> The Death of Democracy. Hitler\u2019s Rise to Power and the Downfall of the Weimar Republic<\/em><\/p>\n\n\n\n<p class=\"has-medium-font-size\">Clementi, Fred\u00ader\u00adi\u00adca K.: <em>Holo\u00adcaust Moth\u00aders and Daugh\u00adters. Fam\u00adi\u00adly, His\u00adto\u00adry, and Trauma<\/em><\/p>\n\n\n\n<p class=\"has-medium-font-size\">Frank, Anne: <em>The Diary of a Young Girl<\/em><\/p>\n\n\n\n<p class=\"has-medium-font-size\">Haffner, Sebastian: <em>Defying Hitler<\/em><\/p>\n\n\n\n<p class=\"has-medium-font-size\">Hayes, Peter: <em>Why? Explaining the Holocaust<\/em><\/p>\n\n\n\n<p class=\"has-medium-font-size\">Kaplan, Marion:<em> Between Dignity and Despair. Jewish Life in Nazi Germany.<\/em><\/p>\n\n\n\n<p class=\"has-medium-font-size\">Levi, Primo: <em>Survival in Auschwitz<\/em><strong><\/strong><\/p>\n\n\n\n<p class=\"has-medium-font-size\">McMillan, Dan: <em>How Could This Happen. Explain\u00ading the Holocaust<\/em><\/p>\n\n\n\n<p class=\"has-medium-font-size\">Rees, Laurence:<em> The Holocaust. A New History.<\/em><\/p>\n\n\n\n<p class=\"has-medium-font-size\">Segev, Tom:<em> The Seventh Million. <\/em><em>The Israelis and the Holocaust<\/em><\/p>\n\n\n\n<figure class=\"wp-block-image size-full\"><img loading=\"lazy\" decoding=\"async\" width=\"600\" height=\"10\" src=\"http:\/\/suomenreformijuutalaiset.org\/new\/wp-content\/uploads\/2025\/10\/valirivi.jpg\" alt=\"\" class=\"wp-image-272\" srcset=\"https:\/\/suomenreformijuutalaiset.org\/new\/wp-content\/uploads\/2025\/10\/valirivi.jpg 600w, https:\/\/suomenreformijuutalaiset.org\/new\/wp-content\/uploads\/2025\/10\/valirivi-300x5.jpg 300w\" sizes=\"auto, (max-width: 600px) 100vw, 600px\" \/><\/figure>\n\n\n<div class=\"wp-block-image\">\n<figure class=\"aligncenter size-full\"><img loading=\"lazy\" decoding=\"async\" width=\"800\" height=\"534\" src=\"http:\/\/suomenreformijuutalaiset.org\/new\/wp-content\/uploads\/2025\/10\/Jewish-books-better.jpg\" alt=\"\" class=\"wp-image-414\" srcset=\"https:\/\/suomenreformijuutalaiset.org\/new\/wp-content\/uploads\/2025\/10\/Jewish-books-better.jpg 800w, https:\/\/suomenreformijuutalaiset.org\/new\/wp-content\/uploads\/2025\/10\/Jewish-books-better-300x200.jpg 300w, https:\/\/suomenreformijuutalaiset.org\/new\/wp-content\/uploads\/2025\/10\/Jewish-books-better-768x513.jpg 768w, https:\/\/suomenreformijuutalaiset.org\/new\/wp-content\/uploads\/2025\/10\/Jewish-books-better-700x467.jpg 700w\" sizes=\"auto, (max-width: 800px) 100vw, 800px\" \/><figcaption class=\"wp-element-caption\"><em>Kirjallisuus on juutalaisuudessa t\u00e4rke\u00e4ss\u00e4 roolissa.<\/em><\/figcaption><\/figure>\n<\/div>","protected":false},"excerpt":{"rendered":"<p>Kiinnostaako sinua syvent\u00e4\u00e4 tiet\u00e4myst\u00e4si juutalaisesta el\u00e4m\u00e4st\u00e4, historiasta, uskonnosta, tai jostain sen osa-alueesta? T\u00e4nne olemme koonneet aihepiireitt\u00e4in tietokirjallisuutta, josta l\u00f6yd\u00e4t lis\u00e4\u00e4 tietoa. PS. \u00c4l\u00e4 unohda my\u00f6sk\u00e4\u00e4n Usein kysytyt kysymykset- osiotamme! Juutalainen uskonto Diamant, Anita: Choosing a Jewish Life, Revised and Updated. A Handbook for People Converting to Judaism and for Their Family and Friends Olitzky, Kerry [&hellip;]<\/p>\n","protected":false},"author":1,"featured_media":0,"parent":54,"menu_order":2,"comment_status":"closed","ping_status":"closed","template":"","meta":{"footnotes":""},"class_list":["post-189","page","type-page","status-publish","hentry"],"_links":{"self":[{"href":"https:\/\/suomenreformijuutalaiset.org\/new\/wp-json\/wp\/v2\/pages\/189","targetHints":{"allow":["GET"]}}],"collection":[{"href":"https:\/\/suomenreformijuutalaiset.org\/new\/wp-json\/wp\/v2\/pages"}],"about":[{"href":"https:\/\/suomenreformijuutalaiset.org\/new\/wp-json\/wp\/v2\/types\/page"}],"author":[{"embeddable":true,"href":"https:\/\/suomenreformijuutalaiset.org\/new\/wp-json\/wp\/v2\/users\/1"}],"replies":[{"embeddable":true,"href":"https:\/\/suomenreformijuutalaiset.org\/new\/wp-json\/wp\/v2\/comments?post=189"}],"version-history":[{"count":15,"href":"https:\/\/suomenreformijuutalaiset.org\/new\/wp-json\/wp\/v2\/pages\/189\/revisions"}],"predecessor-version":[{"id":415,"href":"https:\/\/suomenreformijuutalaiset.org\/new\/wp-json\/wp\/v2\/pages\/189\/revisions\/415"}],"up":[{"embeddable":true,"href":"https:\/\/suomenreformijuutalaiset.org\/new\/wp-json\/wp\/v2\/pages\/54"}],"wp:attachment":[{"href":"https:\/\/suomenreformijuutalaiset.org\/new\/wp-json\/wp\/v2\/media?parent=189"}],"curies":[{"name":"wp","href":"https:\/\/api.w.org\/{rel}","templated":true}]}}