{"id":191,"date":"2025-06-24T19:49:43","date_gmt":"2025-06-24T16:49:43","guid":{"rendered":"http:\/\/suomenreformijuutalaiset.org\/new\/?page_id=191"},"modified":"2025-10-27T23:23:53","modified_gmt":"2025-10-27T21:23:53","slug":"tutkimuksia-ja-selvityksia","status":"publish","type":"page","link":"https:\/\/suomenreformijuutalaiset.org\/new\/resources\/tutkimuksia-ja-selvityksia\/","title":{"rendered":"Tutkimuksia ja selvityksi\u00e4"},"content":{"rendered":"\n<p class=\"has-medium-font-size\">T\u00e4nne olemme koonneet juutalaisia tai heid\u00e4n el\u00e4m\u00e4\u00e4ns\u00e4 ja haasteita \u2013 mm. antisemitismi \u2013 k\u00e4sittelev\u00e4\u00e4 tutkimustietoa, selvityksi\u00e4, raportteja ja julkaisuja. N\u00e4it\u00e4, niin Minhag Finland- hankkeen <a href=\"https:\/\/polininstitutet.fi\/wp-content\/uploads\/2024\/03\/Minhag-OUTPUT-2024-1.pdf\">julkaisuja<\/a> kuin eri opinn\u00e4ytet\u00f6it\u00e4, on julkaistu paljon enemm\u00e4nkin, mutta t\u00e4h\u00e4n olemme koonneet verkosta l\u00f6ytyv\u00e4t. Sis\u00e4ll\u00f6lt\u00e4\u00e4n ne keskittyv\u00e4t Suomen juutalaisyhteis\u00f6\u00f6n sek\u00e4 Euroopan Unionin alueeseen.<\/p>\n\n\n\n<figure class=\"wp-block-image size-full\"><img loading=\"lazy\" decoding=\"async\" width=\"600\" height=\"10\" src=\"http:\/\/suomenreformijuutalaiset.org\/new\/wp-content\/uploads\/2025\/10\/valirivi.jpg\" alt=\"\" class=\"wp-image-272\" srcset=\"https:\/\/suomenreformijuutalaiset.org\/new\/wp-content\/uploads\/2025\/10\/valirivi.jpg 600w, https:\/\/suomenreformijuutalaiset.org\/new\/wp-content\/uploads\/2025\/10\/valirivi-300x5.jpg 300w\" sizes=\"auto, (max-width: 600px) 100vw, 600px\" \/><\/figure>\n\n\n\n<h4 class=\"wp-block-heading\"><strong>2024<\/strong><\/h4>\n\n\n\n<p class=\"has-medium-font-size\"><a href=\"file:\/\/\/C:\/Users\/ariel\/Desktop\/Yiddishkeit\/Or%20HaTzafon\/Nettisivu\/Tekstit\/Resources\/Tutkimuksia%20ja%20selvityksi\u00e4\/KOKEMUKSIA%20JA%20N\u00c4KEMYKSI\u00c4\">Kokemuksia ja n\u00e4kemyksi\u00e4 antisemitismist\u00e4 \u2013 selvitys juutalaisiin kohdistuvasta syrjinn\u00e4st\u00e4 ja viharikollisuudesta<\/a><\/p>\n\n\n\n<p class=\"has-medium-font-size\"><a href=\"https:\/\/fra.europa.eu\/en\/publication\/2024\/experiences-and-perceptions-antisemitism-third-survey\">Jewish People\u2019s Experiences and Perceptions of Antisemitism \u2013 EU Survey of Jewish People<\/a><\/p>\n\n\n\n<figure class=\"wp-block-image size-full\"><img loading=\"lazy\" decoding=\"async\" width=\"600\" height=\"10\" src=\"http:\/\/suomenreformijuutalaiset.org\/new\/wp-content\/uploads\/2025\/10\/valirivi.jpg\" alt=\"\" class=\"wp-image-272\" srcset=\"https:\/\/suomenreformijuutalaiset.org\/new\/wp-content\/uploads\/2025\/10\/valirivi.jpg 600w, https:\/\/suomenreformijuutalaiset.org\/new\/wp-content\/uploads\/2025\/10\/valirivi-300x5.jpg 300w\" sizes=\"auto, (max-width: 600px) 100vw, 600px\" \/><\/figure>\n\n\n\n<h4 class=\"wp-block-heading\"><strong>2023<\/strong><\/h4>\n\n\n\n<p class=\"has-medium-font-size\"><a href=\"https:\/\/www.tieteessatapahtuu.fi\/numerot\/4-2023\/ne-eivat-kerta-kaikkiaan-halua-paastaa-sinua-etenemaan-taalla-juutalaisten#ki33\">\u201dNe eiv\u00e4t kerta kaikkiaan halua p\u00e4\u00e4st\u00e4\u00e4 sinua etenem\u00e4\u00e4n t\u00e4\u00e4ll\u00e4\u201d \u2013 Juutalaisten opiskelijoiden akateemiset urat katkesivat Suomessa 1930-luvun antisemitismiin<\/a><\/p>\n\n\n\n<p class=\"has-medium-font-size\"><a href=\"https:\/\/fra.europa.eu\/en\/publication\/2023\/antisemitism-overview-2012-2022\">Antisemitism in 2022 &#8211; Overview of antisemitic incidents recorded in the EU<\/a><\/p>\n\n\n\n<p class=\"has-medium-font-size\"><a href=\"https:\/\/journals.sagepub.com\/doi\/pdf\/10.1177\/14687968231184632\">The representation of Jews in the Finnish press before the second world war<\/a><\/p>\n\n\n\n<figure class=\"wp-block-image size-full\"><img loading=\"lazy\" decoding=\"async\" width=\"600\" height=\"10\" src=\"http:\/\/suomenreformijuutalaiset.org\/new\/wp-content\/uploads\/2025\/10\/valirivi.jpg\" alt=\"\" class=\"wp-image-272\" srcset=\"https:\/\/suomenreformijuutalaiset.org\/new\/wp-content\/uploads\/2025\/10\/valirivi.jpg 600w, https:\/\/suomenreformijuutalaiset.org\/new\/wp-content\/uploads\/2025\/10\/valirivi-300x5.jpg 300w\" sizes=\"auto, (max-width: 600px) 100vw, 600px\" \/><\/figure>\n\n\n\n<h4 class=\"wp-block-heading\"><strong>2022<\/strong><\/h4>\n\n\n\n<p class=\"has-medium-font-size\"><a href=\"https:\/\/fra.europa.eu\/en\/publication\/2022\/antisemitism-overview-2011-2021\">Antisemitism &#8211; Overview of antisemitic incidents recorded in the European Union 2011-2021<\/a><\/p>\n\n\n\n<figure class=\"wp-block-image size-full\"><img loading=\"lazy\" decoding=\"async\" width=\"600\" height=\"10\" src=\"http:\/\/suomenreformijuutalaiset.org\/new\/wp-content\/uploads\/2025\/10\/valirivi.jpg\" alt=\"\" class=\"wp-image-272\" srcset=\"https:\/\/suomenreformijuutalaiset.org\/new\/wp-content\/uploads\/2025\/10\/valirivi.jpg 600w, https:\/\/suomenreformijuutalaiset.org\/new\/wp-content\/uploads\/2025\/10\/valirivi-300x5.jpg 300w\" sizes=\"auto, (max-width: 600px) 100vw, 600px\" \/><\/figure>\n\n\n\n<h4 class=\"wp-block-heading\"><strong>2021<\/strong><\/h4>\n\n\n\n<p class=\"has-medium-font-size\"><a href=\"https:\/\/eur-lex.europa.eu\/legal-content\/FI\/TXT\/PDF\/?uri=CELEX:52021DC0615\">EU:n strategia antisemitismin torjumiseksi ja juutalaisen el\u00e4m\u00e4ntavan vaalimiseksi (2021\u22122030)<\/a><\/p>\n\n\n\n<p class=\"has-medium-font-size\"><a href=\"https:\/\/www.doria.fi\/bitstream\/handle\/10024\/181377\/czimbalmos_merc%c3%a9desz.pdf?sequence=1&amp;isAllowed=y\">Intermarriage, Conversion, and Jewish Identity in Contemporary Finland A study of vernacular religion in the Finnish Jewish communities<\/a><\/p>\n\n\n\n<p class=\"has-medium-font-size\"><a href=\"https:\/\/fra.europa.eu\/en\/publication\/2021\/antisemitism-overview-2010-2020\">Antisemitism: Overview of antisemitic incidents recorded in the European Union 2010-2020<\/a><\/p>\n\n\n\n<figure class=\"wp-block-image size-full\"><img loading=\"lazy\" decoding=\"async\" width=\"600\" height=\"10\" src=\"http:\/\/suomenreformijuutalaiset.org\/new\/wp-content\/uploads\/2025\/10\/valirivi.jpg\" alt=\"\" class=\"wp-image-272\" srcset=\"https:\/\/suomenreformijuutalaiset.org\/new\/wp-content\/uploads\/2025\/10\/valirivi.jpg 600w, https:\/\/suomenreformijuutalaiset.org\/new\/wp-content\/uploads\/2025\/10\/valirivi-300x5.jpg 300w\" sizes=\"auto, (max-width: 600px) 100vw, 600px\" \/><\/figure>\n\n\n\n<h4 class=\"wp-block-heading\"><strong>2020<\/strong><\/h4>\n\n\n\n<p class=\"has-medium-font-size\"><a href=\"https:\/\/helda.helsinki.fi\/server\/api\/core\/bitstreams\/1c15c596-1fbb-4d15-a522-6356cc47455d\/content\">\u201dKritiikill\u00e4 ja vihalla on suuri ero!\u201d Kyselytutkimus antisemitismiin liittyvist\u00e4 k\u00e4sityksist\u00e4 Suomen juutalaisten parissa<\/a><\/p>\n\n\n\n<p class=\"has-medium-font-size\"><a href=\"https:\/\/teologia.fi\/2020\/01\/antisemitismi-eilen-tanaan-huomenna\/\">Antisemitismi eilen, t\u00e4n\u00e4\u00e4n, huomenna<\/a><\/p>\n\n\n\n<p class=\"has-medium-font-size\"><a href=\"https:\/\/fra.europa.eu\/en\/publication\/2020\/antisemitism-overview-2009-2019\">Antisemitism: Overview of antisemitic incidents recorded in the European Union 2009-2019<\/a><\/p>\n\n\n\n<p class=\"has-medium-font-size\"><a href=\"https:\/\/helda.helsinki.fi\/server\/api\/core\/bitstreams\/7ed23196-a467-4f3b-a22a-ddca623cd66f\/content\">Rukoilun merkityksest\u00e4 juutalaisuudessa &#8211; Pro gradu -kyselytutkimus Suomen juutalaisten rukoilemiseen liittyvist\u00e4 k\u00e4sityksist\u00e4<\/a><\/p>\n\n\n\n<figure class=\"wp-block-image size-full\"><img loading=\"lazy\" decoding=\"async\" width=\"600\" height=\"10\" src=\"http:\/\/suomenreformijuutalaiset.org\/new\/wp-content\/uploads\/2025\/10\/valirivi.jpg\" alt=\"\" class=\"wp-image-272\" srcset=\"https:\/\/suomenreformijuutalaiset.org\/new\/wp-content\/uploads\/2025\/10\/valirivi.jpg 600w, https:\/\/suomenreformijuutalaiset.org\/new\/wp-content\/uploads\/2025\/10\/valirivi-300x5.jpg 300w\" sizes=\"auto, (max-width: 600px) 100vw, 600px\" \/><\/figure>\n\n\n\n<h4 class=\"wp-block-heading\"><strong>2019<\/strong><\/h4>\n\n\n\n<p class=\"has-medium-font-size\"><a href=\"https:\/\/www.cepol.europa.eu\/api\/assets\/Guide_to_Judaism_FI.pdf\">K\u00e4yt\u00e4nn\u00f6n opas juutalaisuuteen \u2013 Euroopan juutalaiskongressin ja EU:n lainvalvontakoulutusviraston julkaisu<\/a><\/p>\n\n\n\n<p class=\"has-medium-font-size\"><a href=\"https:\/\/kansallisarkisto.fi\/documents\/141232930\/153230445\/suomalaiset_ss-vapaaehtoiset.pdf\/8f6c4b35-c878-49ea-1302-c0f28efd0349\/suomalaiset_ss-vapaaehtoiset.pdf\">Suomalaiset SS-vapaaehtoiset ja v\u00e4kivaltaisuudet 1941-1943<\/a><\/p>\n\n\n\n<p class=\"has-medium-font-size\"><a href=\"https:\/\/fra.europa.eu\/en\/publication\/2019\/young-jewish-europeans-perceptions-and-experiences-antisemitism\">Young Jewish Europeans: perceptions and experiences of antisemitism<\/a><\/p>\n\n\n\n<figure class=\"wp-block-image size-full\"><img loading=\"lazy\" decoding=\"async\" width=\"600\" height=\"10\" src=\"http:\/\/suomenreformijuutalaiset.org\/new\/wp-content\/uploads\/2025\/10\/valirivi.jpg\" alt=\"\" class=\"wp-image-272\" srcset=\"https:\/\/suomenreformijuutalaiset.org\/new\/wp-content\/uploads\/2025\/10\/valirivi.jpg 600w, https:\/\/suomenreformijuutalaiset.org\/new\/wp-content\/uploads\/2025\/10\/valirivi-300x5.jpg 300w\" sizes=\"auto, (max-width: 600px) 100vw, 600px\" \/><\/figure>\n\n\n\n<h4 class=\"wp-block-heading\"><strong>2018<\/strong><\/h4>\n\n\n\n<p class=\"has-medium-font-size\"><a href=\"https:\/\/uusitie.com\/mennaan-kauemmas-eika-sanota-paivaa-millaista-olla-juutalainen-suomessa\/\">\u201dMenn\u00e4\u00e4n kauemmas eik\u00e4 sanota p\u00e4iv\u00e4\u00e4\u201d \u2013 millaista on olla juutalainen Suomessa?<\/a><\/p>\n\n\n\n<p class=\"has-medium-font-size\"><a href=\"https:\/\/fra.europa.eu\/en\/publication\/2018\/experiences-and-perceptions-antisemitism-second-survey-discrimination-and-hate\">Experiences and perceptions of antisemitism &#8211; Second survey on discrimination and hate crime against Jews in the EU<\/a><\/p>\n\n\n\n<p class=\"has-medium-font-size\"><a href=\"https:\/\/fra.europa.eu\/en\/publication\/2019\/antisemitism-overview-data-available-european-union-2008-2018\">Antisemitism &#8211; Overview of data available in the European Union 2008\u20132018<\/a><\/p>\n\n\n\n<figure class=\"wp-block-image size-full\"><img loading=\"lazy\" decoding=\"async\" width=\"600\" height=\"10\" src=\"http:\/\/suomenreformijuutalaiset.org\/new\/wp-content\/uploads\/2025\/10\/valirivi.jpg\" alt=\"\" class=\"wp-image-272\" srcset=\"https:\/\/suomenreformijuutalaiset.org\/new\/wp-content\/uploads\/2025\/10\/valirivi.jpg 600w, https:\/\/suomenreformijuutalaiset.org\/new\/wp-content\/uploads\/2025\/10\/valirivi-300x5.jpg 300w\" sizes=\"auto, (max-width: 600px) 100vw, 600px\" \/><\/figure>\n\n\n\n<h4 class=\"wp-block-heading\"><strong>2017<\/strong><\/h4>\n\n\n\n<p class=\"has-medium-font-size\"><a href=\"https:\/\/helda.helsinki.fi\/server\/api\/core\/bitstreams\/83749d50-3dca-4a09-a7b9-3c3fbf9aa84f\/content\">Muistakaa, heille kallis ol\u2019 maa &#8211; Suomen Juutalaiset Sotaveteraanit veljespiiri juutalaisen ja kansallisen identiteetin lujittajana vuosina 1979-2014<\/a><\/p>\n\n\n\n<figure class=\"wp-block-image size-full\"><img loading=\"lazy\" decoding=\"async\" width=\"600\" height=\"10\" src=\"http:\/\/suomenreformijuutalaiset.org\/new\/wp-content\/uploads\/2025\/10\/valirivi.jpg\" alt=\"\" class=\"wp-image-272\" srcset=\"https:\/\/suomenreformijuutalaiset.org\/new\/wp-content\/uploads\/2025\/10\/valirivi.jpg 600w, https:\/\/suomenreformijuutalaiset.org\/new\/wp-content\/uploads\/2025\/10\/valirivi-300x5.jpg 300w\" sizes=\"auto, (max-width: 600px) 100vw, 600px\" \/><\/figure>\n\n\n\n<h4 class=\"wp-block-heading\"><strong>2015<\/strong><\/h4>\n\n\n\n<p class=\"has-medium-font-size\"><a href=\"https:\/\/trepo.tuni.fi\/bitstream\/handle\/10024\/97293\/GRADU-1433742126b.pdf?sequence=1\">Juutalaiset Kangasalan karhun kynsiss\u00e4 \u2013 Agathon Meurmanin kannanotot juutalaiskysymykseen valtiop\u00e4ivill\u00e4 ja julkisessa keskustelussa<\/a><\/p>\n\n\n\n<figure class=\"wp-block-image size-full\"><img loading=\"lazy\" decoding=\"async\" width=\"600\" height=\"10\" src=\"http:\/\/suomenreformijuutalaiset.org\/new\/wp-content\/uploads\/2025\/10\/valirivi.jpg\" alt=\"\" class=\"wp-image-272\" srcset=\"https:\/\/suomenreformijuutalaiset.org\/new\/wp-content\/uploads\/2025\/10\/valirivi.jpg 600w, https:\/\/suomenreformijuutalaiset.org\/new\/wp-content\/uploads\/2025\/10\/valirivi-300x5.jpg 300w\" sizes=\"auto, (max-width: 600px) 100vw, 600px\" \/><\/figure>\n\n\n\n<h4 class=\"wp-block-heading\"><strong>2014<\/strong><\/h4>\n\n\n\n<p class=\"has-medium-font-size\"><a href=\"https:\/\/fra.europa.eu\/en\/publications-and-resources\/data-and-maps\/survey-discrimination-and-hate-crime-against-jews-eu-2012\">Survey on discrimination and hate crime against Jews in EU (2012)<\/a><\/p>\n\n\n\n<figure class=\"wp-block-image size-full\"><img loading=\"lazy\" decoding=\"async\" width=\"600\" height=\"10\" src=\"http:\/\/suomenreformijuutalaiset.org\/new\/wp-content\/uploads\/2025\/10\/valirivi.jpg\" alt=\"\" class=\"wp-image-272\" srcset=\"https:\/\/suomenreformijuutalaiset.org\/new\/wp-content\/uploads\/2025\/10\/valirivi.jpg 600w, https:\/\/suomenreformijuutalaiset.org\/new\/wp-content\/uploads\/2025\/10\/valirivi-300x5.jpg 300w\" sizes=\"auto, (max-width: 600px) 100vw, 600px\" \/><\/figure>\n\n\n\n<h4 class=\"wp-block-heading\"><strong>2013<\/strong><\/h4>\n\n\n\n<p class=\"has-medium-font-size\"><a href=\"https:\/\/fra.europa.eu\/en\/publication\/2013\/discrimination-and-hate-crime-against-jews-eu-member-states-experiences-and\">Discrimination and hate crime against Jews in EU Member States: experiences and perceptions of antisemitism<\/a><\/p>\n\n\n\n<figure class=\"wp-block-image size-full\"><img loading=\"lazy\" decoding=\"async\" width=\"600\" height=\"10\" src=\"http:\/\/suomenreformijuutalaiset.org\/new\/wp-content\/uploads\/2025\/10\/valirivi.jpg\" alt=\"\" class=\"wp-image-272\" srcset=\"https:\/\/suomenreformijuutalaiset.org\/new\/wp-content\/uploads\/2025\/10\/valirivi.jpg 600w, https:\/\/suomenreformijuutalaiset.org\/new\/wp-content\/uploads\/2025\/10\/valirivi-300x5.jpg 300w\" sizes=\"auto, (max-width: 600px) 100vw, 600px\" \/><\/figure>\n\n\n\n<h4 class=\"wp-block-heading\"><strong>2010<\/strong><\/h4>\n\n\n\n<p class=\"has-medium-font-size\"><a href=\"https:\/\/fra.europa.eu\/en\/publication\/2010\/discover-past-future-role-historical-sites-and-museums-holocaust-education-and\">Discover the past for the future \u2013 The role of historical sites and museums in Holocaust education and human rights education in the EU<\/a><\/p>\n\n\n\n<figure class=\"wp-block-image size-full\"><img loading=\"lazy\" decoding=\"async\" width=\"600\" height=\"10\" src=\"http:\/\/suomenreformijuutalaiset.org\/new\/wp-content\/uploads\/2025\/10\/valirivi.jpg\" alt=\"\" class=\"wp-image-272\" srcset=\"https:\/\/suomenreformijuutalaiset.org\/new\/wp-content\/uploads\/2025\/10\/valirivi.jpg 600w, https:\/\/suomenreformijuutalaiset.org\/new\/wp-content\/uploads\/2025\/10\/valirivi-300x5.jpg 300w\" sizes=\"auto, (max-width: 600px) 100vw, 600px\" \/><\/figure>\n\n\n\n<h4 class=\"wp-block-heading\"><strong>2006<\/strong><\/h4>\n\n\n\n<p class=\"has-medium-font-size\"><a href=\"https:\/\/helda.helsinki.fi\/server\/api\/core\/bitstreams\/f71850b5-e918-4f68-8261-d9f8da519610\/content\">Juutalaisvastaisuus suomalaisissa aikakauslehdiss\u00e4 ja kirjallisuudessa 1918\u20141944<\/a><\/p>\n\n\n\n<figure class=\"wp-block-image size-full\"><img loading=\"lazy\" decoding=\"async\" width=\"600\" height=\"10\" src=\"http:\/\/suomenreformijuutalaiset.org\/new\/wp-content\/uploads\/2025\/10\/valirivi.jpg\" alt=\"\" class=\"wp-image-272\" srcset=\"https:\/\/suomenreformijuutalaiset.org\/new\/wp-content\/uploads\/2025\/10\/valirivi.jpg 600w, https:\/\/suomenreformijuutalaiset.org\/new\/wp-content\/uploads\/2025\/10\/valirivi-300x5.jpg 300w\" sizes=\"auto, (max-width: 600px) 100vw, 600px\" \/><\/figure>\n\n\n\n<p><strong>2004<\/strong><\/p>\n\n\n\n<p class=\"has-medium-font-size\"><a href=\"https:\/\/agricolaverkko.fi\/vintti\/julkaisut\/tietosanomat-1998-2005\/luovutetut\/juuta.php\">Juutalaisena Suomessa 1930- ja 1990- luvuilla<\/a><\/p>\n\n\n\n<p class=\"has-medium-font-size\"><a href=\"https:\/\/fra.europa.eu\/en\/publication\/2010\/manifestations-antisemitism-eu-2002-2003\">Manifestations of Antisemitism in the EU 2002 \u2013 2003<\/a><\/p>\n\n\n\n<figure class=\"wp-block-image size-full\"><img loading=\"lazy\" decoding=\"async\" width=\"600\" height=\"10\" src=\"http:\/\/suomenreformijuutalaiset.org\/new\/wp-content\/uploads\/2025\/10\/valirivi.jpg\" alt=\"\" class=\"wp-image-272\" srcset=\"https:\/\/suomenreformijuutalaiset.org\/new\/wp-content\/uploads\/2025\/10\/valirivi.jpg 600w, https:\/\/suomenreformijuutalaiset.org\/new\/wp-content\/uploads\/2025\/10\/valirivi-300x5.jpg 300w\" sizes=\"auto, (max-width: 600px) 100vw, 600px\" \/><\/figure>\n\n\n\n<h4 class=\"wp-block-heading\"><strong>2002<\/strong><\/h4>\n\n\n\n<p class=\"has-medium-font-size\"><a href=\"https:\/\/www.doria.fi\/bitstream\/handle\/10024\/187996\/424-Book%20Manuscript-942-1-10-20220615%20Lundgren%20Suomen.pdf?sequence=1\">Suomen juutalaiset \u2013 uskot, tavat, asenteet<\/a><\/p>\n\n\n\n<figure class=\"wp-block-image size-full\"><img loading=\"lazy\" decoding=\"async\" width=\"600\" height=\"10\" src=\"http:\/\/suomenreformijuutalaiset.org\/new\/wp-content\/uploads\/2025\/10\/valirivi.jpg\" alt=\"\" class=\"wp-image-272\" srcset=\"https:\/\/suomenreformijuutalaiset.org\/new\/wp-content\/uploads\/2025\/10\/valirivi.jpg 600w, https:\/\/suomenreformijuutalaiset.org\/new\/wp-content\/uploads\/2025\/10\/valirivi-300x5.jpg 300w\" sizes=\"auto, (max-width: 600px) 100vw, 600px\" \/><\/figure>\n\n\n<div class=\"wp-block-image\">\n<figure class=\"aligncenter size-full\"><img loading=\"lazy\" decoding=\"async\" width=\"800\" height=\"530\" src=\"http:\/\/suomenreformijuutalaiset.org\/new\/wp-content\/uploads\/2025\/10\/tutkimustietoa.jpg\" alt=\"\" class=\"wp-image-428\" srcset=\"https:\/\/suomenreformijuutalaiset.org\/new\/wp-content\/uploads\/2025\/10\/tutkimustietoa.jpg 800w, https:\/\/suomenreformijuutalaiset.org\/new\/wp-content\/uploads\/2025\/10\/tutkimustietoa-300x199.jpg 300w, https:\/\/suomenreformijuutalaiset.org\/new\/wp-content\/uploads\/2025\/10\/tutkimustietoa-768x509.jpg 768w, https:\/\/suomenreformijuutalaiset.org\/new\/wp-content\/uploads\/2025\/10\/tutkimustietoa-700x464.jpg 700w\" sizes=\"auto, (max-width: 800px) 100vw, 800px\" \/><\/figure>\n<\/div>","protected":false},"excerpt":{"rendered":"<p>T\u00e4nne olemme koonneet juutalaisia tai heid\u00e4n el\u00e4m\u00e4\u00e4ns\u00e4 ja haasteita \u2013 mm. antisemitismi \u2013 k\u00e4sittelev\u00e4\u00e4 tutkimustietoa, selvityksi\u00e4, raportteja ja julkaisuja. N\u00e4it\u00e4, niin Minhag Finland- hankkeen julkaisuja kuin eri opinn\u00e4ytet\u00f6it\u00e4, on julkaistu paljon enemm\u00e4nkin, mutta t\u00e4h\u00e4n olemme koonneet verkosta l\u00f6ytyv\u00e4t. Sis\u00e4ll\u00f6lt\u00e4\u00e4n ne keskittyv\u00e4t Suomen juutalaisyhteis\u00f6\u00f6n sek\u00e4 Euroopan Unionin alueeseen. 2024 Kokemuksia ja n\u00e4kemyksi\u00e4 antisemitismist\u00e4 \u2013 selvitys juutalaisiin [&hellip;]<\/p>\n","protected":false},"author":1,"featured_media":0,"parent":54,"menu_order":3,"comment_status":"closed","ping_status":"closed","template":"","meta":{"footnotes":""},"class_list":["post-191","page","type-page","status-publish","hentry"],"_links":{"self":[{"href":"https:\/\/suomenreformijuutalaiset.org\/new\/wp-json\/wp\/v2\/pages\/191","targetHints":{"allow":["GET"]}}],"collection":[{"href":"https:\/\/suomenreformijuutalaiset.org\/new\/wp-json\/wp\/v2\/pages"}],"about":[{"href":"https:\/\/suomenreformijuutalaiset.org\/new\/wp-json\/wp\/v2\/types\/page"}],"author":[{"embeddable":true,"href":"https:\/\/suomenreformijuutalaiset.org\/new\/wp-json\/wp\/v2\/users\/1"}],"replies":[{"embeddable":true,"href":"https:\/\/suomenreformijuutalaiset.org\/new\/wp-json\/wp\/v2\/comments?post=191"}],"version-history":[{"count":14,"href":"https:\/\/suomenreformijuutalaiset.org\/new\/wp-json\/wp\/v2\/pages\/191\/revisions"}],"predecessor-version":[{"id":429,"href":"https:\/\/suomenreformijuutalaiset.org\/new\/wp-json\/wp\/v2\/pages\/191\/revisions\/429"}],"up":[{"embeddable":true,"href":"https:\/\/suomenreformijuutalaiset.org\/new\/wp-json\/wp\/v2\/pages\/54"}],"wp:attachment":[{"href":"https:\/\/suomenreformijuutalaiset.org\/new\/wp-json\/wp\/v2\/media?parent=191"}],"curies":[{"name":"wp","href":"https:\/\/api.w.org\/{rel}","templated":true}]}}