{"id":194,"date":"2025-06-24T19:51:24","date_gmt":"2025-06-24T16:51:24","guid":{"rendered":"http:\/\/suomenreformijuutalaiset.org\/new\/?page_id=194"},"modified":"2025-10-27T23:26:39","modified_gmt":"2025-10-27T21:26:39","slug":"jumalanpalveluksia-netissa","status":"publish","type":"page","link":"https:\/\/suomenreformijuutalaiset.org\/new\/resources\/jumalanpalveluksia-netissa\/","title":{"rendered":"Jumalanpalveluksia netiss\u00e4"},"content":{"rendered":"\n<p class=\"has-medium-font-size\">Haluaisitko p\u00e4\u00e4st\u00e4 seuraamaan reformijuutalaista jumalanpalvelusta? Seuraavaan listaan olemme koonneet linkkej\u00e4 synagogiin, jotka l\u00e4hett\u00e4v\u00e4t sapattipalveluksensa (perjantai-ilta, lauantai-aamu) sek\u00e4 suurimpien juhlapyhien palveluksia livestriimein\u00e4.<\/p>\n\n\n\n<p class=\"has-medium-font-size\">Eri maiden aikaeroista ja palveluksissaan k\u00e4ytt\u00e4mist\u00e4 kielist\u00e4 johtuen alla n\u00e4kyv\u00e4\u00e4n listaukseen valikoidut striimit on k\u00e4ytt\u00e4j\u00e4yst\u00e4v\u00e4llisyyden nimiss\u00e4 valittu isobritannialaisista synagogista.<\/p>\n\n\n\n<p class=\"has-medium-font-size\">Haluaisitko p\u00e4\u00e4st\u00e4 seuraamaan reformijuutalaista jumalanpalvelusta? Seuraavaan listaan olemme koonneet linkkej\u00e4 synagogiin, jotka l\u00e4hett\u00e4v\u00e4t sapattipalveluksensa (perjantai-ilta, lauantai-aamu) sek\u00e4 suurimpien juhlapyhien palveluksia livestriimein\u00e4.<\/p>\n\n\n\n<p class=\"has-medium-font-size\">Eri maiden aikaeroista ja palveluksissaan k\u00e4ytt\u00e4mist\u00e4 kielist\u00e4 johtuen alla n\u00e4kyv\u00e4\u00e4n listaukseen valikoidut striimit on k\u00e4ytt\u00e4j\u00e4yst\u00e4v\u00e4llisyyden nimiss\u00e4 valittu isobritannialaisista synagogista.<\/p>\n\n\n\n<figure class=\"wp-block-image size-full\"><img loading=\"lazy\" decoding=\"async\" width=\"600\" height=\"10\" src=\"http:\/\/suomenreformijuutalaiset.org\/new\/wp-content\/uploads\/2025\/10\/valirivi.jpg\" alt=\"\" class=\"wp-image-272\" srcset=\"https:\/\/suomenreformijuutalaiset.org\/new\/wp-content\/uploads\/2025\/10\/valirivi.jpg 600w, https:\/\/suomenreformijuutalaiset.org\/new\/wp-content\/uploads\/2025\/10\/valirivi-300x5.jpg 300w\" sizes=\"auto, (max-width: 600px) 100vw, 600px\" \/><\/figure>\n\n\n\n<p class=\"has-medium-font-size\"><a href=\"http:\/\/www.alyth.org.uk\/pray-us\/livestream\/\">Alyth (North Western Reform Synagogue)<\/a><\/p>\n\n\n\n<p class=\"has-medium-font-size\"><a href=\"mailto:warden@beth-shalom.org.uk\">Beth Shalom, Cambridge (email for details)<\/a><\/p>\n\n\n\n<p class=\"has-medium-font-size\"><a href=\"http:\/\/www.brjc.co.uk\/\">Blackpool Reform Jewish Congregation<\/a><\/p>\n\n\n\n<p class=\"has-medium-font-size\"><a href=\"http:\/\/www.bournemouthreform.org.uk\/services\">Bournemouth Reform Synagogue<\/a><\/p>\n\n\n\n<p class=\"has-medium-font-size\"><a href=\"mailto:accounts@bh-rs.org\">Brighton &amp; Hove Reform Synagogue (email for details)<\/a><\/p>\n\n\n\n<p class=\"has-medium-font-size\"><a href=\"https:\/\/www.youtube.com\/channel\/UCcpzcN-JI4Ec1lWuUvC2mDA\">Bromley Reform Synagogue<\/a><\/p>\n\n\n\n<p class=\"has-medium-font-size\"><a href=\"http:\/\/ehrs.uk\/ehrs\/live\/\">Edgware &amp; Hendon Reform Synagogue<\/a><\/p>\n\n\n\n<p class=\"has-medium-font-size\"><a href=\"https:\/\/www.frs.org.uk\/watch-online.html\">Finchley Reform Synagogue<\/a><\/p>\n\n\n\n<p class=\"has-medium-font-size\"><a href=\"mailto:shul@grs.org.uk\">Glasgow Reform Synagogue (email for details)<\/a><\/p>\n\n\n\n<p class=\"has-medium-font-size\"><a href=\"mailto:admin@harlowjewishcommunity.org.uk\">Harlow Jewish Community (email for details)<\/a><\/p>\n\n\n\n<p class=\"has-medium-font-size\"><a href=\"https:\/\/zoom.us\/j\/7816511141\">Kol Chai \u2013 Hatch End Reform Jewish Community<\/a><\/p>\n\n\n\n<p class=\"has-medium-font-size\"><a href=\"https:\/\/www.maidenheadsynagogue.org.uk\/live-video-streaming1.html\">Maidenhead Synagogue<\/a><\/p>\n\n\n\n<p class=\"has-medium-font-size\"><a href=\"https:\/\/www.facebook.com\/Manchester-Reform-Synagogue-188572864525338\/\">Manchester Reform Synagogue<\/a><\/p>\n\n\n\n<p class=\"has-medium-font-size\"><a href=\"http:\/\/menorah.org.uk\/stream\/\">Menorah Synagogue<\/a><\/p>\n\n\n\n<p class=\"has-medium-font-size\"><a href=\"http:\/\/choosemosaic.org\/reform\/streaming\/\">Mosaic Reform Synagogue<\/a><\/p>\n\n\n\n<p class=\"has-medium-font-size\"><a href=\"https:\/\/www.facebook.com\/RadlettReform\/\">Radlett Reform Synagogue<\/a><\/p>\n\n\n\n<p class=\"has-medium-font-size\"><a href=\"http:\/\/www.shaarei-tsedek.org.uk\/webcast\/\">Sha\u2019arei Tsedek Synagogue<\/a><\/p>\n\n\n\n<p class=\"has-medium-font-size\"><a href=\"https:\/\/www.sinaileeds.uk\/streaming\">Sinai Synagogue<\/a><\/p>\n\n\n\n<p class=\"has-medium-font-size\"><a href=\"https:\/\/www.reformjudaism.org.uk\/south-hampshire-reform-jewish-community\/\">South Hampshire Reform Jewish Community<\/a><\/p>\n\n\n\n<p class=\"has-medium-font-size\"><a href=\"https:\/\/swesrs.org.uk\/services\/live-streaming\/\">South West Essex &amp; Settlement Reform Synagogue<\/a><\/p>\n\n\n\n<p class=\"has-medium-font-size\"><a href=\"https:\/\/www.youtube.com\/c\/WimbledonSynagogue\" target=\"_blank\" rel=\"noreferrer noopener\">Wimbledon Reform Synagogue<\/a><\/p>\n\n\n\n<figure class=\"wp-block-image size-full\"><img loading=\"lazy\" decoding=\"async\" width=\"600\" height=\"10\" src=\"http:\/\/suomenreformijuutalaiset.org\/new\/wp-content\/uploads\/2025\/10\/valirivi.jpg\" alt=\"\" class=\"wp-image-272\" srcset=\"https:\/\/suomenreformijuutalaiset.org\/new\/wp-content\/uploads\/2025\/10\/valirivi.jpg 600w, https:\/\/suomenreformijuutalaiset.org\/new\/wp-content\/uploads\/2025\/10\/valirivi-300x5.jpg 300w\" sizes=\"auto, (max-width: 600px) 100vw, 600px\" \/><\/figure>\n\n\n<div class=\"wp-block-image\">\n<figure class=\"aligncenter size-full\"><img loading=\"lazy\" decoding=\"async\" width=\"800\" height=\"533\" src=\"http:\/\/suomenreformijuutalaiset.org\/new\/wp-content\/uploads\/2025\/10\/synagoga-brussels-istock-1.jpg\" alt=\"\" class=\"wp-image-433\" srcset=\"https:\/\/suomenreformijuutalaiset.org\/new\/wp-content\/uploads\/2025\/10\/synagoga-brussels-istock-1.jpg 800w, https:\/\/suomenreformijuutalaiset.org\/new\/wp-content\/uploads\/2025\/10\/synagoga-brussels-istock-1-300x200.jpg 300w, https:\/\/suomenreformijuutalaiset.org\/new\/wp-content\/uploads\/2025\/10\/synagoga-brussels-istock-1-768x512.jpg 768w, https:\/\/suomenreformijuutalaiset.org\/new\/wp-content\/uploads\/2025\/10\/synagoga-brussels-istock-1-700x466.jpg 700w\" sizes=\"auto, (max-width: 800px) 100vw, 800px\" \/><figcaption class=\"wp-element-caption\"><em>Juutalaisiin jumalanpalveluksiin p\u00e4\u00e4see osallistumaan ihan kotisohvaltakin.<\/em><\/figcaption><\/figure>\n<\/div>\n\n\n<p><\/p>\n\n\n\n<p><\/p>\n","protected":false},"excerpt":{"rendered":"<p>Haluaisitko p\u00e4\u00e4st\u00e4 seuraamaan reformijuutalaista jumalanpalvelusta? Seuraavaan listaan olemme koonneet linkkej\u00e4 synagogiin, jotka l\u00e4hett\u00e4v\u00e4t sapattipalveluksensa (perjantai-ilta, lauantai-aamu) sek\u00e4 suurimpien juhlapyhien palveluksia livestriimein\u00e4. Eri maiden aikaeroista ja palveluksissaan k\u00e4ytt\u00e4mist\u00e4 kielist\u00e4 johtuen alla n\u00e4kyv\u00e4\u00e4n listaukseen valikoidut striimit on k\u00e4ytt\u00e4j\u00e4yst\u00e4v\u00e4llisyyden nimiss\u00e4 valittu isobritannialaisista synagogista. Haluaisitko p\u00e4\u00e4st\u00e4 seuraamaan reformijuutalaista jumalanpalvelusta? Seuraavaan listaan olemme koonneet linkkej\u00e4 synagogiin, jotka l\u00e4hett\u00e4v\u00e4t sapattipalveluksensa (perjantai-ilta, [&hellip;]<\/p>\n","protected":false},"author":1,"featured_media":0,"parent":54,"menu_order":4,"comment_status":"closed","ping_status":"closed","template":"","meta":{"footnotes":""},"class_list":["post-194","page","type-page","status-publish","hentry"],"_links":{"self":[{"href":"https:\/\/suomenreformijuutalaiset.org\/new\/wp-json\/wp\/v2\/pages\/194","targetHints":{"allow":["GET"]}}],"collection":[{"href":"https:\/\/suomenreformijuutalaiset.org\/new\/wp-json\/wp\/v2\/pages"}],"about":[{"href":"https:\/\/suomenreformijuutalaiset.org\/new\/wp-json\/wp\/v2\/types\/page"}],"author":[{"embeddable":true,"href":"https:\/\/suomenreformijuutalaiset.org\/new\/wp-json\/wp\/v2\/users\/1"}],"replies":[{"embeddable":true,"href":"https:\/\/suomenreformijuutalaiset.org\/new\/wp-json\/wp\/v2\/comments?post=194"}],"version-history":[{"count":4,"href":"https:\/\/suomenreformijuutalaiset.org\/new\/wp-json\/wp\/v2\/pages\/194\/revisions"}],"predecessor-version":[{"id":434,"href":"https:\/\/suomenreformijuutalaiset.org\/new\/wp-json\/wp\/v2\/pages\/194\/revisions\/434"}],"up":[{"embeddable":true,"href":"https:\/\/suomenreformijuutalaiset.org\/new\/wp-json\/wp\/v2\/pages\/54"}],"wp:attachment":[{"href":"https:\/\/suomenreformijuutalaiset.org\/new\/wp-json\/wp\/v2\/media?parent=194"}],"curies":[{"name":"wp","href":"https:\/\/api.w.org\/{rel}","templated":true}]}}