{"id":197,"date":"2025-06-24T19:53:02","date_gmt":"2025-06-24T16:53:02","guid":{"rendered":"http:\/\/suomenreformijuutalaiset.org\/new\/?page_id=197"},"modified":"2025-10-28T02:01:51","modified_gmt":"2025-10-28T00:01:51","slug":"usein-kysytyt-kysymykset","status":"publish","type":"page","link":"https:\/\/suomenreformijuutalaiset.org\/new\/resources\/usein-kysytyt-kysymykset\/","title":{"rendered":"Usein kysytyt kysymykset"},"content":{"rendered":"\n<p class=\"has-medium-font-size\">Juutalaisuudesta ja juutalaisista kuule usein levitett\u00e4v\u00e4n mit\u00e4 mielikuvituksellisempia v\u00e4itteit\u00e4.&nbsp; Jos omaan tuttavapiiriin ei kuulu ainoatakaan juutalaista eik\u00e4 uskontoa sen kummemmin tunne, on helppo haksahtaa uskomaan n\u00e4ihin.<\/p>\n\n\n\n<p class=\"has-medium-font-size\">Olemme koonneet sivuillemme kattavasti tietoa juutalaisesta uskonnosta, kulttuurista ja el\u00e4m\u00e4st\u00e4. Sen lis\u00e4ksi l\u00f6yd\u00e4t alta kokoelman usein kysyttyj\u00e4 kysymyksi\u00e4. Toivottavasti n\u00e4m\u00e4 yhdess\u00e4 auttavat lis\u00e4\u00e4m\u00e4\u00e4n ymm\u00e4rryst\u00e4 ja siten v\u00e4hent\u00e4m\u00e4\u00e4n ennakkoluuloja.<\/p>\n\n\n\n<figure class=\"wp-block-image size-full\"><img loading=\"lazy\" decoding=\"async\" width=\"600\" height=\"10\" src=\"http:\/\/suomenreformijuutalaiset.org\/new\/wp-content\/uploads\/2025\/10\/valirivi.jpg\" alt=\"\" class=\"wp-image-272\" srcset=\"https:\/\/suomenreformijuutalaiset.org\/new\/wp-content\/uploads\/2025\/10\/valirivi.jpg 600w, https:\/\/suomenreformijuutalaiset.org\/new\/wp-content\/uploads\/2025\/10\/valirivi-300x5.jpg 300w\" sizes=\"auto, (max-width: 600px) 100vw, 600px\" \/><\/figure>\n\n\n\n<h4 class=\"wp-block-heading\"><strong>Onko anti-sionismi antisemitismi\u00e4?<\/strong><\/h4>\n\n\n\n<p class=\"has-medium-font-size\">On. Se on sit\u00e4 itse asiassa r\u00e4ikeimmill\u00e4\u00e4n. Antisionismi tarkoittaa sit\u00e4, ett\u00e4 toisin kuin muilla maailman kansoilla, ei yhdell\u00e4 kansalla ole oikeutta vapauteen, itsem\u00e4\u00e4r\u00e4\u00e4misoikeuteen ja omaan valtioon, joka heit\u00e4 suojelee. N\u00e4m\u00e4 perustavaa laatua olevat oikeudet kiist\u00e4m\u00e4ll\u00e4 t\u00e4llainen ajattelu siis asettaa tuon yhden kansan eli juutalaiset eri- ja v\u00e4hempiarvoiseen asemaan, eli k\u00e4ytt\u00e4\u00e4 nimenomaan juutalaisuutta syrjinn\u00e4n perusteena.<\/p>\n\n\n\n<p class=\"has-medium-font-size\">Me t\u00e4\u00e4ll\u00e4 Suomessa uskomme, ett\u00e4 suomalaisilla on oikeus noihin samoihin asioihin ja olemme kansana joutuneet maksamaan hirvitt\u00e4v\u00e4n hinnan niiden s\u00e4ilytt\u00e4misest\u00e4 my\u00f6s tuleville polville turvaamisesta. Ruotsalaiset uskovat siihen, samoin belgialaiset, kiinalaiset, albanialaiset ja kaikki muutkin maailman 195 valtiosta. Ei kukaan kyseenalaista sit\u00e4 n\u00e4iden kansojen kohdalla, miksi siis juutalaisten? Sionismi ei ole yht\u00e4\u00e4n sen kummempaa kuin kunkin noiden maiden ja niiden kansojen halu olla olemassa, silti vain sionismi on eristetty muista erilliseksi \u201daatteekseen\u201d, jota demonisoidaan \u201d\u00e4\u00e4ri-ideologiana.\u201d<\/p>\n\n\n\n<p class=\"has-medium-font-size\">Mieti, jos tuon syrjinn\u00e4n kohteena olisivatkin sin\u00e4 ja sinun kansasi? Kuinka ep\u00e4reilulta se tuntuisi? Kuinka turvattomaksi se sinun olosi saisi?<\/p>\n\n\n\n<figure class=\"wp-block-image size-full\"><img loading=\"lazy\" decoding=\"async\" width=\"600\" height=\"10\" src=\"http:\/\/suomenreformijuutalaiset.org\/new\/wp-content\/uploads\/2025\/10\/valirivi.jpg\" alt=\"\" class=\"wp-image-272\" srcset=\"https:\/\/suomenreformijuutalaiset.org\/new\/wp-content\/uploads\/2025\/10\/valirivi.jpg 600w, https:\/\/suomenreformijuutalaiset.org\/new\/wp-content\/uploads\/2025\/10\/valirivi-300x5.jpg 300w\" sizes=\"auto, (max-width: 600px) 100vw, 600px\" \/><\/figure>\n\n\n\n<h4 class=\"wp-block-heading\"><strong>Luulevatko juutalaiset olevansa muita parempia?<\/strong><\/h4>\n\n\n\n<p class=\"has-medium-font-size\">Eiv\u00e4t. T\u00e4h\u00e4n liittyv\u00e4t harhaluulot pohjautuvat k\u00e4sitykseen juutalaisista \u201dvalittuna kansana\u201d. Sit\u00e4 he Jumalan silmiss\u00e4 ovatkin, mutta ei tavalla, mill\u00e4 se aivan liian usein ymm\u00e4rret\u00e4\u00e4n. Juutalaiset valittiin noudattamaan heille annetun lain ja Jumalan kanssa solmittujen liittojen my\u00f6t\u00e4 erin\u00e4isi\u00e4 &#8211; ja lukuisia &#8211; velvollisuuksia ja k\u00e4skyj\u00e4, joista muiden ei tarvitse murehtia. Juutalaiset vitsailevatkin siit\u00e4, ett\u00e4 heid\u00e4t valittiin k\u00e4rsim\u00e4\u00e4n.<\/p>\n\n\n\n<p class=\"has-medium-font-size\">Valitun kansan k\u00e4site vain valitettavan usein ymm\u00e4rret\u00e4\u00e4n v\u00e4\u00e4rin. Se ei suinkaan tarkoita, ett\u00e4 ainoastaan juutalaisia odottaisi iankaikkinen el\u00e4m\u00e4 kaikkien muiden joutuessa kadotukseen. Toisin kuin muissa maailmanuskonnoissa, juutalainen pelastusk\u00e4sitys ei ole eksklusiivinen, eli me emme usko uskontomme olevan ainoa tie pelastukseen, vaan paikka tulevassa maailmassa odottaa my\u00f6s hyv\u00e4n el\u00e4m\u00e4n el\u00e4neit\u00e4 muiden uskontojen edustajia.<\/p>\n\n\n\n<p class=\"has-medium-font-size\">Oletko sin\u00e4 t\u00f6rm\u00e4nnyt t\u00e4llaisiin v\u00e4itteisiin? Oletko koskaan kyseenalaistanut niit\u00e4 tai puuttunut niihin?<\/p>\n\n\n\n<figure class=\"wp-block-image size-full\"><img loading=\"lazy\" decoding=\"async\" width=\"600\" height=\"10\" src=\"http:\/\/suomenreformijuutalaiset.org\/new\/wp-content\/uploads\/2025\/10\/valirivi.jpg\" alt=\"\" class=\"wp-image-272\" srcset=\"https:\/\/suomenreformijuutalaiset.org\/new\/wp-content\/uploads\/2025\/10\/valirivi.jpg 600w, https:\/\/suomenreformijuutalaiset.org\/new\/wp-content\/uploads\/2025\/10\/valirivi-300x5.jpg 300w\" sizes=\"auto, (max-width: 600px) 100vw, 600px\" \/><\/figure>\n\n\n\n<h4 class=\"wp-block-heading\"><strong>Onko holokausti totta?<\/strong><\/h4>\n\n\n\n<p class=\"has-medium-font-size\">On. Se on paitsi laajin mihink\u00e4\u00e4n v\u00e4est\u00f6nosaan kohdistettu joukkotuho, my\u00f6s parhaiten dokumentoitu \u2013 ihan sen toteuttajien itsens\u00e4kin taholta. Sit\u00e4 seuranneina vuosikymmenin\u00e4 on holokaustista ja sen miljoonista uhreista ker\u00e4tty valtava m\u00e4\u00e4r\u00e4 tietoa ja dokumentaatiota, johon voi tutustua niin eri arkistoissa kuin holokaustimuseoissa, etenkin Jerusalemissa sijaitsevassa Yad Vashemissa.<\/p>\n\n\n\n<p class=\"has-medium-font-size\">Mik\u00e4 siis motivoi tahoja, jotka yh\u00e4 t\u00e4n\u00e4\u00e4nkin kiist\u00e4v\u00e4t sen koskaan tapahtuneen? Ainakin kaksi asiaa: halu kiillottaa natsien julkisuuskuvaa ja saada heid\u00e4t n\u00e4ytt\u00e4m\u00e4\u00e4n v\u00e4hemm\u00e4n pahoilta. Toinen on v\u00e4h\u00e4tell\u00e4 juutalaisiin kohdistuneita k\u00e4rsimyksi\u00e4 ja syytt\u00e4\u00e4 heit\u00e4 valehtelijoiksi eli saada heid\u00e4t n\u00e4ytt\u00e4m\u00e4\u00e4n v\u00e4hemm\u00e4n hyvilt\u00e4. Klassista antisemitismi\u00e4 siis.<\/p>\n\n\n\n<p class=\"has-medium-font-size\">Keskuudessamme el\u00e4\u00e4 yh\u00e4 niin holokaustista selvinneit\u00e4 kuin heit\u00e4, jotka menettiv\u00e4t siin\u00e4 koko perheens\u00e4. Ajattele, kuinka loukkaavaa on heit\u00e4 ja heid\u00e4n rakkaidensa muistoa kohtaan v\u00e4itt\u00e4\u00e4, ettei mit\u00e4\u00e4n tapahtunutkaan? <\/p>\n\n\n\n<p class=\"has-medium-font-size\">Milt\u00e4 se tuntuisi omalla kohdallasi: jos Talvisodan veteraaneille, evakoille ja siin\u00e4 l\u00e4heisi\u00e4\u00e4n menett\u00e4neille kirkkain silmin v\u00e4itett\u00e4isiin ettei mit\u00e4\u00e4n sotaa koskaan ollutkaan, vaan ett\u00e4 se on vain suomalaisten keksimi\u00e4 valheita?<\/p>\n\n\n\n<figure class=\"wp-block-image size-full\"><img loading=\"lazy\" decoding=\"async\" width=\"600\" height=\"10\" src=\"http:\/\/suomenreformijuutalaiset.org\/new\/wp-content\/uploads\/2025\/10\/valirivi.jpg\" alt=\"\" class=\"wp-image-272\" srcset=\"https:\/\/suomenreformijuutalaiset.org\/new\/wp-content\/uploads\/2025\/10\/valirivi.jpg 600w, https:\/\/suomenreformijuutalaiset.org\/new\/wp-content\/uploads\/2025\/10\/valirivi-300x5.jpg 300w\" sizes=\"auto, (max-width: 600px) 100vw, 600px\" \/><\/figure>\n\n\n\n<h4 class=\"wp-block-heading\"><strong>Miksi juutalaisia vihataan niin paljon?<\/strong><\/h4>\n\n\n\n<p class=\"has-medium-font-size\">Sen kun tiet\u00e4isi. T\u00e4m\u00e4 on ik\u00e4v\u00e4 kyll\u00e4 my\u00f6s muuttunut ihmisten mieliss\u00e4 itse\u00e4\u00e4n toistavaksi profetiaksi: se, ett\u00e4 juutalaisiin on kohdistunut historian saatossa niin paljon vihaa saa ihmiset ajattelemaan, ett\u00e4 sille t\u00e4ytyy olla joku syy; ett\u00e4 juutalaiset ovat jotenkin sen ansaitsevia ja pahoja. T\u00e4ll\u00e4 lailla \u201dtotuudeksi\u201d muuttuessaan ajattelu puolestaan vahvistaa ennakkoluuloja ja t\u00e4ten yll\u00e4pit\u00e4\u00e4 ja lis\u00e4\u00e4 juutalaisiin kohdistuvaa vihaa.<\/p>\n\n\n\n<p class=\"has-medium-font-size\">Uskomme, ett\u00e4 mit\u00e4 paremmin me ihmiset tunnemme toisiamme &#8211; yksil\u00f6in\u00e4 ja yhteis\u00f6in\u00e4 &#8211; sit\u00e4 v\u00e4hemm\u00e4n meill\u00e4 on syyt\u00e4 tiet\u00e4m\u00e4tt\u00f6myyteen, ennakkoluuloihin ja n\u00e4ist\u00e4 kumpuavaan vihaan. Mit\u00e4 paremmin tunnemme jotain toista kulttuuria, sit\u00e4 paremmin my\u00f6s tunnistamme siit\u00e4 levitett\u00e4v\u00e4t valheet, emmek\u00e4 usko ihan kaikkea, mit\u00e4 meille eripuran lietsomiseksi v\u00e4itet\u00e4\u00e4n. Esimerkiksi juutalaisuudesta kautta sen historian levitettyjen veriuhriv\u00e4itteiden (ett\u00e4 juutalaiset uhrasivat kristittyj\u00e4 ja nauttivat heid\u00e4n vertaan) avulla lietsottiin juutalaisvihaa. Mik\u00e4li ihmiset olisivat tunteneet juutalaisuutta edes hieman, olisivat he tienneet, etteiv\u00e4t juutalaiset ole koskaan harrastaneet ihmisuhrauksia ja ett\u00e4 kosher-ruokavaliossa veri on ehdottoman kielletty ja n\u00e4hneet n\u00e4iden valheiden l\u00e4pi.<\/p>\n\n\n\n<p class=\"has-medium-font-size\">Siksikin haluamme tarjota mm. sivujemme kautta kenelle tahansa mahdollisuuden oppia, oivaltaa ja kysy\u00e4.<\/p>\n\n\n\n<p class=\"has-medium-font-size\">My\u00f6hemmin kristittyjen taholta juutalaisvihaa lietsottiin sill\u00e4, ett\u00e4 heid\u00e4n syytettiin tappaneen Jeesuksen. Jonka siis tappoivat roomalaiset ja joka kuolemallaan t\u00e4ytti sen profetian, jota varten h\u00e4n kristinuskon mukaan maailmaan syntyikin.<\/p>\n\n\n\n<figure class=\"wp-block-image size-full\"><img loading=\"lazy\" decoding=\"async\" width=\"600\" height=\"10\" src=\"http:\/\/suomenreformijuutalaiset.org\/new\/wp-content\/uploads\/2025\/10\/valirivi.jpg\" alt=\"\" class=\"wp-image-272\" srcset=\"https:\/\/suomenreformijuutalaiset.org\/new\/wp-content\/uploads\/2025\/10\/valirivi.jpg 600w, https:\/\/suomenreformijuutalaiset.org\/new\/wp-content\/uploads\/2025\/10\/valirivi-300x5.jpg 300w\" sizes=\"auto, (max-width: 600px) 100vw, 600px\" \/><\/figure>\n\n\n\n<h4 class=\"wp-block-heading\"><strong>Onko vaikeaa el\u00e4\u00e4 juutalaisena?<\/strong><\/h4>\n\n\n\n<p class=\"has-medium-font-size\">Kyll\u00e4 ja ei. Vastaus riippuu niin ihmisest\u00e4 kuin siit\u00e4, miss\u00e4 h\u00e4n el\u00e4\u00e4. Totta on, ett\u00e4 juutalaisen uskon mukaisesti el\u00e4m\u00e4 tuo mukanaan paljon rajoituksia, jotka joistakin voivat tuntua ylivoimaisilta. Se kuitenkin my\u00f6s antaa paljon ja mukanaan yhteis\u00f6llisyytt\u00e4, ilon hetki\u00e4, turvaa ja rauhaa.<\/p>\n\n\n\n<p class=\"has-medium-font-size\">Mik\u00e4li ihminen el\u00e4\u00e4 maassa tai kaupungissa, jossa on suuri juutalaisyhteis\u00f6, tekee t\u00e4m\u00e4 kaikesta helpompaa: synagogia on paljon ja niihin on mahdollista p\u00e4\u00e4st\u00e4 sapatin s\u00e4\u00e4nt\u00f6j\u00e4 (esim. autoilu) rikkomatta; kosher-lihaa on helposti saatavilla, samoin kosher-ravintoloita. Lapsille on tarjolla juutalaisia kouluja, mink\u00e4 lis\u00e4ksi yhteis\u00f6n j\u00e4senill\u00e4 on paremmat mahdollisuudet osallistua erilaiseen harrastustoimintaan ja my\u00f6s todenn\u00e4k\u00f6isyys samasta perinteest\u00e4 tulevan ja samoja tapoja noudattavan puolison l\u00f6ytymiseksi on huomattavasti suurempi. Isompi yhteis\u00f6 tarkoittaa my\u00f6s solidaarisuutta ja turvallisuutta: seurakuntien eri toiminnot (<em>bikkur cholim, chevra kadisha<\/em>) pit\u00e4v\u00e4t huolen sinusta loppuun saakka.<\/p>\n\n\n\n<p class=\"has-medium-font-size\">Suomen kaltaisessa maassa juutalaisen el\u00e4m\u00e4n viett\u00e4minen on haastavaa ja vaatii paljon luovuutta, kompromisseja ja kyll\u00e4, uhrauksiakin. Synagogia on koko maassa vain kaksi, kosher-lihaa on saatavilla hyvin rajallisesti (se t\u00e4ytyy tuoda ulkomailta, mik\u00e4 lis\u00e4\u00e4 merkitt\u00e4v\u00e4sti my\u00f6s sen hintaa) eik\u00e4 kosher-ravintoloita ole lainkaan.<\/p>\n\n\n\n<p class=\"has-medium-font-size\">Siksi my\u00f6s juutalaisuuteen k\u00e4\u00e4ntyminen on niin pitk\u00e4 ja vaativa prosessi: kandidaatin on omaksuttava kokonaan uusi el\u00e4m\u00e4nkierto (uusi kalenteri juhlapyhineen), uusi ruokavalio, el\u00e4m\u00e4ntapa ja ajattelu. Eik\u00e4 riit\u00e4, ett\u00e4 h\u00e4n vain tuntee s\u00e4\u00e4nn\u00f6t, h\u00e4nen tulee my\u00f6s sitoutua noudattamaan niit\u00e4 ja tekem\u00e4\u00e4n oman osansa niiden v\u00e4litt\u00e4miseksi my\u00f6s seuraavalle juutalaispolvelle.<\/p>\n\n\n\n<p class=\"has-medium-font-size\">Siksi emme edes yrit\u00e4 k\u00e4\u00e4nnytt\u00e4\u00e4 ket\u00e4\u00e4n. Ei juutalaisuus kaikille ole. Mutta voit kuitenkin olla yst\u00e4v\u00e4 ja liittolaisemme. Esimerkiksi n\u00e4iden sivujen tarjoaman informaation my\u00f6t\u00e4 voit oppia paljon tavoistamme, uskomuksistamme ja el\u00e4m\u00e4ntavastamme ja tarvittaessa k\u00e4ytt\u00e4\u00e4 sit\u00e4 hyv\u00e4ksesi kuullessasi juutalaisuutta koskevia valheellisia v\u00e4itt\u00e4mi\u00e4.<\/p>\n\n\n\n<figure class=\"wp-block-image size-full\"><img loading=\"lazy\" decoding=\"async\" width=\"600\" height=\"10\" src=\"http:\/\/suomenreformijuutalaiset.org\/new\/wp-content\/uploads\/2025\/10\/valirivi.jpg\" alt=\"\" class=\"wp-image-272\" srcset=\"https:\/\/suomenreformijuutalaiset.org\/new\/wp-content\/uploads\/2025\/10\/valirivi.jpg 600w, https:\/\/suomenreformijuutalaiset.org\/new\/wp-content\/uploads\/2025\/10\/valirivi-300x5.jpg 300w\" sizes=\"auto, (max-width: 600px) 100vw, 600px\" \/><\/figure>\n\n\n\n<h4 class=\"wp-block-heading\"><strong>Hallitsevatko juutalaiset maailmaa?<\/strong><\/h4>\n\n\n\n<p class=\"has-medium-font-size\">Eiv\u00e4t. Ei ole olemassa mit\u00e4\u00e4n sionistista salaliittoa, joka pyrkisi ottamaan haltuun koko maailman. Juutalaisille riitt\u00e4isi ihan vain jo se, ett\u00e4 heid\u00e4n annettaisiin olla ja el\u00e4\u00e4 rauhassa.<\/p>\n\n\n\n<p class=\"has-medium-font-size\">T\u00e4llaiset v\u00e4itteet perustuvat muutamaan asiaan. Yksi n\u00e4ist\u00e4 on Siionin viisaiden p\u00f6yt\u00e4kirjat (<em>The Protocols of the Elders of Zion<\/em>); teos, jonka v\u00e4itet\u00e4\u00e4n koostuvan 1897 pidetyss\u00e4 siionistien maailmankongressissa laadituista suunnitelmista juutalaisten maailmanvalloituksesta. T\u00e4m\u00e4 ei kuitenkaan pid\u00e4 paikkaansa, vaan kirjoitelma on kerta toisensa j\u00e4lkeen osoitettu ven\u00e4l\u00e4iskirjailijan 1905 kirjoittamaksi v\u00e4\u00e4renn\u00f6kseksi. T\u00e4st\u00e4 huolimatta vahinko oli jo syntynyt ja ep\u00e4ilys juutalaisia kohtaan vain vahvistui.<\/p>\n\n\n\n<p class=\"has-medium-font-size\">Toinen on se, ett\u00e4 juutalaiset ovat perinteisesti toimineet mm. pankkialalla. T\u00e4m\u00e4n syy on puolestaan se, ett\u00e4 niin kristittyjen kuin muslimien alla heihin kohdistui iso joukko rajoituksia, jotka koskivat mm. sit\u00e4, miss\u00e4 ammateissa heid\u00e4n annettiin toimia. Koska em. kaksi uskontoa eiv\u00e4t sallineet koron ottamista, oli rahanlainaus ja siit\u00e4 kehittynyt pankkitoiminta niit\u00e4 harvoja ammatteja, joihin juutalaisten katsottiin kelpaavan.<\/p>\n\n\n\n<p class=\"has-medium-font-size\">Mietip\u00e4 vaikka itse: mik\u00e4li juutalaiset todella kontrolloisivat mediaa\u2026 niin eiv\u00e4tk\u00f6 he siin\u00e4 tapauksessa pit\u00e4isi huolen siit\u00e4, ett\u00e4 heist\u00e4 ei kirjoitettaisi mit\u00e4\u00e4n ep\u00e4edullista? Eik\u00f6 maailmassa ja mediassa olisi siin\u00e4 tapauksessa huomattavasti v\u00e4hemm\u00e4n antisemitistist\u00e4 retoriikkaa?<\/p>\n\n\n\n<p class=\"has-medium-font-size\">Kun otetaan huomioon, ett\u00e4 juutalaisia tosiaan on koko maailman v\u00e4est\u00f6st\u00e4 vain alle 0.2 prosenttia\u2026 niin miten sen lopun 99.8 prosentin hallitseminen olisi edes mahdollista?<\/p>\n\n\n\n<figure class=\"wp-block-image size-full\"><img loading=\"lazy\" decoding=\"async\" width=\"600\" height=\"10\" src=\"http:\/\/suomenreformijuutalaiset.org\/new\/wp-content\/uploads\/2025\/10\/valirivi.jpg\" alt=\"\" class=\"wp-image-272\" srcset=\"https:\/\/suomenreformijuutalaiset.org\/new\/wp-content\/uploads\/2025\/10\/valirivi.jpg 600w, https:\/\/suomenreformijuutalaiset.org\/new\/wp-content\/uploads\/2025\/10\/valirivi-300x5.jpg 300w\" sizes=\"auto, (max-width: 600px) 100vw, 600px\" \/><\/figure>\n\n\n<div class=\"wp-block-image\">\n<figure class=\"aligncenter size-full\"><img loading=\"lazy\" decoding=\"async\" width=\"800\" height=\"533\" src=\"http:\/\/suomenreformijuutalaiset.org\/new\/wp-content\/uploads\/2025\/10\/levi-meir-clancy-A0P0Pj7S0uU-unsplash.jpg\" alt=\"\" class=\"wp-image-440\" srcset=\"https:\/\/suomenreformijuutalaiset.org\/new\/wp-content\/uploads\/2025\/10\/levi-meir-clancy-A0P0Pj7S0uU-unsplash.jpg 800w, https:\/\/suomenreformijuutalaiset.org\/new\/wp-content\/uploads\/2025\/10\/levi-meir-clancy-A0P0Pj7S0uU-unsplash-300x200.jpg 300w, https:\/\/suomenreformijuutalaiset.org\/new\/wp-content\/uploads\/2025\/10\/levi-meir-clancy-A0P0Pj7S0uU-unsplash-768x512.jpg 768w, https:\/\/suomenreformijuutalaiset.org\/new\/wp-content\/uploads\/2025\/10\/levi-meir-clancy-A0P0Pj7S0uU-unsplash-700x466.jpg 700w\" sizes=\"auto, (max-width: 800px) 100vw, 800px\" \/><figcaption class=\"wp-element-caption\"><em>Viime vuosina antisemitismi on kasvanut huolestuttaviin mittasuhteisiin, ja vaikuttaa juutalaisten el\u00e4m\u00e4\u00e4n Euroopassakin.<\/em><\/figcaption><\/figure>\n<\/div>","protected":false},"excerpt":{"rendered":"<p>Juutalaisuudesta ja juutalaisista kuule usein levitett\u00e4v\u00e4n mit\u00e4 mielikuvituksellisempia v\u00e4itteit\u00e4.&nbsp; Jos omaan tuttavapiiriin ei kuulu ainoatakaan juutalaista eik\u00e4 uskontoa sen kummemmin tunne, on helppo haksahtaa uskomaan n\u00e4ihin. Olemme koonneet sivuillemme kattavasti tietoa juutalaisesta uskonnosta, kulttuurista ja el\u00e4m\u00e4st\u00e4. Sen lis\u00e4ksi l\u00f6yd\u00e4t alta kokoelman usein kysyttyj\u00e4 kysymyksi\u00e4. Toivottavasti n\u00e4m\u00e4 yhdess\u00e4 auttavat lis\u00e4\u00e4m\u00e4\u00e4n ymm\u00e4rryst\u00e4 ja siten v\u00e4hent\u00e4m\u00e4\u00e4n ennakkoluuloja. Onko [&hellip;]<\/p>\n","protected":false},"author":1,"featured_media":0,"parent":54,"menu_order":5,"comment_status":"closed","ping_status":"closed","template":"","meta":{"footnotes":""},"class_list":["post-197","page","type-page","status-publish","hentry"],"_links":{"self":[{"href":"https:\/\/suomenreformijuutalaiset.org\/new\/wp-json\/wp\/v2\/pages\/197","targetHints":{"allow":["GET"]}}],"collection":[{"href":"https:\/\/suomenreformijuutalaiset.org\/new\/wp-json\/wp\/v2\/pages"}],"about":[{"href":"https:\/\/suomenreformijuutalaiset.org\/new\/wp-json\/wp\/v2\/types\/page"}],"author":[{"embeddable":true,"href":"https:\/\/suomenreformijuutalaiset.org\/new\/wp-json\/wp\/v2\/users\/1"}],"replies":[{"embeddable":true,"href":"https:\/\/suomenreformijuutalaiset.org\/new\/wp-json\/wp\/v2\/comments?post=197"}],"version-history":[{"count":9,"href":"https:\/\/suomenreformijuutalaiset.org\/new\/wp-json\/wp\/v2\/pages\/197\/revisions"}],"predecessor-version":[{"id":559,"href":"https:\/\/suomenreformijuutalaiset.org\/new\/wp-json\/wp\/v2\/pages\/197\/revisions\/559"}],"up":[{"embeddable":true,"href":"https:\/\/suomenreformijuutalaiset.org\/new\/wp-json\/wp\/v2\/pages\/54"}],"wp:attachment":[{"href":"https:\/\/suomenreformijuutalaiset.org\/new\/wp-json\/wp\/v2\/media?parent=197"}],"curies":[{"name":"wp","href":"https:\/\/api.w.org\/{rel}","templated":true}]}}