{"id":70,"date":"2025-06-19T09:04:28","date_gmt":"2025-06-19T06:04:28","guid":{"rendered":"http:\/\/suomenreformijuutalaiset.org\/new\/?page_id=70"},"modified":"2025-10-28T00:04:31","modified_gmt":"2025-10-27T22:04:31","slug":"mita-me-teemme","status":"publish","type":"page","link":"https:\/\/suomenreformijuutalaiset.org\/new\/or-hatzafon\/mita-me-teemme\/","title":{"rendered":"Mit\u00e4 me teemme"},"content":{"rendered":"\n<p class=\"has-medium-font-size\">Or Ha-Tzafon on nuoresta i\u00e4st\u00e4\u00e4n ja rajallisista resursseistaan aktiivisesti toimiva reformijuutalaisseurakunta, jossa on tilaa eri uskonnollisuuden asteille. Mukaan tulleet ihmiset kuvailevat meit\u00e4 l\u00e4mminhenkiseksi yhteis\u00f6ksi, jossa kokee saman tien olevansa tervetullut.<\/p>\n\n\n\n<p class=\"has-medium-font-size\">Toimintaan ja\/tai j\u00e4seniksi ovat tervetulleita kaikki syntyper\u00e4lt\u00e4\u00e4n juutalaiset tai reformiliikkeen tunnustaman k\u00e4\u00e4ntymisen l\u00e4pik\u00e4yneet juutalaiset, sellaiseen k\u00e4\u00e4ntym\u00e4ss\u00e4 olevat tai k\u00e4\u00e4ntymisest\u00e4 vakavissaan kiinnostuneet.<\/p>\n\n\n\n<p class=\"has-medium-font-size\">Edellyt\u00e4mme kaikkien toimintaan mukaan tulevien olevan sitoutuneita yhdenvertaisuuden, sukupuolten tasa-arvon, LGBTQIA+-oikeuksien ja turvallisen tilan mukaisiin periaatteisiin.<\/p>\n\n\n\n<figure class=\"wp-block-image size-full\"><img loading=\"lazy\" decoding=\"async\" width=\"600\" height=\"10\" src=\"http:\/\/suomenreformijuutalaiset.org\/new\/wp-content\/uploads\/2025\/10\/valirivi.jpg\" alt=\"\" class=\"wp-image-272\" srcset=\"https:\/\/suomenreformijuutalaiset.org\/new\/wp-content\/uploads\/2025\/10\/valirivi.jpg 600w, https:\/\/suomenreformijuutalaiset.org\/new\/wp-content\/uploads\/2025\/10\/valirivi-300x5.jpg 300w\" sizes=\"auto, (max-width: 600px) 100vw, 600px\" \/><\/figure>\n\n\n<div class=\"wp-block-image\">\n<figure class=\"aligncenter size-full\"><img loading=\"lazy\" decoding=\"async\" width=\"800\" height=\"571\" src=\"http:\/\/suomenreformijuutalaiset.org\/new\/wp-content\/uploads\/2025\/10\/20241002_165422161_iOS.jpg\" alt=\"\" class=\"wp-image-452\" srcset=\"https:\/\/suomenreformijuutalaiset.org\/new\/wp-content\/uploads\/2025\/10\/20241002_165422161_iOS.jpg 800w, https:\/\/suomenreformijuutalaiset.org\/new\/wp-content\/uploads\/2025\/10\/20241002_165422161_iOS-300x214.jpg 300w, https:\/\/suomenreformijuutalaiset.org\/new\/wp-content\/uploads\/2025\/10\/20241002_165422161_iOS-768x548.jpg 768w, https:\/\/suomenreformijuutalaiset.org\/new\/wp-content\/uploads\/2025\/10\/20241002_165422161_iOS-700x500.jpg 700w\" sizes=\"auto, (max-width: 800px) 100vw, 800px\" \/><figcaption class=\"wp-element-caption\">Or HaTzafon on kaikkia yhdenvertaisesti kohteleva, kaikille avoin yhteis\u00f6.<\/figcaption><\/figure>\n<\/div>\n\n\n<figure class=\"wp-block-image size-full\"><img loading=\"lazy\" decoding=\"async\" width=\"600\" height=\"10\" src=\"http:\/\/suomenreformijuutalaiset.org\/new\/wp-content\/uploads\/2025\/10\/valirivi.jpg\" alt=\"\" class=\"wp-image-272\" srcset=\"https:\/\/suomenreformijuutalaiset.org\/new\/wp-content\/uploads\/2025\/10\/valirivi.jpg 600w, https:\/\/suomenreformijuutalaiset.org\/new\/wp-content\/uploads\/2025\/10\/valirivi-300x5.jpg 300w\" sizes=\"auto, (max-width: 600px) 100vw, 600px\" \/><\/figure>\n\n\n\n<h4 class=\"wp-block-heading\"><strong>Sapatti<\/strong><\/h4>\n\n\n\n<p class=\"has-medium-font-size\">J\u00e4senm\u00e4\u00e4r\u00e4n kasvaessa ja seurakunnan vakiinnuttaessa asemaansa toimintamme kasvaa ja kehittyy. T\u00e4ll\u00e4 hetkell\u00e4 kokoonnumme muutaman viikon v\u00e4lein yhteen sapatin tervetulleeksi toivottavaan <em>kabbalat shabbat-<\/em> palvelukseen ja sit\u00e4 seuraavalle yhteis\u00f6lliselle sapatti-illan aterialle. Oman synagogan tai rukoushuoneen puuttumisesta johtuen n\u00e4m\u00e4 pidet\u00e4\u00e4n j\u00e4sentemme kautta j\u00e4rjestyviss\u00e4 tiloissa. Lis\u00e4tietoa saat halutessasi <a href=\"mailto:progressivejudaismfinland@gmail.com\">progressivejudaismfinland@gmail.com<\/a>.<\/p>\n\n\n\n<p class=\"has-medium-font-size\">V\u00e4liviikkoina kannustamme j\u00e4seni\u00e4mme kokoontumaan sapatinviettoon kodeissaan, niit\u00e4 vuoron per\u00e4\u00e4n is\u00e4nn\u00f6iden. Toiveissa on my\u00f6s sapattiaamun palveluksen sek\u00e4 <em>havdala<\/em>-seremonian lis\u00e4\u00e4minen kalenteriimme.<\/p>\n\n\n\n<figure class=\"wp-block-image size-full\"><img loading=\"lazy\" decoding=\"async\" width=\"600\" height=\"10\" src=\"http:\/\/suomenreformijuutalaiset.org\/new\/wp-content\/uploads\/2025\/10\/valirivi.jpg\" alt=\"\" class=\"wp-image-272\" srcset=\"https:\/\/suomenreformijuutalaiset.org\/new\/wp-content\/uploads\/2025\/10\/valirivi.jpg 600w, https:\/\/suomenreformijuutalaiset.org\/new\/wp-content\/uploads\/2025\/10\/valirivi-300x5.jpg 300w\" sizes=\"auto, (max-width: 600px) 100vw, 600px\" \/><\/figure>\n\n\n\n<h4 class=\"wp-block-heading\"><strong>Juhlapyh\u00e4t<\/strong><\/h4>\n\n\n\n<p class=\"has-medium-font-size\">Kokoonnumme mahdollisuuksien mukaan yhteen my\u00f6s viett\u00e4m\u00e4\u00e4n eri juutalaisia juhlapyhi\u00e4 (juutalaisten juhlapyhien kalenterin l\u00f6yd\u00e4t <strong><a href=\"http:\/\/hebcal.com\" data-type=\"link\" data-id=\"hebcal.com\">t\u00e4\u00e4lt\u00e4<\/a><\/strong>.<\/p>\n\n\n\n<p class=\"has-medium-font-size\">My\u00f6s n\u00e4it\u00e4 vietet\u00e4\u00e4n seurakunnan j\u00e4senten j\u00e4rjest\u00e4miss\u00e4 paikoissa.<\/p>\n\n\n\n<p class=\"has-medium-font-size\">Tarjoamme sit\u00e4 tarvitseville my\u00f6s opetusta bar\/ bat mitzvaan valmistaututumista varten.<\/p>\n\n\n\n<figure class=\"wp-block-image size-full\"><img loading=\"lazy\" decoding=\"async\" width=\"600\" height=\"10\" src=\"http:\/\/suomenreformijuutalaiset.org\/new\/wp-content\/uploads\/2025\/10\/valirivi.jpg\" alt=\"\" class=\"wp-image-272\" srcset=\"https:\/\/suomenreformijuutalaiset.org\/new\/wp-content\/uploads\/2025\/10\/valirivi.jpg 600w, https:\/\/suomenreformijuutalaiset.org\/new\/wp-content\/uploads\/2025\/10\/valirivi-300x5.jpg 300w\" sizes=\"auto, (max-width: 600px) 100vw, 600px\" \/><\/figure>\n\n\n<div class=\"wp-block-image\">\n<figure class=\"aligncenter size-full\"><img loading=\"lazy\" decoding=\"async\" width=\"800\" height=\"580\" src=\"http:\/\/suomenreformijuutalaiset.org\/new\/wp-content\/uploads\/2025\/10\/pesachin-viettoa-1024x742-1.jpg\" alt=\"\" class=\"wp-image-455\" srcset=\"https:\/\/suomenreformijuutalaiset.org\/new\/wp-content\/uploads\/2025\/10\/pesachin-viettoa-1024x742-1.jpg 800w, https:\/\/suomenreformijuutalaiset.org\/new\/wp-content\/uploads\/2025\/10\/pesachin-viettoa-1024x742-1-300x218.jpg 300w, https:\/\/suomenreformijuutalaiset.org\/new\/wp-content\/uploads\/2025\/10\/pesachin-viettoa-1024x742-1-768x557.jpg 768w, https:\/\/suomenreformijuutalaiset.org\/new\/wp-content\/uploads\/2025\/10\/pesachin-viettoa-1024x742-1-700x508.jpg 700w\" sizes=\"auto, (max-width: 800px) 100vw, 800px\" \/><figcaption class=\"wp-element-caption\"><em>Pesachin viettoa kev\u00e4\u00e4ll\u00e4 2024.<\/em><\/figcaption><\/figure>\n<\/div>\n\n\n<figure class=\"wp-block-image size-full\"><img loading=\"lazy\" decoding=\"async\" width=\"600\" height=\"10\" src=\"http:\/\/suomenreformijuutalaiset.org\/new\/wp-content\/uploads\/2025\/10\/valirivi.jpg\" alt=\"\" class=\"wp-image-272\" srcset=\"https:\/\/suomenreformijuutalaiset.org\/new\/wp-content\/uploads\/2025\/10\/valirivi.jpg 600w, https:\/\/suomenreformijuutalaiset.org\/new\/wp-content\/uploads\/2025\/10\/valirivi-300x5.jpg 300w\" sizes=\"auto, (max-width: 600px) 100vw, 600px\" \/><\/figure>\n\n\n\n<h4 class=\"wp-block-heading\"><strong>Giyur<\/strong><\/h4>\n\n\n\n<p class=\"has-medium-font-size\">Seurakuntamme kautta k\u00e4\u00e4ntyv\u00e4t kokoontuvat kurssitapaamisiinsa viikoittain. T\u00e4ll\u00e4 hetkell\u00e4 k\u00e4ynniss\u00e4 oleva kurssi on alkanut kes\u00e4ll\u00e4 2025, ja se suoritetaan seurakuntamme Jerusalemissa asuvan rabbin johdolla.<\/p>\n\n\n\n<p class=\"has-medium-font-size\">Lis\u00e4ksi toiminnassamme on mukana muilla, esimerkiksi K\u00f6\u00f6penhaminassa sijaitsevan sisarseurakuntamme, k\u00e4\u00e4ntymiskursseilla olevia henkil\u00f6it\u00e4.<\/p>\n\n\n\n<figure class=\"wp-block-image size-full\"><img loading=\"lazy\" decoding=\"async\" width=\"600\" height=\"10\" src=\"http:\/\/suomenreformijuutalaiset.org\/new\/wp-content\/uploads\/2025\/10\/valirivi.jpg\" alt=\"\" class=\"wp-image-272\" srcset=\"https:\/\/suomenreformijuutalaiset.org\/new\/wp-content\/uploads\/2025\/10\/valirivi.jpg 600w, https:\/\/suomenreformijuutalaiset.org\/new\/wp-content\/uploads\/2025\/10\/valirivi-300x5.jpg 300w\" sizes=\"auto, (max-width: 600px) 100vw, 600px\" \/><\/figure>\n\n\n\n<h4 class=\"wp-block-heading\"><strong>Beit Midrash<\/strong><\/h4>\n\n\n\n<p class=\"has-medium-font-size\">Sunnuntai-iltap\u00e4ivisin meill\u00e4 on <em>Beit Midrash<\/em>, johon voi osallistua paikan p\u00e4\u00e4ll\u00e4 (paikka sovitaan aina erikseen) tai virtuaalisesti zoomin v\u00e4lityksell\u00e4. Kokoontumisissa keskustellaan kuluneen viikon <em>parashasta<\/em> ja syvennet\u00e4\u00e4n n\u00e4in ymm\u00e4rryst\u00e4 lukemastamme ja sen tarkoituksesta niin uskontomme historiassa kuin nykyisyydess\u00e4 sek\u00e4 merkityksest\u00e4 omassa el\u00e4m\u00e4ss\u00e4mme.<\/p>\n\n\n\n<figure class=\"wp-block-image size-full\"><img loading=\"lazy\" decoding=\"async\" width=\"600\" height=\"10\" src=\"http:\/\/suomenreformijuutalaiset.org\/new\/wp-content\/uploads\/2025\/10\/valirivi.jpg\" alt=\"\" class=\"wp-image-272\" srcset=\"https:\/\/suomenreformijuutalaiset.org\/new\/wp-content\/uploads\/2025\/10\/valirivi.jpg 600w, https:\/\/suomenreformijuutalaiset.org\/new\/wp-content\/uploads\/2025\/10\/valirivi-300x5.jpg 300w\" sizes=\"auto, (max-width: 600px) 100vw, 600px\" \/><\/figure>\n\n\n<div class=\"wp-block-image\">\n<figure class=\"aligncenter size-full\"><img loading=\"lazy\" decoding=\"async\" width=\"800\" height=\"447\" src=\"http:\/\/suomenreformijuutalaiset.org\/new\/wp-content\/uploads\/2025\/10\/20250420_111649000_iOS.jpg\" alt=\"\" class=\"wp-image-449\" srcset=\"https:\/\/suomenreformijuutalaiset.org\/new\/wp-content\/uploads\/2025\/10\/20250420_111649000_iOS.jpg 800w, https:\/\/suomenreformijuutalaiset.org\/new\/wp-content\/uploads\/2025\/10\/20250420_111649000_iOS-300x168.jpg 300w, https:\/\/suomenreformijuutalaiset.org\/new\/wp-content\/uploads\/2025\/10\/20250420_111649000_iOS-768x429.jpg 768w, https:\/\/suomenreformijuutalaiset.org\/new\/wp-content\/uploads\/2025\/10\/20250420_111649000_iOS-700x391.jpg 700w\" sizes=\"auto, (max-width: 800px) 100vw, 800px\" \/><figcaption class=\"wp-element-caption\"><em>Seurakunnassamme on vietetty mm. bar ja bat mitzva-seremonioita, jotka ovat suuria juhlap\u00e4ivi\u00e4 ihan koko yhteis\u00f6lle.<\/em><\/figcaption><\/figure>\n<\/div>\n\n\n<figure class=\"wp-block-image size-full\"><img loading=\"lazy\" decoding=\"async\" width=\"600\" height=\"10\" src=\"http:\/\/suomenreformijuutalaiset.org\/new\/wp-content\/uploads\/2025\/10\/valirivi.jpg\" alt=\"\" class=\"wp-image-272\" srcset=\"https:\/\/suomenreformijuutalaiset.org\/new\/wp-content\/uploads\/2025\/10\/valirivi.jpg 600w, https:\/\/suomenreformijuutalaiset.org\/new\/wp-content\/uploads\/2025\/10\/valirivi-300x5.jpg 300w\" sizes=\"auto, (max-width: 600px) 100vw, 600px\" \/><\/figure>\n\n\n\n<h4 class=\"wp-block-heading\"><strong>Siddur<\/strong><\/h4>\n\n\n\n<p class=\"has-medium-font-size\">Suomen reformijuutalaisilla ei toistaiseksi ole omaa suomenkielist\u00e4 sidduria eli eri p\u00e4ivitt\u00e4isiss\u00e4 ja viikottaisissa palveluksissa ja rukouksissa k\u00e4ytett\u00e4v\u00e4\u00e4 rukouskirjaa. Sellaisen k\u00e4\u00e4nt\u00e4minen on kuitenkin ty\u00f6n alla ja seurakunnassa kokoontuu ty\u00f6ryhm\u00e4, joka t\u00e4t\u00e4 valmistelee.<\/p>\n\n\n\n<figure class=\"wp-block-image size-full\"><img loading=\"lazy\" decoding=\"async\" width=\"600\" height=\"10\" src=\"http:\/\/suomenreformijuutalaiset.org\/new\/wp-content\/uploads\/2025\/10\/valirivi.jpg\" alt=\"\" class=\"wp-image-272\" srcset=\"https:\/\/suomenreformijuutalaiset.org\/new\/wp-content\/uploads\/2025\/10\/valirivi.jpg 600w, https:\/\/suomenreformijuutalaiset.org\/new\/wp-content\/uploads\/2025\/10\/valirivi-300x5.jpg 300w\" sizes=\"auto, (max-width: 600px) 100vw, 600px\" \/><\/figure>\n\n\n\n<h4 class=\"wp-block-heading\"><strong>Lukupiiri<\/strong><\/h4>\n\n\n\n<p class=\"has-medium-font-size\">Kev\u00e4\u00e4st\u00e4 2024 seurakunnallamme on ollut my\u00f6s lukupiiri, jossa luetaan juutalaisuutta \/ juutalaisia teemoja k\u00e4sittelev\u00e4\u00e4 kirjallisuutta. Kirjat valitaan yhdess\u00e4 niin, ett\u00e4 joka toinen kirja on tietokirjallisuutta ja joka toinen fiktiota. J\u00e4senist\u00f6mme kansainv\u00e4lisyyden vuoksi valitut kirjat ovat englanninkielisi\u00e4, eik\u00e4 niist\u00e4 yleens\u00e4 ole saatavilla suomenkielisi\u00e4 k\u00e4\u00e4nn\u00f6ksi\u00e4.<\/p>\n\n\n\n<p class=\"has-medium-font-size\">T\u00e4h\u00e4n menness\u00e4 l\u00e4pik\u00e4ymi\u00e4mme kirjoja ovat:<\/p>\n\n\n\n<p class=\"has-medium-font-size\"><em>Sacha Lamb: When Angels Left The Old Country<\/em><\/p>\n\n\n\n<p class=\"has-medium-font-size\"><em>Dara Horn: People Love Dead Jews<\/em><\/p>\n\n\n\n<p class=\"has-medium-font-size\"><em>Etgar Keret: Fly Already<\/em><\/p>\n\n\n\n<p class=\"has-medium-font-size\"><em>Judith Plaskow: Standing Again At Sinai &#8211; Judaism from a Feminist Perspective<\/em><\/p>\n\n\n\n<p class=\"has-medium-font-size\"><em>Naomi Novik: Spinning Silver<\/em><\/p>\n\n\n\n<p class=\"has-medium-font-size\"><em>Steven Greenberg: Wrestling with God and Men: Homosexuality in the Jewish Tradition&nbsp;<\/em><\/p>\n\n\n\n<p class=\"has-medium-font-size\"><em>Christopher Isherwood: Goodbye to Berlin<\/em><\/p>\n\n\n\n<p class=\"has-medium-font-size\"><em>David Baddiel: Jews Don&#8217;t Count<\/em><\/p>\n\n\n\n<p class=\"has-medium-font-size\"><em>Meir Shalev: Esau<\/em><\/p>\n\n\n\n<p class=\"has-medium-font-size\"><em>Jonathan Sacks: The Great Partnership. God, Science, and the Search for Meaning<\/em><\/p>\n\n\n\n<figure class=\"wp-block-image size-full\"><img loading=\"lazy\" decoding=\"async\" width=\"600\" height=\"10\" src=\"http:\/\/suomenreformijuutalaiset.org\/new\/wp-content\/uploads\/2025\/10\/valirivi.jpg\" alt=\"\" class=\"wp-image-272\" srcset=\"https:\/\/suomenreformijuutalaiset.org\/new\/wp-content\/uploads\/2025\/10\/valirivi.jpg 600w, https:\/\/suomenreformijuutalaiset.org\/new\/wp-content\/uploads\/2025\/10\/valirivi-300x5.jpg 300w\" sizes=\"auto, (max-width: 600px) 100vw, 600px\" \/><\/figure>\n\n\n<div class=\"wp-block-image\">\n<figure class=\"aligncenter size-full\"><img loading=\"lazy\" decoding=\"async\" width=\"800\" height=\"534\" src=\"http:\/\/suomenreformijuutalaiset.org\/new\/wp-content\/uploads\/2025\/10\/book-club.jpg\" alt=\"\" class=\"wp-image-458\" srcset=\"https:\/\/suomenreformijuutalaiset.org\/new\/wp-content\/uploads\/2025\/10\/book-club.jpg 800w, https:\/\/suomenreformijuutalaiset.org\/new\/wp-content\/uploads\/2025\/10\/book-club-300x200.jpg 300w, https:\/\/suomenreformijuutalaiset.org\/new\/wp-content\/uploads\/2025\/10\/book-club-768x513.jpg 768w, https:\/\/suomenreformijuutalaiset.org\/new\/wp-content\/uploads\/2025\/10\/book-club-700x467.jpg 700w\" sizes=\"auto, (max-width: 800px) 100vw, 800px\" \/><figcaption class=\"wp-element-caption\"><em>Lukupiiriss\u00e4mme k\u00e4yd\u00e4\u00e4n l\u00e4pi niin fiktiota kuin tietokirjallisuutta.<\/em><\/figcaption><\/figure>\n<\/div>","protected":false},"excerpt":{"rendered":"<p>Or Ha-Tzafon on nuoresta i\u00e4st\u00e4\u00e4n ja rajallisista resursseistaan aktiivisesti toimiva reformijuutalaisseurakunta, jossa on tilaa eri uskonnollisuuden asteille. Mukaan tulleet ihmiset kuvailevat meit\u00e4 l\u00e4mminhenkiseksi yhteis\u00f6ksi, jossa kokee saman tien olevansa tervetullut. Toimintaan ja\/tai j\u00e4seniksi ovat tervetulleita kaikki syntyper\u00e4lt\u00e4\u00e4n juutalaiset tai reformiliikkeen tunnustaman k\u00e4\u00e4ntymisen l\u00e4pik\u00e4yneet juutalaiset, sellaiseen k\u00e4\u00e4ntym\u00e4ss\u00e4 olevat tai k\u00e4\u00e4ntymisest\u00e4 vakavissaan kiinnostuneet. Edellyt\u00e4mme kaikkien toimintaan mukaan [&hellip;]<\/p>\n","protected":false},"author":1,"featured_media":0,"parent":46,"menu_order":1,"comment_status":"closed","ping_status":"closed","template":"","meta":{"footnotes":""},"class_list":["post-70","page","type-page","status-publish","hentry"],"_links":{"self":[{"href":"https:\/\/suomenreformijuutalaiset.org\/new\/wp-json\/wp\/v2\/pages\/70","targetHints":{"allow":["GET"]}}],"collection":[{"href":"https:\/\/suomenreformijuutalaiset.org\/new\/wp-json\/wp\/v2\/pages"}],"about":[{"href":"https:\/\/suomenreformijuutalaiset.org\/new\/wp-json\/wp\/v2\/types\/page"}],"author":[{"embeddable":true,"href":"https:\/\/suomenreformijuutalaiset.org\/new\/wp-json\/wp\/v2\/users\/1"}],"replies":[{"embeddable":true,"href":"https:\/\/suomenreformijuutalaiset.org\/new\/wp-json\/wp\/v2\/comments?post=70"}],"version-history":[{"count":23,"href":"https:\/\/suomenreformijuutalaiset.org\/new\/wp-json\/wp\/v2\/pages\/70\/revisions"}],"predecessor-version":[{"id":473,"href":"https:\/\/suomenreformijuutalaiset.org\/new\/wp-json\/wp\/v2\/pages\/70\/revisions\/473"}],"up":[{"embeddable":true,"href":"https:\/\/suomenreformijuutalaiset.org\/new\/wp-json\/wp\/v2\/pages\/46"}],"wp:attachment":[{"href":"https:\/\/suomenreformijuutalaiset.org\/new\/wp-json\/wp\/v2\/media?parent=70"}],"curies":[{"name":"wp","href":"https:\/\/api.w.org\/{rel}","templated":true}]}}